{"id":1221,"date":"2020-04-23T07:50:28","date_gmt":"2020-04-23T04:50:28","guid":{"rendered":"http:\/\/kari.directmedia.ee\/products\/"},"modified":"2025-09-10T14:05:38","modified_gmt":"2025-09-10T11:05:38","slug":"produkte","status":"publish","type":"page","link":"https:\/\/kari.fi\/de\/produkte\/","title":{"rendered":"Produkte"},"content":{"rendered":"<h2>Seit mehr als 50 Jahren ein zuverl\u00e4ssiger Partner f\u00fcr F\u00fcllstands\u00fcberwachung und -regelung<\/h2>\n<p><img decoding=\"async\" src=\"\/wp-content\/uploads\/2020\/05\/tuotteet_01.jpg\"><br \/>\n<span style=\"float: right; padding-top: 25px;\"><iframe loading=\"lazy\" width=\"400\" height=\"220\" src=\"https:\/\/www.youtube.com\/embed\/jnsMrZ9mO6o\" frameborder=\"0\" allow=\"accelerometer; autoplay; encrypted-media; gyroscope; picture-in-picture\" allowfullscreen=\"\"><\/iframe><\/span><br \/>\n<b>Kari-Finn Oy entwickelt und fertigt KARI-Schwimmerschalter zur F\u00fcllstandserfassung und -regelung von Fl\u00fcssigkeiten in Gruben, Pumpstationen und Tanks sowie Abw\u00e4ssern, Industriefl\u00fcssigkeiten und Fl\u00fcssigkeiten mit unterschiedlicher Viskosit\u00e4t.<\/b><\/p>\n<p>Alternativ zu Schwimmerschaltern bieten wir Elektrodenschalter, die oben und unten als Grenzstandalarm sowie in Pumpen in Verbindung mit diversen KARI-Sensoren zur Bestimmung des gew\u00fcnschten Start- und Stoppniveaus eingesetzt werden.<\/p>\n<p>Der Siloschalter KARI MS dient als oberer F\u00fcllstandsmelder in Silos, in denen Sch\u00fcttgut eingelagert wird, beispielsweise k\u00f6rnerf\u00f6rmige Stoffe oder Kies.<\/p>\n<p>Mit KARI Exi-Relais versehene Schalter k\u00f6nnen auch in explosionsgef\u00e4hrdeten Bereichen, wie \u00d6ltanks, eingesetzt werden (ATEX).<\/p>\n<p>Das KARI-Sortiment umfasst dar\u00fcber hinaus Alarmeinrichtungen, Pumpenstarter und Steckverbindungen sowie Thermosicherungen zur \u00dcberwachung von \u00d6lbrennern.<\/p>\n","protected":false},"excerpt":{"rendered":"<p>Seit mehr als 50 Jahren ein zuverl\u00e4ssiger Partner f\u00fcr F\u00fcllstands\u00fcberwachung und -regelung Kari-Finn Oy entwickelt und fertigt KARI-Schwimmerschalter zur F\u00fcllstandserfassung und -regelung von Fl\u00fcssigkeiten in Gruben,<span class=\"excerpt-hellip\"> [\u2026]<\/span><\/p>\n","protected":false},"author":1,"featured_media":0,"parent":0,"menu_order":0,"comment_status":"closed","ping_status":"closed","template":"","meta":{"footnotes":""},"class_list":["post-1221","page","type-page","status-publish","hentry"],"aioseo_notices":[],"_links":{"self":[{"href":"https:\/\/kari.fi\/de\/wp-json\/wp\/v2\/pages\/1221","targetHints":{"allow":["GET"]}}],"collection":[{"href":"https:\/\/kari.fi\/de\/wp-json\/wp\/v2\/pages"}],"about":[{"href":"https:\/\/kari.fi\/de\/wp-json\/wp\/v2\/types\/page"}],"author":[{"embeddable":true,"href":"https:\/\/kari.fi\/de\/wp-json\/wp\/v2\/users\/1"}],"replies":[{"embeddable":true,"href":"https:\/\/kari.fi\/de\/wp-json\/wp\/v2\/comments?post=1221"}],"version-history":[{"count":1,"href":"https:\/\/kari.fi\/de\/wp-json\/wp\/v2\/pages\/1221\/revisions"}],"predecessor-version":[{"id":1222,"href":"https:\/\/kari.fi\/de\/wp-json\/wp\/v2\/pages\/1221\/revisions\/1222"}],"wp:attachment":[{"href":"https:\/\/kari.fi\/de\/wp-json\/wp\/v2\/media?parent=1221"}],"curies":[{"name":"wp","href":"https:\/\/api.w.org\/{rel}","templated":true}]}}