{"id":1342,"date":"2020-05-08T16:34:25","date_gmt":"2020-05-08T13:34:25","guid":{"rendered":"http:\/\/kari.directmedia.ee\/products\/kari-ms-siloschalter\/"},"modified":"2021-02-15T10:41:20","modified_gmt":"2021-02-15T08:41:20","slug":"kari-ms-siloschalter","status":"publish","type":"product","link":"https:\/\/kari.fi\/de\/produkte\/kari-ms-siloschalter\/","title":{"rendered":"KARI MS siloschalter"},"content":{"rendered":"<h3>Oberer F\u00fcllstandsmelder f\u00fcr Sch\u00fcttgut<\/h3>\n<p><strong>F\u00fcr die obere F\u00fcllstands\u00fcberwachung von Sch\u00fcttgut<\/strong><\/p>\n<p>Der Siloschalter KARI MS dient als oberer F\u00fcllstandsmelder in Silos, in denen Sch\u00fcttgut eingelagert wird, beispielsweise k\u00f6rnerf\u00f6rmige Stoffe oder Kies. Die Funktion basiert auf der Neigung des Schwimmk\u00f6rpers. Erreicht das im Silo dosiert eingef\u00fcllte Sch\u00fcttgut den Schwimmk\u00f6rper und kippt diesen in einen Winkel von etwa 25\u00b0, wird der im Schwimmk\u00f6rper eingebaute Schalter aktiviert, wodurch ein oberer Grenzstandalarm ausgegeben wird.<\/p>\n<h3>Signale aus jeder Neigungsrichtung<\/h3>\n<p>KARI MS besteht aus einem Kabel und einer Schalteinheit, die sich in dem dicht gebauten Schwimmk\u00f6rper befindet. Der Schalter wird am Kabel freih\u00e4ngend nahe der Dosier\u00f6ffnung des Silos installiert. Erreicht das im Silo dosiert eingef\u00fcllte Sch\u00fcttgut den Schwimmk\u00f6rper und kippt diesen in einen Winkel von etwa 25\u00b0, gibt der Schalter einen oberen Grenzstandalarm aus. Bei der Installation muss die Neigungsrichtung des Schwimmk\u00f6rpers nicht ber\u00fccksichtigt werden, da KARI MS aus jeder Richtung ein Signal abgeben kann.<\/p>\n<h3>Drei Produkttypen<\/h3>\n<p>KARI MS ist mit drei unterschiedlichen Kontaktarten erh\u00e4ltlich, wodurch unabh\u00e4ngig von der Kontaktart des Objekts stets die richtige Schaltung gew\u00e4hrleistet ist. KARI MS 1 hat im Sch\u00fctzt einen Schlie\u00dfer (NO) und KARI MS2 einen \u00d6ffner (NC). KARI MS3 enth\u00e4lt einen Wechselkontakt (CO), dank dessen sich der Schalter f\u00fcr Bereiche eignet, deren Kontaktart unbekannt ist.<\/p>\n<h3>Jeder Schalter wird vor Ingebrauchnahme sorgf\u00e4ltig getestet<\/h3>\n<p>Die Siloschalter KARI MS vereinen gleichm\u00e4\u00dfig hochwertige Qualit\u00e4t mit h\u00f6chster Funktionssicherheit. Jeder Schalter wird vor Auslieferung einem vollst\u00e4ndigen Funktionstest unterzogen.<\/p>\n<p><img decoding=\"async\" style=\"width: 33%; float: left;\" src=\"\/wp-content\/uploads\/2020\/05\/ip67.png\" \/><img decoding=\"async\" style=\"width: 33%; float: left;\" src=\"\/wp-content\/uploads\/2020\/05\/ce_logo.png\" \/><img decoding=\"async\" style=\"width: 33%; float: left;\" src=\"\/wp-content\/uploads\/2020\/05\/fimko_logo.png\" \/><\/p>\n","protected":false},"excerpt":{"rendered":"<p>Der Siloschalter KARI MS dient als oberer F\u00fcllstandsmelder in Silos, in denen Sch\u00fcttgut eingelagert wird, beispielsweise k\u00f6rnerf\u00f6rmige Stoffe oder Kies.\u00a0Die Funktion basiert auf der Neigung des Schwimmk\u00f6rpers.\u00a0Erreicht das im Silo dosiert eingef\u00fcllte Sch\u00fcttgut den Schwimmk\u00f6rper und kippt diesen in einen Winkel von etwa 25\u00b0, wird der im Schwimmk\u00f6rper eingebaute Schalter aktiviert, wodurch ein oberer Grenzstandalarm ausgegeben wird.<\/p>\n","protected":false},"featured_media":865,"comment_status":"closed","ping_status":"closed","template":"","meta":[],"product_brand":[],"product_cat":[62],"product_tag":[],"class_list":{"0":"post-1342","1":"product","2":"type-product","3":"status-publish","4":"has-post-thumbnail","6":"product_cat-schwimmerschalter","8":"first","9":"instock","10":"shipping-taxable","11":"product-type-simple"},"aioseo_notices":[],"_links":{"self":[{"href":"https:\/\/kari.fi\/de\/wp-json\/wp\/v2\/product\/1342","targetHints":{"allow":["GET"]}}],"collection":[{"href":"https:\/\/kari.fi\/de\/wp-json\/wp\/v2\/product"}],"about":[{"href":"https:\/\/kari.fi\/de\/wp-json\/wp\/v2\/types\/product"}],"replies":[{"embeddable":true,"href":"https:\/\/kari.fi\/de\/wp-json\/wp\/v2\/comments?post=1342"}],"wp:featuredmedia":[{"embeddable":true,"href":"https:\/\/kari.fi\/de\/wp-json\/wp\/v2\/media\/865"}],"wp:attachment":[{"href":"https:\/\/kari.fi\/de\/wp-json\/wp\/v2\/media?parent=1342"}],"wp:term":[{"taxonomy":"product_brand","embeddable":true,"href":"https:\/\/kari.fi\/de\/wp-json\/wp\/v2\/product_brand?post=1342"},{"taxonomy":"product_cat","embeddable":true,"href":"https:\/\/kari.fi\/de\/wp-json\/wp\/v2\/product_cat?post=1342"},{"taxonomy":"product_tag","embeddable":true,"href":"https:\/\/kari.fi\/de\/wp-json\/wp\/v2\/product_tag?post=1342"}],"curies":[{"name":"wp","href":"https:\/\/api.w.org\/{rel}","templated":true}]}}