{"id":1352,"date":"2020-05-08T16:13:27","date_gmt":"2020-05-08T13:13:27","guid":{"rendered":"http:\/\/kari.directmedia.ee\/products\/kari-el22-elektrodenschalter\/"},"modified":"2021-02-15T10:08:21","modified_gmt":"2021-02-15T08:08:21","slug":"kari-el22-elektrodenschalter","status":"publish","type":"product","link":"https:\/\/kari.fi\/de\/produkte\/kari-el22-elektrodenschalter\/","title":{"rendered":"KARI EL22 Elektrodenschalter"},"content":{"rendered":"<h3>Vielseitige Niveau\u00fcberwachung von elektrisch leitf\u00e4higen Fl\u00fcssigkeiten<\/h3>\n<p><strong>KARI Sensoren messen auf weniger als einen Zentimeter genau<\/strong><\/p>\n<p>Kari-Finn bietet ausgesprochen pr\u00e4zise Messsensoren f\u00fcr die Niveau\u00fcberwachung und -steuerung von elektrisch leitf\u00e4higen Fl\u00fcssigkeiten. Unser Sensorsortiment bietet optimale L\u00f6sungen f\u00fcr Geb\u00e4udeinnenr\u00e4ume, aber auch f\u00fcr Gruben und Tanks. Alle Sensoren sind mit dem Elektrodenschalter KARI EL22 ausgestattet, der als Zentraleinheit die vielseitige Nutzung des Sensors erm\u00f6glicht. Elektrodenschalter k\u00f6nnen oben und unten als Grenzschalter sowie zur Bestimmung des gew\u00fcnschten Start- und Stoppniveaus eingesetzt werden.<\/p>\n<h3>Zentraleinheit KARI EL22 Elektrodenschalter<\/h3>\n<p>Bei der Sensoren-Zentraleinheit KARI EL22 handelt es sich um eine ausgesprochen pr\u00e4zise, von SGS Fimko zugelassene \u00dcberwachungs- und Steuervorrichtung, mit der die Schaltniveaus der Sensoren auf weniger als einen Zentimeter genau festgelegt werden k\u00f6nnen.<\/p>\n<h3>Einstellbar entsprechend der elektrischen Leitf\u00e4higkeit der Fl\u00fcssigkeit<\/h3>\n<p>Das System zeichnet sich durch einen gro\u00dfen Einstellbereich aus, dank dessen die Empfindlichkeit des Systems entsprechend der elektrischen Leitf\u00e4higkeit der jeweiligen Fl\u00fcssigkeit eingestellt werden kann. Je nach gew\u00e4hltem Sensor eignet sich der KARI EL22 beispielsweise:<\/p>\n<ul>\n<li>zum Verhindern des Trockenlaufs von Bohrlochpumpen<\/li>\n<li>zur Steuerung von Bef\u00fcllungs- und Entleerungspumpen<\/li>\n<li>zur Steuerung von Motor- und Magnetventilen<\/li>\n<li>als oberer und unterer Grenzstandalarm<\/li>\n<li>zur Dosierung<\/li>\n<li>als Wasserw\u00e4chter in Innenr\u00e4umen<\/li>\n<\/ul>\n<h3>Sicher und robust<\/h3>\n<p>Der Schalter arbeitet mit Sicherheits-\/Schutzkleinspannung (SELV\/PELV).<br \/>\nKARI EL22 wird \u00fcber einen kurzschlussfesten Trenntransformator, durch ein Geh\u00e4use gesch\u00fctzt von der Netzspannung entkoppelt. So wird gew\u00e4hrleistet, dass keine Gefahrensituationen entstehen, selbst wenn sich eine Leitung l\u00f6st. Vor der Lieferung wird jede Zentraleinheit KARI EL22 einem vollst\u00e4ndigen Funktionstest unterzogen.<\/p>\n<h3>Zweckspezifische Elektroden<\/h3>\n<p>Typische Sensorschaltungen von KARI EL22 sind in Bohrl\u00f6chern eingesetzte am Anschlusskabel h\u00e4ngend befestigte PEL-Elektroden sowie HIR-Stabelektroden mit Beh\u00e4lterdurchf\u00fchrung.<\/p>\n","protected":false},"excerpt":{"rendered":"<p>Kari-Finn bietet ausgesprochen pr\u00e4zise Messsensoren f\u00fcr die Niveau\u00fcberwachung und -steuerung von elektrisch leitf\u00e4higen Fl\u00fcssigkeiten. Unser Sensorsortiment bietet optimale L\u00f6sungen f\u00fcr Geb\u00e4udeinnenr\u00e4ume, aber auch f\u00fcr Gruben und Tanks. Alle Sensoren sind mit dem Elektrodenschalter KARI EL22 ausgestattet, der als Zentraleinheit die vielseitige Nutzung des Sensors erm\u00f6glicht. Elektrodenschalter k\u00f6nnen oben und unten als Grenzschalter sowie zur Bestimmung des gew\u00fcnschten Start- und Stoppniveaus eingesetzt werden.<\/p>\n","protected":false},"featured_media":846,"comment_status":"closed","ping_status":"closed","template":"","meta":[],"product_brand":[],"product_cat":[62],"product_tag":[],"class_list":{"0":"post-1352","1":"product","2":"type-product","3":"status-publish","4":"has-post-thumbnail","6":"product_cat-schwimmerschalter","8":"first","9":"instock","10":"shipping-taxable","11":"product-type-simple"},"aioseo_notices":[],"_links":{"self":[{"href":"https:\/\/kari.fi\/de\/wp-json\/wp\/v2\/product\/1352","targetHints":{"allow":["GET"]}}],"collection":[{"href":"https:\/\/kari.fi\/de\/wp-json\/wp\/v2\/product"}],"about":[{"href":"https:\/\/kari.fi\/de\/wp-json\/wp\/v2\/types\/product"}],"replies":[{"embeddable":true,"href":"https:\/\/kari.fi\/de\/wp-json\/wp\/v2\/comments?post=1352"}],"wp:featuredmedia":[{"embeddable":true,"href":"https:\/\/kari.fi\/de\/wp-json\/wp\/v2\/media\/846"}],"wp:attachment":[{"href":"https:\/\/kari.fi\/de\/wp-json\/wp\/v2\/media?parent=1352"}],"wp:term":[{"taxonomy":"product_brand","embeddable":true,"href":"https:\/\/kari.fi\/de\/wp-json\/wp\/v2\/product_brand?post=1352"},{"taxonomy":"product_cat","embeddable":true,"href":"https:\/\/kari.fi\/de\/wp-json\/wp\/v2\/product_cat?post=1352"},{"taxonomy":"product_tag","embeddable":true,"href":"https:\/\/kari.fi\/de\/wp-json\/wp\/v2\/product_tag?post=1352"}],"curies":[{"name":"wp","href":"https:\/\/api.w.org\/{rel}","templated":true}]}}