{"id":1359,"date":"2020-05-06T14:25:22","date_gmt":"2020-05-06T11:25:22","guid":{"rendered":"http:\/\/kari.directmedia.ee\/products\/kari-exi-relais\/"},"modified":"2020-05-28T13:23:13","modified_gmt":"2020-05-28T10:23:13","slug":"kari-exi-relais","status":"publish","type":"product","link":"https:\/\/kari.fi\/de\/produkte\/kari-exi-relais\/","title":{"rendered":"Kari Exi-relais"},"content":{"rendered":"<h3>Erm\u00f6glicht den Einsatz des Schwimmerschalters in explosionsgef\u00e4hrdeten Bereichen (ATEX)<\/h3>\n<p><strong>Sicheres Relais f\u00fcr Schwimmerschalter in explosionsgef\u00e4hrdeten Bereichen<\/strong><\/p>\n<p>Das KARI Exi-Relais wurde zur sicheren Stromleitung f\u00fcr Schwimmerschalter konzipiert, die in explosionsgef\u00e4hrdeten Bereichen, wie \u00d6ltanks, eingesetzt werden. Die Sicherheit des Relais basiert auf dem inh\u00e4rent sicheren Stromkreis, aus dem nicht so viel elektrische Energie austreten kann, wie f\u00fcr das Z\u00fcnden von leicht brennbaren Stoffen n\u00f6tig w\u00e4re. Das KARI Exi-Relais erf\u00fcllt die Anforderungen zentraler internationaler Sicherheitsstandards und erm\u00f6glicht so den Einsatz des Schwimmerschalters in zahlreichen ATEX-Bereichen. Es kann ganz einfach an einer DIN-Schiene au\u00dferhalb des explosionsgef\u00e4hrdeten Bereichs angebracht werden.<\/p>\n<h3>Erm\u00f6glicht den sicheren Einsatz des Schwimmerschalters in explosionsgef\u00e4hrdeten Bereichen (ATEX)<\/h3>\n<p>Mit dem KARI Exi-Relais kann ein Schwimmerschalter problemlos ATEX-sicher gemacht werden. Das Relais senkt die in den explosionsgef\u00e4hrdeten Bereich geleitete Energie soweit herunter, dass keine Explosionsgefahr mehr besteht. KARI Exi-Relais werden gew\u00f6hnlich in Verbindung mit den Schaltertypen C (\u00f8 99 mm) und M (\u00f8 76 mm) in \u00d6ltanks eingesetzt. Diese L\u00f6sung stellt beispielsweise auch eine hervorragende Alternative f\u00fcr Bereiche der Chemie und Petrolchemie dar.<\/p>\n<h3>Relaismontage im nicht explosionsgef\u00e4hrdeten Bereich<\/h3>\n<p>Das KARI Exi-Relais kann ganz einfach an einer DIN-Schiene au\u00dferhalb des explosionsgef\u00e4hrdeten Bereichs angebracht werden. Das Relais wird aus hochwertigen Komponenten gefertigt, dank derer ein zuverl\u00e4ssiger und langer Gebrauch gew\u00e4hrleistet werden kann. Erh\u00e4ltlich in ein- oder zweikanaliger Ausf\u00fchrung. Das einkanalige KARI Exi-Relais kann beispielsweise f\u00fcr den oberen und unteren Grenzstandalarm installiert werden. Mit dem zweikanaligen Relais k\u00f6nnen zwei verschiedene Funktionen gesteuert werden.<\/p>\n<p><img decoding=\"async\" style=\"width: 16%; float: left;\" src=\"\/wp-content\/uploads\/2020\/04\/ex_II_I_G_Ex_ia_Ga_IIC.jpg\" \/><img decoding=\"async\" style=\"width: 16%; float: left;\" src=\"\/wp-content\/uploads\/2020\/04\/ce_logo.jpg\" \/><img decoding=\"async\" style=\"width: 16%; float: left;\" src=\"\/wp-content\/uploads\/2020\/04\/csa.jpg\" \/><img decoding=\"async\" style=\"width: 16%; float: left;\" src=\"\/wp-content\/uploads\/2020\/04\/culus_listed.jpg\" \/><img decoding=\"async\" style=\"width: 16%; float: left;\" src=\"\/wp-content\/uploads\/2020\/04\/fm_approved.jpg\" \/><img decoding=\"async\" style=\"width: 16%; float: left;\" src=\"\/wp-content\/uploads\/2020\/04\/sil_logo.jpg\" \/><\/p>\n","protected":false},"excerpt":{"rendered":"<p>Das KARI Exi-Relais wurde zur sicheren Stromleitung f\u00fcr Schwimmerschalter konzipiert, die in explosionsgef\u00e4hrdeten Bereichen, wie \u00d6ltanks, eingesetzt werden.\u00a0Die Sicherheit des Relais basiert auf dem inh\u00e4rent sicheren Stromkreis, aus dem nicht so viel elektrische Energie austreten kann, wie f\u00fcr das Z\u00fcnden von leicht brennbaren Stoffen n\u00f6tig w\u00e4re.\u00a0Das KARI Exi-Relais erf\u00fcllt die Anforderungen zentraler internationaler Sicherheitsstandards und erm\u00f6glicht so den Einsatz des Schwimmerschalters in zahlreichen ATEX-Bereichen.\u00a0Es kann ganz einfach an einer DIN-Schiene au\u00dferhalb des explosionsgef\u00e4hrdeten Bereichs angebracht werden.<\/p>\n","protected":false},"featured_media":647,"comment_status":"closed","ping_status":"closed","template":"","meta":[],"product_brand":[],"product_cat":[63],"product_tag":[],"class_list":{"0":"post-1359","1":"product","2":"type-product","3":"status-publish","4":"has-post-thumbnail","6":"product_cat-atex-produkte","8":"first","9":"instock","10":"shipping-taxable","11":"product-type-simple"},"aioseo_notices":[],"_links":{"self":[{"href":"https:\/\/kari.fi\/de\/wp-json\/wp\/v2\/product\/1359","targetHints":{"allow":["GET"]}}],"collection":[{"href":"https:\/\/kari.fi\/de\/wp-json\/wp\/v2\/product"}],"about":[{"href":"https:\/\/kari.fi\/de\/wp-json\/wp\/v2\/types\/product"}],"replies":[{"embeddable":true,"href":"https:\/\/kari.fi\/de\/wp-json\/wp\/v2\/comments?post=1359"}],"wp:featuredmedia":[{"embeddable":true,"href":"https:\/\/kari.fi\/de\/wp-json\/wp\/v2\/media\/647"}],"wp:attachment":[{"href":"https:\/\/kari.fi\/de\/wp-json\/wp\/v2\/media?parent=1359"}],"wp:term":[{"taxonomy":"product_brand","embeddable":true,"href":"https:\/\/kari.fi\/de\/wp-json\/wp\/v2\/product_brand?post=1359"},{"taxonomy":"product_cat","embeddable":true,"href":"https:\/\/kari.fi\/de\/wp-json\/wp\/v2\/product_cat?post=1359"},{"taxonomy":"product_tag","embeddable":true,"href":"https:\/\/kari.fi\/de\/wp-json\/wp\/v2\/product_tag?post=1359"}],"curies":[{"name":"wp","href":"https:\/\/api.w.org\/{rel}","templated":true}]}}