{"id":1366,"date":"2020-05-06T13:33:54","date_gmt":"2020-05-06T10:33:54","guid":{"rendered":"http:\/\/kari.directmedia.ee\/products\/kari-ls90-thermosicherungen\/"},"modified":"2020-10-14T16:16:27","modified_gmt":"2020-10-14T13:16:27","slug":"kari-ls90-thermosicherungen","status":"publish","type":"product","link":"https:\/\/kari.fi\/de\/produkte\/kari-ls90-thermosicherungen\/","title":{"rendered":"KARI LS90 Thermosicherungen"},"content":{"rendered":"<h3>Funktionssichere Schutz- und Sicherheitsvorrichtung gegen \u00dcberhitzung<\/h3>\n<p><strong>Zuverl\u00e4ssiger, auf einer definierten Schmelztemperatur basierender Thermoschutz<\/strong><\/p>\n<p>Die Thermosicherung KARI LS90 ist eine zuverl\u00e4ssige Schutz- und Sicherheitsvorrichtung f\u00fcr Bereiche, in denen \u00dcberhitzung zu schweren Anlagensch\u00e4den und Brandgefahr f\u00fchren kann. Ein typisches Beispiel ist eine \u00d6lbrenneranlage, wo die Thermosicherung KARI LS90 nahe des \u00d6lbrenners angebracht wird. Steigt die Temperatur \u00fcber 90 Grad Celsius, schmilzt das in der Sicherung enthaltene Legierungsmetall und der Stromfluss wird unterbrochen, wodurch wiederum die \u00d6lversorgung eingestellt und ein Alarm ausgegeben wird. KARI LS90 bietet h\u00f6chste Zuverl\u00e4ssigkeit, da die Funktion der Sicherung auf einer definierten Schmelztemperatur basiert, ohne st\u00f6ranf\u00e4llige Sensoren oder komplizierte Elektronik.<\/p>\n<h3>Eignet sich f\u00fcr diverse Einsatzbereiche als Stromausschalter und Alarmvorrichtung<\/h3>\n<p>KARI LS90 kann im Prinzip in allen Bereichen, in denen die Temperatur nicht \u00fcber 90 Grad Celsius steigen darf, als Schutz- und Sicherheitsvorrichtung eingesetzt werden. Das Produkt kann entweder nur als Alarmvorrichtung oder als Stromausschalter in Ger\u00e4ten installiert werden, die bei St\u00f6rungen nicht \u00fcberhitzen d\u00fcrfen, da dies zus\u00e4tzliche Sch\u00e4den und Brandgefahr verursachen w\u00fcrde. Eine derartige St\u00f6rung kann beispielsweise in einem \u00d6lbrenner durch ein besch\u00e4digtes Thermostat verursacht werden, was dazu f\u00fchrt, dass die \u00d6lversorgung nicht mehr reguliert werden kann und der Brenner \u00fcberhitzt.<\/p>\n<h3>Perfekt als Sicherheitsvorrichtung f\u00fcr Heizsysteme<\/h3>\n<p>KARI LS90 bietet zuverl\u00e4ssige Sicherheit f\u00fcr gro\u00dfe und kleine Anlagen. Das Produkt eignet sich f\u00fcr gro\u00dfe \u00d6lbrenneranlagen und Einfamilienh\u00e4user mit \u00d6lheizung, aber auch f\u00fcr den Einsatz mit anderen Heizsystemen, wie Erdgas- und Pelletheizung.<\/p>\n<h3>Funktioniert zuverl\u00e4ssig bei Gewitter und sonstigen Stromst\u00f6rungen<\/h3>\n<p>Die Zuverl\u00e4ssigkeit von KARI LS90 basiert auf dem Schmelztemperaturprinzip. Um den Temperaturanstieg zu registrieren, werden keine Sensoren oder sonstige Elektronik ben\u00f6tigt, die bei Stromst\u00f6rungen oder Gewitter st\u00f6ranf\u00e4llig sind.<\/p>\n<h3>Einfache Installation unabh\u00e4ngig von der Schaltung des Hauptger\u00e4ts<\/h3>\n<p>KARI LS90 kann einfach in den Stromkreis des zu sch\u00fctzenden Ger\u00e4ts integriert werden, wo es als elektrischer Leiter dient. Ein zwischengeschalteter Transformator wird nicht ben\u00f6tigt. Bei Temperaturanstieg schmilzt das Legierungsmetall, der Stromkreis wird unterbrochen und ein Alarm ausgel\u00f6st. Der Sch\u00fctz hat einen \u00d6ffner (NC) und einen Schlie\u00dfer (NO), so dass KARI LS90 stets der Kontaktart des jeweiligen Ger\u00e4ts entsprechend installiert werden kann.<\/p>\n<h3>Einfacher Wechsel der Sicherung<\/h3>\n<p>KARI LS90 wird in der N\u00e4he des zu sch\u00fctzenden Ger\u00e4ts, z. B. eines \u00d6lbrenners, installiert. Bei der Installation ist zu ber\u00fccksichtigen, dass die Umgebungstemperatur gew\u00f6hnlich nicht 40 Grad Celsius \u00fcbersteigen darf, damit die Funktionst\u00fcchtigkeit und Langlebigkeit der Thermosicherung gew\u00e4hrleistet ist und Fehlalarme verhindert werden. Die eigentliche Sicherung wird am Deckel der Schaltdose angebracht, um einen einfachen Wechsel zu erm\u00f6glichen. Ersatzsicherungen sind auf Bestellung erh\u00e4ltlich (Typ S90).<\/p>\n","protected":false},"excerpt":{"rendered":"<p><span class=\"ingressi\">Die Thermosicherung KARI LS90 ist eine zuverl\u00e4ssige Schutz- und Sicherheitsvorrichtung f\u00fcr Bereiche, in denen \u00dcberhitzung zu schweren Anlagensch\u00e4den und Brandgefahr f\u00fchren kann.\u00a0Ein typisches Beispiel ist eine \u00d6lbrenneranlage, wo die Thermosicherung KARI LS90 nahe des \u00d6lbrenners angebracht wird<\/span><span class=\"ingressi\">.\u00a0Steigt die Temperatur \u00fcber 90 Grad Celsius, schmilzt das in der Sicherung enthaltene Legierungsmetall und der Stromfluss wird unterbrochen, wodurch wiederum die \u00d6lversorgung eingestellt und ein Alarm ausgegeben wird<\/span><span class=\"ingressi\">.\u00a0KARI LS90 bietet h\u00f6chste Zuverl\u00e4ssigkeit, da die Funktion der Sicherung auf einer definierten Schmelztemperatur basiert, ohne st\u00f6ranf\u00e4llige Sensoren oder komplizierte Elektronik.<\/span><\/p>\n","protected":false},"featured_media":604,"comment_status":"closed","ping_status":"closed","template":"","meta":[],"product_brand":[],"product_cat":[66],"product_tag":[],"class_list":{"0":"post-1366","1":"product","2":"type-product","3":"status-publish","4":"has-post-thumbnail","6":"product_cat-thermosicherungen","8":"first","9":"instock","10":"shipping-taxable","11":"product-type-simple"},"aioseo_notices":[],"_links":{"self":[{"href":"https:\/\/kari.fi\/de\/wp-json\/wp\/v2\/product\/1366","targetHints":{"allow":["GET"]}}],"collection":[{"href":"https:\/\/kari.fi\/de\/wp-json\/wp\/v2\/product"}],"about":[{"href":"https:\/\/kari.fi\/de\/wp-json\/wp\/v2\/types\/product"}],"replies":[{"embeddable":true,"href":"https:\/\/kari.fi\/de\/wp-json\/wp\/v2\/comments?post=1366"}],"wp:featuredmedia":[{"embeddable":true,"href":"https:\/\/kari.fi\/de\/wp-json\/wp\/v2\/media\/604"}],"wp:attachment":[{"href":"https:\/\/kari.fi\/de\/wp-json\/wp\/v2\/media?parent=1366"}],"wp:term":[{"taxonomy":"product_brand","embeddable":true,"href":"https:\/\/kari.fi\/de\/wp-json\/wp\/v2\/product_brand?post=1366"},{"taxonomy":"product_cat","embeddable":true,"href":"https:\/\/kari.fi\/de\/wp-json\/wp\/v2\/product_cat?post=1366"},{"taxonomy":"product_tag","embeddable":true,"href":"https:\/\/kari.fi\/de\/wp-json\/wp\/v2\/product_tag?post=1366"}],"curies":[{"name":"wp","href":"https:\/\/api.w.org\/{rel}","templated":true}]}}