{"id":1369,"date":"2020-05-06T13:28:13","date_gmt":"2020-05-06T10:28:13","guid":{"rendered":"http:\/\/kari.directmedia.ee\/products\/elektrodensensor-kari-pel-kari-el22\/"},"modified":"2020-10-14T16:17:03","modified_gmt":"2020-10-14T13:17:03","slug":"elektrodensensor-kari-pel-kari-el22","status":"publish","type":"product","link":"https:\/\/kari.fi\/de\/produkte\/elektrodensensor-kari-pel-kari-el22\/","title":{"rendered":"Elektrodensensor KARI PEL + KARI EL22"},"content":{"rendered":"<h3>Ausgezeichnete Wahl f\u00fcr Bohrlochanwendungen<\/h3>\n<p>KARI PEL ist eine d\u00fcnne, am Anschlusskabel freih\u00e4ngende Elektrode, die sich hervorragend f\u00fcr den Einsatz in engen Bereichen, wie Bohrl\u00f6chern, eignet. Mit KARI PEL k\u00f6nnen Fl\u00fcssigkeitsst\u00e4nde auf vielseitige Art und Weise \u00fcberwacht und geregelt werden, beispielsweise \u00fcber die Start- und Stoppfunktionen einer Pumpe.<\/p>\n<p>ARI PEL gibt bei \u00c4nderung des Fl\u00fcssigkeitsstands eine Information an den KARI EL22-Schalter, der die Funktionen auf gew\u00fcnschte Weise steuert. Durch die Installation von PEL-Elektroden oberhalb einer Bohrlochpumpe kann beispielsweise der Trockenlauf der Pumpe wirkungsvoll verhindert werden. KARI EL22 stoppt die Pumpe, bevor sie trockenlaufen kann und l\u00e4sst sie wieder starten, wenn der Fl\u00fcssigkeitsstand wieder auf einem sicheren Niveau ist.<\/p>\n<h3>Einfache Einstellung und \u00c4nderung der Start- und Stoppniveaus von Pumpen<\/h3>\n<p>KARI PEL Elektroden eignen sich zur Steuerung von Bef\u00fcllungs- und Entleerungspumpen. Start- und Stoppniveau der Pumpe k\u00f6nnen ganz einfach festgelegt werden, indem die Elektroden auf die Fl\u00fcssigkeitsniveaus installiert werden, die nicht \u00fcberstiegen oder unterschritten werden d\u00fcrfen. Bef\u00fcllungs- und Entleerungsschaltungen k\u00f6nnen einfach mittels Wechselkontakt gewechselt werden.<\/p>\n<h3>KARI HSPE \u2013 st\u00f6rsicheres Elektrodenkabel f\u00fcr gro\u00dfe Abst\u00e4nde<\/h3>\n<p>Wenn ein Starkstromkabel und eine Elektrodenleitung in tiefen Bohrl\u00f6chern oder sonstigen Bereichen \u00fcber eine L\u00e4nge von mehr als 50 m parallel gef\u00fchrt werden, empfehlen wir den Einsatz des KARI HSPE-Elektrodenkabels. Dank der St\u00f6rsicherung wird ein normaler Betrieb der KARI PEL-Elektrode gew\u00e4hrleistet, da vom Starkstromkabel keine Spannung im Elektrokabel induziert werden kann.<\/p>\n<p><img decoding=\"async\" style=\"float: left; width: 33%;\" src=\"\/wp-content\/uploads\/2020\/05\/sgs_finland_logo.png\" \/><img decoding=\"async\" style=\"float: left; width: 33%;\" src=\"\/wp-content\/uploads\/2020\/05\/ce_logo.png\" \/><img decoding=\"async\" style=\"float: left; width: 33%;\" src=\"\/wp-content\/uploads\/2020\/05\/suojausluokka_II.png\" \/><\/p>\n","protected":false},"excerpt":{"rendered":"<p>Ausgezeichnete Wahl f\u00fcr Bohrlochanwendungen. KARI PEL ist eine d\u00fcnne, am Anschlusskabel freih\u00e4ngende Elektrode, die sich hervorragend f\u00fcr den Einsatz in engen Bereichen, wie Bohrl\u00f6chern, eignet. Mit KARI PEL k\u00f6nnen Fl\u00fcssigkeitsst\u00e4nde auf vielseitige Art und Weise \u00fcberwacht und geregelt werden, beispielsweise \u00fcber die Start- und Stoppfunktionen einer Pumpe.<\/p>\n","protected":false},"featured_media":595,"comment_status":"closed","ping_status":"closed","template":"","meta":[],"product_brand":[],"product_cat":[67],"product_tag":[],"class_list":{"0":"post-1369","1":"product","2":"type-product","3":"status-publish","4":"has-post-thumbnail","6":"product_cat-sensoren","8":"first","9":"instock","10":"shipping-taxable","11":"product-type-simple"},"aioseo_notices":[],"_links":{"self":[{"href":"https:\/\/kari.fi\/de\/wp-json\/wp\/v2\/product\/1369","targetHints":{"allow":["GET"]}}],"collection":[{"href":"https:\/\/kari.fi\/de\/wp-json\/wp\/v2\/product"}],"about":[{"href":"https:\/\/kari.fi\/de\/wp-json\/wp\/v2\/types\/product"}],"replies":[{"embeddable":true,"href":"https:\/\/kari.fi\/de\/wp-json\/wp\/v2\/comments?post=1369"}],"wp:featuredmedia":[{"embeddable":true,"href":"https:\/\/kari.fi\/de\/wp-json\/wp\/v2\/media\/595"}],"wp:attachment":[{"href":"https:\/\/kari.fi\/de\/wp-json\/wp\/v2\/media?parent=1369"}],"wp:term":[{"taxonomy":"product_brand","embeddable":true,"href":"https:\/\/kari.fi\/de\/wp-json\/wp\/v2\/product_brand?post=1369"},{"taxonomy":"product_cat","embeddable":true,"href":"https:\/\/kari.fi\/de\/wp-json\/wp\/v2\/product_cat?post=1369"},{"taxonomy":"product_tag","embeddable":true,"href":"https:\/\/kari.fi\/de\/wp-json\/wp\/v2\/product_tag?post=1369"}],"curies":[{"name":"wp","href":"https:\/\/api.w.org\/{rel}","templated":true}]}}