{"id":1372,"date":"2020-05-06T13:24:11","date_gmt":"2020-05-06T10:24:11","guid":{"rendered":"http:\/\/kari.directmedia.ee\/products\/kari-la2-bodensensor-kari-el22\/"},"modified":"2021-02-15T10:40:07","modified_gmt":"2021-02-15T08:40:07","slug":"kari-la2-bodensensor-kari-el22","status":"publish","type":"product","link":"https:\/\/kari.fi\/de\/produkte\/kari-la2-bodensensor-kari-el22\/","title":{"rendered":"Kari LA2 Bodensensor + KARI EL22"},"content":{"rendered":"<h3>Zuverl\u00e4ssiger Feuchtigkeits- und Leckagemelder f\u00fcr Wasserentnahmestellen in Geb\u00e4uden<\/h3>\n<p><strong>Kosteng\u00fcnstige Wasserschadenvorbeugung<\/strong><\/p>\n<p>KARI LA2 ist ein zuverl\u00e4ssiger Sensor, der in Verbindung mit dem Elektrodenschalter EL22 in Geb\u00e4uden zur Vorbeugung von Wassersch\u00e4den eingesetzt wird. So kann man auf kosteng\u00fcnstige Art und Weise Ger\u00e4te, z. B. Waschmaschinen, auf eventuelle Leckagen \u00fcberwachen. KARI LA2 kann leicht angebracht oder auch in ein gr\u00f6\u00dferes Instandhaltungs- und Sicherheitssystem im Geb\u00e4ude integriert werden.<\/p>\n<h3>F\u00fcr Stellen mit erh\u00f6htem Wasserschadenrisiko<\/h3>\n<p>Der Bodensensor KARI LA2 eignet sich f\u00fcr den Einsatz in SHK-Bereichen, in denen Leckagerisiken bestehen, die im schlimmsten Fall zu teuren Wassersch\u00e4den f\u00fchren k\u00f6nnen. Dank seiner geringen Gr\u00f6\u00dfe kann der KARI LA2 beispielsweise ganz praktisch am Schranksockel neben einer Geschirrsp\u00fclmaschine oder unter dem Waschbecken neben dem Abflussrohr angebracht werden. KARI LA2 ist zuverl\u00e4ssig und wartungsfrei und eignet sich f\u00fcr die st\u00e4ndige Feuchtigkeits\u00fcberwachung an den unterschiedlichsten Stellen:<\/p>\n<ul>\n<li>Waschmaschinenabfluss<\/li>\n<li>Ausguss und Bodenablauf<\/li>\n<li>Wasserrohranschl\u00fcsse<\/li>\n<li>Wasseruhren<\/li>\n<li>Warmwasserspeicher<\/li>\n<li>Zentrale Verteiler- und Anschlussstellen von Wasserkreislaufheizungen<\/li>\n<\/ul>\n<h3>Funktionssicher und reaktionsschnell<\/h3>\n<p>KARI LA2 wird am Fu\u00dfboden angebracht. Kommt der Sensor in Kontakt mit Feuchtigkeit, gibt er ein Signal an die Zentraleinheit KARI EL22 aus, wo ein Lichtsignal aktiviert oder ein Alarm ausgegeben wird (z. B. KARI KSH3).<\/p>\n<p><img decoding=\"async\" style=\"float: left; width: 33%;\" src=\"\/wp-content\/uploads\/2020\/05\/sgs_finland_logo.png\" \/><img decoding=\"async\" style=\"float: left; width: 33%;\" src=\"\/wp-content\/uploads\/2020\/05\/ce_logo.png\" \/><img decoding=\"async\" style=\"float: left; width: 33%;\" src=\"\/wp-content\/uploads\/2020\/05\/suojausluokka_II.png\" \/><\/p>\n","protected":false},"excerpt":{"rendered":"<p>Kosteng\u00fcnstige Wasserschadenvorbeugung. KARI LA2 ist ein zuverl\u00e4ssiger Sensor, der in Verbindung mit dem Elektrodenschalter EL22 in Geb\u00e4uden zur Vorbeugung von Wassersch\u00e4den eingesetzt wird. So kann man auf kosteng\u00fcnstige Art und Weise Ger\u00e4te, z. B. Waschmaschinen, auf eventuelle Leckagen \u00fcberwachen. KARI LA2 kann leicht angebracht oder auch in ein gr\u00f6\u00dferes Instandhaltungs- und Sicherheitssystem im Geb\u00e4ude integriert werden.<\/p>\n","protected":false},"featured_media":590,"comment_status":"closed","ping_status":"closed","template":"","meta":[],"product_brand":[],"product_cat":[67],"product_tag":[],"class_list":{"0":"post-1372","1":"product","2":"type-product","3":"status-publish","4":"has-post-thumbnail","6":"product_cat-sensoren","8":"first","9":"instock","10":"shipping-taxable","11":"product-type-simple"},"aioseo_notices":[],"_links":{"self":[{"href":"https:\/\/kari.fi\/de\/wp-json\/wp\/v2\/product\/1372","targetHints":{"allow":["GET"]}}],"collection":[{"href":"https:\/\/kari.fi\/de\/wp-json\/wp\/v2\/product"}],"about":[{"href":"https:\/\/kari.fi\/de\/wp-json\/wp\/v2\/types\/product"}],"replies":[{"embeddable":true,"href":"https:\/\/kari.fi\/de\/wp-json\/wp\/v2\/comments?post=1372"}],"wp:featuredmedia":[{"embeddable":true,"href":"https:\/\/kari.fi\/de\/wp-json\/wp\/v2\/media\/590"}],"wp:attachment":[{"href":"https:\/\/kari.fi\/de\/wp-json\/wp\/v2\/media?parent=1372"}],"wp:term":[{"taxonomy":"product_brand","embeddable":true,"href":"https:\/\/kari.fi\/de\/wp-json\/wp\/v2\/product_brand?post=1372"},{"taxonomy":"product_cat","embeddable":true,"href":"https:\/\/kari.fi\/de\/wp-json\/wp\/v2\/product_cat?post=1372"},{"taxonomy":"product_tag","embeddable":true,"href":"https:\/\/kari.fi\/de\/wp-json\/wp\/v2\/product_tag?post=1372"}],"curies":[{"name":"wp","href":"https:\/\/api.w.org\/{rel}","templated":true}]}}