{"id":1375,"date":"2020-05-06T13:08:41","date_gmt":"2020-05-06T10:08:41","guid":{"rendered":"http:\/\/kari.directmedia.ee\/products\/kari-hir-stabelektrode-kari-el22\/"},"modified":"2020-05-28T14:07:55","modified_gmt":"2020-05-28T11:07:55","slug":"kari-hir-stabelektrode-kari-el22","status":"publish","type":"product","link":"https:\/\/kari.fi\/de\/produkte\/kari-hir-stabelektrode-kari-el22\/","title":{"rendered":"KARI HIR -stabelektrode + KARI EL22"},"content":{"rendered":"<h3>\u00dcberwachung von leicht str\u00f6menden Fl\u00fcssigkeiten<\/h3>\n<p>Die Stabelektrode KARI HIR wurde f\u00fcr die Niveau\u00fcberwachung und -regelung von leicht str\u00f6menden Fl\u00fcssigkeiten konzipiert. Die Elektrode wird fest installiert, wodurch sie nicht mit der Str\u00f6mung mitschwimmen kann.<\/p>\n<p>KARI HIR ist mit der KARI NS15 Beh\u00e4lterdurchf\u00fchrung aus Messing erh\u00e4ltlich, mit der die Elektrode auf die gew\u00fcnschte H\u00f6he installiert werden kann und eine pr\u00e4zise Bestimmung der Alarm- und Schaltniveaus m\u00f6glich ist. Dar\u00fcber hinaus ist KARI HIR auch mit einer Halterung erh\u00e4ltlich, dank derer die Elektrode an den Innenw\u00e4nden von Beh\u00e4ltern installiert werden kann. Die L\u00e4nge der Stabelektrode kann je nach Installationsstelle gew\u00e4hlt werden.<\/p>\n<h3>Einfache Einstellung und \u00c4nderung der Start- und Stoppniveaus von Pumpen<\/h3>\n<p>KARI HIR Stabelektroden eignen sich zur Steuerung von Bef\u00fcllungs- und Entleerungspumpen. Start- und Stoppniveau der Pumpe k\u00f6nnen ganz einfach festgelegt werden, indem die Elektroden auf die Fl\u00fcssigkeitsniveaus installiert werden, die nicht \u00fcberstiegen oder unterschritten werden d\u00fcrfen. Bef\u00fcllungs- und Entleerungsschaltungen k\u00f6nnen einfach mittels Wechselkontakt gewechselt werden.<\/p>\n<p><img decoding=\"async\" style=\"float: left; width: 33%;\" src=\"\/wp-content\/uploads\/2020\/05\/sgs_finland_logo.png\" \/><img decoding=\"async\" style=\"float: left; width: 33%;\" src=\"\/wp-content\/uploads\/2020\/05\/ce_logo.png\" \/><img decoding=\"async\" style=\"float: left; width: 33%;\" src=\"\/wp-content\/uploads\/2020\/05\/suojausluokka_II.png\" \/><\/p>\n","protected":false},"excerpt":{"rendered":"<p><span class=\"ingressi\">Die Stabelektrode KARI HIR wurde f\u00fcr die Niveau\u00fcberwachung und -regelung von leicht str\u00f6menden Fl\u00fcssigkeiten konzipiert. Die Elektrode wird fest installiert, wodurch sie nicht mit der Str\u00f6mung mitschwimmen kann.\u00a0<\/span>KARI HIR ist mit der KARI NS15 Beh\u00e4lterdurchf\u00fchrung aus Messing erh\u00e4ltlich, mit der die Elektrode auf die gew\u00fcnschte H\u00f6he installiert werden kann und eine pr\u00e4zise Bestimmung der Alarm- und Schaltniveaus m\u00f6glich ist.\u00a0Dar\u00fcber hinaus ist KARI HIR auch mit einer Halterung erh\u00e4ltlich, dank derer die Elektrode an den Innenw\u00e4nden von Beh\u00e4ltern installiert werden kann.\u00a0Die L\u00e4nge der Stabelektrode kann je nach Installationsstelle gew\u00e4hlt werden.<\/p>\n","protected":false},"featured_media":568,"comment_status":"closed","ping_status":"closed","template":"","meta":[],"product_brand":[],"product_cat":[67],"product_tag":[],"class_list":{"0":"post-1375","1":"product","2":"type-product","3":"status-publish","4":"has-post-thumbnail","6":"product_cat-sensoren","8":"first","9":"instock","10":"shipping-taxable","11":"product-type-simple"},"aioseo_notices":[],"_links":{"self":[{"href":"https:\/\/kari.fi\/de\/wp-json\/wp\/v2\/product\/1375","targetHints":{"allow":["GET"]}}],"collection":[{"href":"https:\/\/kari.fi\/de\/wp-json\/wp\/v2\/product"}],"about":[{"href":"https:\/\/kari.fi\/de\/wp-json\/wp\/v2\/types\/product"}],"replies":[{"embeddable":true,"href":"https:\/\/kari.fi\/de\/wp-json\/wp\/v2\/comments?post=1375"}],"wp:featuredmedia":[{"embeddable":true,"href":"https:\/\/kari.fi\/de\/wp-json\/wp\/v2\/media\/568"}],"wp:attachment":[{"href":"https:\/\/kari.fi\/de\/wp-json\/wp\/v2\/media?parent=1375"}],"wp:term":[{"taxonomy":"product_brand","embeddable":true,"href":"https:\/\/kari.fi\/de\/wp-json\/wp\/v2\/product_brand?post=1375"},{"taxonomy":"product_cat","embeddable":true,"href":"https:\/\/kari.fi\/de\/wp-json\/wp\/v2\/product_cat?post=1375"},{"taxonomy":"product_tag","embeddable":true,"href":"https:\/\/kari.fi\/de\/wp-json\/wp\/v2\/product_tag?post=1375"}],"curies":[{"name":"wp","href":"https:\/\/api.w.org\/{rel}","templated":true}]}}