{"id":1378,"date":"2020-04-24T16:12:36","date_gmt":"2020-04-24T13:12:36","guid":{"rendered":"http:\/\/kari.directmedia.ee\/products\/kari-pkl-steckverbinder\/"},"modified":"2021-02-15T10:18:33","modified_gmt":"2021-02-15T08:18:33","slug":"kari-pkl-steckverbinder","status":"publish","type":"product","link":"https:\/\/kari.fi\/de\/produkte\/kari-pkl-steckverbinder\/","title":{"rendered":"Kari PKL Steckverbinder"},"content":{"rendered":"<h3>Wasserdichter und funktionssicherer Pumpenkabelanschluss<\/h3>\n<h3>Einfach und kosteneffizient<\/h3>\n<p>KARI PKL ist ein wasserdichter, funktionssicherer Kabelanschluss f\u00fcr Tauchpumpen, mit dem erhebliche Einsparungen in den Instandhaltungskosten erzielt werden k\u00f6nnen. Dank KARI PKL kann die Pumpe ohne elektrofachm\u00e4nnische Hilfe vom Stromnetz getrennt und wieder daran angeschlossen werden. Bei KARI PKL handelt es sich um eine einmalige Investition, deren Kosten ungef\u00e4hr denen entsprechen, die das einmalige Trennen und Anschlie\u00dfen durch einen Fachmann verursachen w\u00fcrden.<\/p>\n<h3>Einfache Planung \u2013 prinzipiell f\u00fcr alle Pumpen geeignet<\/h3>\n<p>KARI PKL bietet Planungserleichterung f\u00fcr Hersteller und Modernisierer von Pumpenstationen und Ab- und Sauberwasseranlagen. Der Anschluss stellt auch eine gute Alternative f\u00fcr Installations- und Wartungsbetriebe dar, die Tauchpumpenkunden betreuen. Der wasserdichte Anschluss funktioniert reibungslos in gro\u00dfen Anlagen wie in kleinen Becken und Gruben.<\/p>\n<h3>Auch f\u00fcr die einfache und sichere Nachr\u00fcstung geeignet<\/h3>\n<p>Der KARI PKL Steckverbinder wird an das Kabel zwischen Schaltschrank und Tauchpumpe angeschlossen. Bietet sich auch dann an, wenn ein existierender Pumpenanschluss ohne elektrofachm\u00e4nnische Hilfe ersetzt werden soll. Die Pumpe kann nach der Wartung problemlos wieder an das Stromnetz angeschlossen werden, da sich die Drehrichtung der Pumpe nicht \u00e4ndern kann.<\/p>\n<h3>Durch Einsatz einer Ersatzpumpe wird der durchgehende Betrieb gew\u00e4hrleistet<\/h3>\n<p>Aufgrund der einfachen und schnellen Installation erm\u00f6glicht der KARI PKL Steckverbinder bei der Wartung der Hauptpumpe auch eine reibungslose Inbetriebnahme der Ersatzpumpe. So werden unn\u00f6tige Unterbrechungen vermieden und der durchgehende Pumpenbetrieb gew\u00e4hrleistet.<\/p>\n<h3>Sichere Wahl f\u00fcr den Schaltschrank<\/h3>\n<p>Mit dem KARI PKL muss die Verkabelung im Schaltschrank nicht ge\u00f6ffnet werden, auch wenn die Pumpe vom Stromnetz genommen wird. So wird verhindert, dass Feuchtigkeit und Gase in den Schaltschrank eindringen.<\/p>\n<h3>Starkstromanschluss f\u00fcr den Einsatz diverser Elektroger\u00e4te bei regnerischem Wetter<\/h3>\n<p>Neben Pumpenanwendungen eignet sich der KARI PKL auch f\u00fcr den Einsatz bei nasser Witterung an s\u00e4mtlichen Starkstromger\u00e4ten sowie als Anschluss f\u00fcr Verl\u00e4ngerungskabel. Bei der Bestellung spielt es keine Rolle, wie und wo der Steckverbinder eingesetzt werden soll. Sie m\u00fcssen nur die Anzahl der Pole (4-10) und den Au\u00dfendurchmesser des Kabels (9-32 mm) angeben.<\/p>\n","protected":false},"excerpt":{"rendered":"<p>KARI PKL ist ein wasserdichter, funktionssicherer Kabelanschluss f\u00fcr Tauchpumpen, mit dem erhebliche Einsparungen in den Instandhaltungskosten erzielt werden k\u00f6nnen<span class=\"ingressi\">.\u00a0<\/span>Dank KARI PKL kann die Pumpe ohne elektrofachm\u00e4nnische Hilfe vom Stromnetz getrennt und wieder daran angeschlossen werden<span class=\"ingressi\">.\u00a0<\/span>Bei KARI PKL handelt es sich um eine einmalige Investition, deren Kosten ungef\u00e4hr denen entsprechen, die das einmalige Trennen und Anschlie\u00dfen durch einen Fachmann verursachen w\u00fcrden.<\/p>\n","protected":false},"featured_media":624,"comment_status":"closed","ping_status":"closed","template":"","meta":[],"product_brand":[],"product_cat":[65],"product_tag":[],"class_list":{"0":"post-1378","1":"product","2":"type-product","3":"status-publish","4":"has-post-thumbnail","6":"product_cat-steckverbinder","8":"first","9":"instock","10":"shipping-taxable","11":"product-type-simple"},"aioseo_notices":[],"_links":{"self":[{"href":"https:\/\/kari.fi\/de\/wp-json\/wp\/v2\/product\/1378","targetHints":{"allow":["GET"]}}],"collection":[{"href":"https:\/\/kari.fi\/de\/wp-json\/wp\/v2\/product"}],"about":[{"href":"https:\/\/kari.fi\/de\/wp-json\/wp\/v2\/types\/product"}],"replies":[{"embeddable":true,"href":"https:\/\/kari.fi\/de\/wp-json\/wp\/v2\/comments?post=1378"}],"wp:featuredmedia":[{"embeddable":true,"href":"https:\/\/kari.fi\/de\/wp-json\/wp\/v2\/media\/624"}],"wp:attachment":[{"href":"https:\/\/kari.fi\/de\/wp-json\/wp\/v2\/media?parent=1378"}],"wp:term":[{"taxonomy":"product_brand","embeddable":true,"href":"https:\/\/kari.fi\/de\/wp-json\/wp\/v2\/product_brand?post=1378"},{"taxonomy":"product_cat","embeddable":true,"href":"https:\/\/kari.fi\/de\/wp-json\/wp\/v2\/product_cat?post=1378"},{"taxonomy":"product_tag","embeddable":true,"href":"https:\/\/kari.fi\/de\/wp-json\/wp\/v2\/product_tag?post=1378"}],"curies":[{"name":"wp","href":"https:\/\/api.w.org\/{rel}","templated":true}]}}