{"id":1384,"date":"2020-04-24T14:43:36","date_gmt":"2020-04-24T11:43:36","guid":{"rendered":"http:\/\/kari.directmedia.ee\/products\/kari-schwimmerschalter-2h-2l-2y-2a-2hl\/"},"modified":"2021-03-10T13:07:58","modified_gmt":"2021-03-10T11:07:58","slug":"kari-schwimmerschalter-2h-2l-2y-2a-2hl","status":"publish","type":"product","link":"https:\/\/kari.fi\/de\/produkte\/kari-schwimmerschalter-2h-2l-2y-2a-2hl\/","title":{"rendered":"KARI-schwimmerschalter 2H | 2L | 2Y | 2A | 2HL"},"content":{"rendered":"<h3>Funktionsbeispiel Modell 2H<\/h3>\n<div class=\"sw-desc\"><img decoding=\"async\" src=\"\/wp-content\/uploads\/2020\/04\/play-b.png\" alt=\"Play\" \/><b>Start<\/b><br \/>\nViel Fl\u00fcssigkeit. Die Entleerungspumpe wird eingeschaltet.<\/div>\n<div class=\"sw-desc\"><img decoding=\"async\" src=\"\/wp-content\/uploads\/2020\/04\/stop-b.png\" alt=\"Stop\" \/><b>Stopp<\/b><br \/>\nUntere Entleerungsgrenze. Die Entleerungspumpe wird ausgeschaltet.<\/div>\n<h3 class=\"sec-h\">Funktionen<\/h3>\n<p><b>Steuerung der Entleerungspumpe<\/b><\/p>\n<table class=\"desc-table\">\n<tbody>\n<tr>\n<td>2H<\/td>\n<td>Pumpensteuerung mit einem Schaltelement.<\/td>\n<\/tr>\n<tr>\n<td>2Y<\/td>\n<td>Pumpensteuerung mit zwei Schaltelementen. Optional zwei obere Grenzstandalarmfunktionen.<\/td>\n<\/tr>\n<\/tbody>\n<\/table>\n<p><b>Steuerung der Bef\u00fcllungspumpe<\/b><\/p>\n<table class=\"desc-table\">\n<tbody>\n<tr>\n<td>2L<\/td>\n<td>Pumpensteuerung mit einem Schaltelement.<\/td>\n<\/tr>\n<tr>\n<td>2A<\/td>\n<td>Pumpensteuerung mit zwei Schaltelementen.  Optional zwei untere Grenzstandalarmfunktionen.<\/td>\n<\/tr>\n<\/tbody>\n<\/table>\n<p><b>Alarm<\/b><\/p>\n<table class=\"desc-table\">\n<tbody>\n<tr>\n<td>2HL<\/td>\n<td>Obere und untere Grenzstandalarmfunktionen<\/td>\n<\/tr>\n<\/tbody>\n<\/table>\n","protected":false},"excerpt":{"rendered":"<p>KARI-Schwimmerschalter wurden f\u00fcr die Steuerung von Entleerungs- und Bef\u00fcllungspumpen und Motor- und Magnetventilen sowie f\u00fcr den Grenzstandalarm konzipiert.\u00a0Dank des gro\u00dfen Schwimmk\u00f6rpers (\u00f8 170 mm) hat der KARI-Schwimmerschalter einen hohen Auftrieb, wodurch auch unter schwierigen Verh\u00e4ltnissen, beispielsweise beim Einsatz in Schmutzwasser, eine reibungslose Funktion gew\u00e4hrleistet ist.\u00a0Mit nicht brennbaren Fl\u00fcssigkeiten einzusetzende KARI-Schwimmerschalter wurden von SGS FIMKO Oy gem\u00e4\u00df der Niederspannungsrichtlinie (LVD) f\u00fcr eine Spannung von 250 V zugelassen.<\/p>\n","protected":false},"featured_media":632,"comment_status":"closed","ping_status":"closed","template":"","meta":[],"product_brand":[],"product_cat":[62],"product_tag":[],"class_list":{"0":"post-1384","1":"product","2":"type-product","3":"status-publish","4":"has-post-thumbnail","6":"product_cat-schwimmerschalter","8":"first","9":"instock","10":"shipping-taxable","11":"product-type-simple"},"aioseo_notices":[],"_links":{"self":[{"href":"https:\/\/kari.fi\/de\/wp-json\/wp\/v2\/product\/1384","targetHints":{"allow":["GET"]}}],"collection":[{"href":"https:\/\/kari.fi\/de\/wp-json\/wp\/v2\/product"}],"about":[{"href":"https:\/\/kari.fi\/de\/wp-json\/wp\/v2\/types\/product"}],"replies":[{"embeddable":true,"href":"https:\/\/kari.fi\/de\/wp-json\/wp\/v2\/comments?post=1384"}],"wp:featuredmedia":[{"embeddable":true,"href":"https:\/\/kari.fi\/de\/wp-json\/wp\/v2\/media\/632"}],"wp:attachment":[{"href":"https:\/\/kari.fi\/de\/wp-json\/wp\/v2\/media?parent=1384"}],"wp:term":[{"taxonomy":"product_brand","embeddable":true,"href":"https:\/\/kari.fi\/de\/wp-json\/wp\/v2\/product_brand?post=1384"},{"taxonomy":"product_cat","embeddable":true,"href":"https:\/\/kari.fi\/de\/wp-json\/wp\/v2\/product_cat?post=1384"},{"taxonomy":"product_tag","embeddable":true,"href":"https:\/\/kari.fi\/de\/wp-json\/wp\/v2\/product_tag?post=1384"}],"curies":[{"name":"wp","href":"https:\/\/api.w.org\/{rel}","templated":true}]}}