{"id":1387,"date":"2020-05-07T14:22:15","date_gmt":"2020-05-07T11:22:15","guid":{"rendered":"http:\/\/kari.directmedia.ee\/products\/kari-schwimmerschalter-1c-1h-1l\/"},"modified":"2021-03-10T12:03:28","modified_gmt":"2021-03-10T10:03:28","slug":"kari-schwimmerschalter-1c-1h-1l","status":"publish","type":"product","link":"https:\/\/kari.fi\/de\/produkte\/kari-schwimmerschalter-1c-1h-1l\/","title":{"rendered":"KARI-Schwimmerschalter 1C | 1H | 1L"},"content":{"rendered":"<h3>Funktionsbeispiel Modell 1H<\/h3>\n<div class=\"sw-desc\"><img decoding=\"async\" src=\"\/wp-content\/uploads\/2020\/04\/alert.png\" alt=\"Alarm\" \/><b>Alarm<\/b><br \/>\nDer Fl\u00fcssigkeitsstand steigt auf \u00dcberwachungsniveau an.<\/div>\n<h3 class=\"sec-h\">Funktionen<\/h3>\n<table class=\"desc-table\">\n<tbody>\n<tr>\n<td>1C<\/td>\n<td>Umschalter<\/td>\n<\/tr>\n<tr>\n<td>1H<\/td>\n<td>Oberer Grenzstandalarm<\/td>\n<\/tr>\n<tr>\n<td>1L<\/td>\n<td>Unterer Grenzstandalarm<\/td>\n<\/tr>\n<\/tbody>\n<\/table>\n","protected":false},"excerpt":{"rendered":"<p>Der KARI-Schwimmerschalter wurde f\u00fcr die Steuerung von Magnetventilen und f\u00fcr den Grenzstandalarm konzipiert.\u00a0Dank des gro\u00dfen Schwimmk\u00f6rpers<br \/>\n(\u00f8 170 mm) hat der KARI-Schwimmerschalter einen hohen Auftrieb, wodurch auch unter schwierigen Verh\u00e4ltnissen, beispielsweise beim Einsatz in Schmutzwasser, eine reibungslose Funktion gew\u00e4hrleistet ist.\u00a0Mit nicht brennbaren Fl\u00fcssigkeiten einzusetzende KARI-Schwimmerschalter wurden von SGS FIMKO Oy gem\u00e4\u00df der Niederspannungsrichtlinie (LVD) f\u00fcr eine Spannung von 250 V zugelassen.<\/p>\n","protected":false},"featured_media":754,"comment_status":"closed","ping_status":"closed","template":"","meta":[],"product_brand":[],"product_cat":[62],"product_tag":[],"class_list":{"0":"post-1387","1":"product","2":"type-product","3":"status-publish","4":"has-post-thumbnail","6":"product_cat-schwimmerschalter","8":"first","9":"instock","10":"shipping-taxable","11":"product-type-simple"},"aioseo_notices":[],"_links":{"self":[{"href":"https:\/\/kari.fi\/de\/wp-json\/wp\/v2\/product\/1387","targetHints":{"allow":["GET"]}}],"collection":[{"href":"https:\/\/kari.fi\/de\/wp-json\/wp\/v2\/product"}],"about":[{"href":"https:\/\/kari.fi\/de\/wp-json\/wp\/v2\/types\/product"}],"replies":[{"embeddable":true,"href":"https:\/\/kari.fi\/de\/wp-json\/wp\/v2\/comments?post=1387"}],"wp:featuredmedia":[{"embeddable":true,"href":"https:\/\/kari.fi\/de\/wp-json\/wp\/v2\/media\/754"}],"wp:attachment":[{"href":"https:\/\/kari.fi\/de\/wp-json\/wp\/v2\/media?parent=1387"}],"wp:term":[{"taxonomy":"product_brand","embeddable":true,"href":"https:\/\/kari.fi\/de\/wp-json\/wp\/v2\/product_brand?post=1387"},{"taxonomy":"product_cat","embeddable":true,"href":"https:\/\/kari.fi\/de\/wp-json\/wp\/v2\/product_cat?post=1387"},{"taxonomy":"product_tag","embeddable":true,"href":"https:\/\/kari.fi\/de\/wp-json\/wp\/v2\/product_tag?post=1387"}],"curies":[{"name":"wp","href":"https:\/\/api.w.org\/{rel}","templated":true}]}}