{"id":1390,"date":"2020-05-07T15:46:47","date_gmt":"2020-05-07T12:46:47","guid":{"rendered":"http:\/\/kari.directmedia.ee\/products\/kari-schwimmerschalter-1c-c1h-c1l\/"},"modified":"2021-03-10T12:02:29","modified_gmt":"2021-03-10T10:02:29","slug":"kari-schwimmerschalter-c1c-c1h-c1l","status":"publish","type":"product","link":"https:\/\/kari.fi\/de\/produkte\/kari-schwimmerschalter-c1c-c1h-c1l\/","title":{"rendered":"KARI-schwimmerschalter C1C | C1H | C1L"},"content":{"rendered":"<h3>Funktionsbeispiel Modell C1H<\/h3>\n<div class=\"sw-desc\"><img decoding=\"async\" src=\"\/wp-content\/uploads\/2020\/04\/alert.png\" alt=\"Alarm\" \/><b>Alarm<\/b><br \/>\nDer Fl\u00fcssigkeitsstand steigt auf \u00dcberwachungsniveau an.<\/div>\n<h3 class=\"sec-h\">Funktionen<\/h3>\n<table class=\"desc-table\">\n<tbody>\n<tr>\n<td>C1C<\/td>\n<td>Umschalter<\/td>\n<\/tr>\n<tr>\n<td>C1H<\/td>\n<td>Oberer Grenzstandalarm<\/td>\n<\/tr>\n<tr>\n<td>C1L<\/td>\n<td>Unterer Grenzstandalarm<\/td>\n<\/tr>\n<\/tbody>\n<\/table>\n","protected":false},"excerpt":{"rendered":"<p>KARI-Schwimmerschalter wurden f\u00fcr die Steuerung von Magnetventilen und f\u00fcr den Grenzstandalarm konzipiert.\u00a0Mit nicht brennbaren Fl\u00fcssigkeiten einzusetzende KARI-Schwimmerschalter wurden von SGS FIMKO Oy gem\u00e4\u00df der Niederspannungsrichtlinie (LVD) f\u00fcr eine Spannung von 250 V zugelassen.<\/p>\n","protected":false},"featured_media":788,"comment_status":"closed","ping_status":"closed","template":"","meta":[],"product_brand":[],"product_cat":[62],"product_tag":[],"class_list":{"0":"post-1390","1":"product","2":"type-product","3":"status-publish","4":"has-post-thumbnail","6":"product_cat-schwimmerschalter","8":"first","9":"instock","10":"shipping-taxable","11":"product-type-simple"},"aioseo_notices":[],"_links":{"self":[{"href":"https:\/\/kari.fi\/de\/wp-json\/wp\/v2\/product\/1390","targetHints":{"allow":["GET"]}}],"collection":[{"href":"https:\/\/kari.fi\/de\/wp-json\/wp\/v2\/product"}],"about":[{"href":"https:\/\/kari.fi\/de\/wp-json\/wp\/v2\/types\/product"}],"replies":[{"embeddable":true,"href":"https:\/\/kari.fi\/de\/wp-json\/wp\/v2\/comments?post=1390"}],"wp:featuredmedia":[{"embeddable":true,"href":"https:\/\/kari.fi\/de\/wp-json\/wp\/v2\/media\/788"}],"wp:attachment":[{"href":"https:\/\/kari.fi\/de\/wp-json\/wp\/v2\/media?parent=1390"}],"wp:term":[{"taxonomy":"product_brand","embeddable":true,"href":"https:\/\/kari.fi\/de\/wp-json\/wp\/v2\/product_brand?post=1390"},{"taxonomy":"product_cat","embeddable":true,"href":"https:\/\/kari.fi\/de\/wp-json\/wp\/v2\/product_cat?post=1390"},{"taxonomy":"product_tag","embeddable":true,"href":"https:\/\/kari.fi\/de\/wp-json\/wp\/v2\/product_tag?post=1390"}],"curies":[{"name":"wp","href":"https:\/\/api.w.org\/{rel}","templated":true}]}}