{"id":1393,"date":"2020-05-07T15:21:52","date_gmt":"2020-05-07T12:21:52","guid":{"rendered":"http:\/\/kari.directmedia.ee\/products\/kari-schwimmerschalter-4h-4l-4y-4a\/"},"modified":"2021-03-10T12:02:55","modified_gmt":"2021-03-10T10:02:55","slug":"kari-schwimmerschalter-4h-4l-4y-4a","status":"publish","type":"product","link":"https:\/\/kari.fi\/de\/produkte\/kari-schwimmerschalter-4h-4l-4y-4a\/","title":{"rendered":"KARI-schwimmerschalter 4H | 4L | 4Y | 4A"},"content":{"rendered":"<h3>Funktionsbeispiel Modell 4H<\/h3>\n<div class=\"sw-desc\"><img decoding=\"async\" src=\"\/wp-content\/uploads\/2020\/04\/alert.png\" alt=\"Alert\" \/><b>Oberer Grenzstandalarm<\/b><br \/>\nAlarm aufgrund des zu hohen Fl\u00fcssigkeitsstands wird ausgel\u00f6st oder die Entleerung mittels Ventil gestartet beispielsweise bei einer Pumpenfehlfunktion.<\/div>\n<div class=\"sw-desc\"><img decoding=\"async\" src=\"\/wp-content\/uploads\/2020\/04\/play-b.png\" alt=\"Play\" \/><b>Start<\/b><br \/>\nViel Fl\u00fcssigkeit. Die Entleerungspumpe wird eingeschaltet.<\/div>\n<div class=\"sw-desc\"><img decoding=\"async\" src=\"\/wp-content\/uploads\/2020\/04\/stop-b.png\" alt=\"Stop\" \/><b>Stopp<\/b><br \/>\nUntere Entleerungsgrenze. Die Entleerungspumpe wird ausgeschaltet.<\/div>\n<div class=\"sw-desc\"><img decoding=\"async\" src=\"\/wp-content\/uploads\/2020\/04\/alert.png\" alt=\"Alert\" \/><b>Unterer Grenzstandalarm<\/b><br \/>\nAlarm aufgrund des zu niedrigen Fl\u00fcssigkeitsstands wird ausgel\u00f6st oder die Bef\u00fcllung mittels Ventil gestartet beispielsweise bei einer Pumpenfehlfunktion.<\/div>\n<h3 class=\"sec-h\">Funktionen<\/h3>\n<p><b>Steuerung der Entleerungspumpe<\/b><\/p>\n<table class=\"desc-table\">\n<tbody>\n<tr>\n<td>4H<\/td>\n<td>Pumpensteuerung mit einem Schaltelement. Oberer und unterer Grenzstandalarm.<\/td>\n<\/tr>\n<tr>\n<td>4Y<\/td>\n<td>Pumpensteuerung mit zwei Schaltelementen. Oberer und unterer Grenzstandalarm.<\/td>\n<\/tr>\n<\/tbody>\n<\/table>\n<p><b>Steuerung der Bef\u00fcllungspumpe<\/b><\/p>\n<table class=\"desc-table\">\n<tbody>\n<tr>\n<td>4L<\/td>\n<td>Pumpensteuerung mit einem Schaltelement. Oberer und unterer Grenzstandalarm.<\/td>\n<\/tr>\n<tr>\n<td>4A<\/td>\n<td>Pumpensteuerung mit zwei Schaltelementen. Oberer und unterer Grenzstandalarm.<\/td>\n<\/tr>\n<\/tbody>\n<\/table>\n","protected":false},"excerpt":{"rendered":"<p><span class=\"ingressi\">KARI-Schwimmerschalter wurden f\u00fcr die Steuerung von Entleerungs- und Bef\u00fcllungspumpen und Motor- und Magnetventilen sowie f\u00fcr den Grenzstandalarm konzipiert.\u00a0Dank des gro\u00dfen Schwimmk\u00f6rpers (\u00f8 170 mm) hat der KARI-Schwimmerschalter einen hohen Auftrieb, wodurch auch unter schwierigen Verh\u00e4ltnissen, beispielsweise beim Einsatz in Schmutzwasser, eine reibungslose Funktion gew\u00e4hrleistet ist<\/span><span class=\"ingressi\">.\u00a0<\/span><span class=\"ingressi\">Mit nicht brennbaren Fl\u00fcssigkeiten einzusetzende KARI-Schwimmerschalter wurden von SGS FIMKO Oy gem\u00e4\u00df der Niederspannungsrichtlinie (LVD) f\u00fcr eine Spannung von 250 V zugelassen.<\/span><\/p>\n","protected":false},"featured_media":775,"comment_status":"closed","ping_status":"closed","template":"","meta":[],"product_brand":[],"product_cat":[62],"product_tag":[],"class_list":{"0":"post-1393","1":"product","2":"type-product","3":"status-publish","4":"has-post-thumbnail","6":"product_cat-schwimmerschalter","8":"first","9":"instock","10":"shipping-taxable","11":"product-type-simple"},"aioseo_notices":[],"_links":{"self":[{"href":"https:\/\/kari.fi\/de\/wp-json\/wp\/v2\/product\/1393","targetHints":{"allow":["GET"]}}],"collection":[{"href":"https:\/\/kari.fi\/de\/wp-json\/wp\/v2\/product"}],"about":[{"href":"https:\/\/kari.fi\/de\/wp-json\/wp\/v2\/types\/product"}],"replies":[{"embeddable":true,"href":"https:\/\/kari.fi\/de\/wp-json\/wp\/v2\/comments?post=1393"}],"wp:featuredmedia":[{"embeddable":true,"href":"https:\/\/kari.fi\/de\/wp-json\/wp\/v2\/media\/775"}],"wp:attachment":[{"href":"https:\/\/kari.fi\/de\/wp-json\/wp\/v2\/media?parent=1393"}],"wp:term":[{"taxonomy":"product_brand","embeddable":true,"href":"https:\/\/kari.fi\/de\/wp-json\/wp\/v2\/product_brand?post=1393"},{"taxonomy":"product_cat","embeddable":true,"href":"https:\/\/kari.fi\/de\/wp-json\/wp\/v2\/product_cat?post=1393"},{"taxonomy":"product_tag","embeddable":true,"href":"https:\/\/kari.fi\/de\/wp-json\/wp\/v2\/product_tag?post=1393"}],"curies":[{"name":"wp","href":"https:\/\/api.w.org\/{rel}","templated":true}]}}