{"id":1396,"date":"2020-05-08T14:42:08","date_gmt":"2020-05-08T11:42:08","guid":{"rendered":"http:\/\/kari.directmedia.ee\/products\/kari-schwimmerschalter-c2h-c2y-c2l-c2a-c2hl\/"},"modified":"2021-03-10T12:02:00","modified_gmt":"2021-03-10T10:02:00","slug":"kari-schwimmerschalter-c2h-c2y-c2l-c2a-c2hl","status":"publish","type":"product","link":"https:\/\/kari.fi\/de\/produkte\/kari-schwimmerschalter-c2h-c2y-c2l-c2a-c2hl\/","title":{"rendered":"KARI-schwimmerschalter C2H | C2Y | C2L | C2A | C2HL"},"content":{"rendered":"<h3>Funktionsbeispiel Modell C2H<\/h3>\n<div class=\"sw-desc\"><img decoding=\"async\" src=\"\/wp-content\/uploads\/2020\/04\/play-b.png\" alt=\"Play\" \/><b>Start<\/b><br \/>\nViel Fl\u00fcssigkeit. Die Entleerungspumpe wird eingeschaltet.<\/div>\n<div class=\"sw-desc\"><img decoding=\"async\" src=\"\/wp-content\/uploads\/2020\/04\/stop-b.png\" alt=\"Stop\" \/><b>StopP<\/b><br \/>\nUntere Entleerungsgrenze. Die Entleerungspumpe wird ausgeschaltet.<\/div>\n<h3 class=\"sec-h\">Funktionen<\/h3>\n<p><b>Steuerung der Entleerungspumpe<\/b><\/p>\n<table class=\"desc-table\">\n<tbody>\n<tr>\n<td>C2H<\/td>\n<td>Pumpensteuerung mit einem Schaltelement.<\/td>\n<\/tr>\n<tr>\n<td>C2Y<\/td>\n<td>Pumpensteuerung mit zwei Schaltelementen. Optional zwei obere Grenzstandalarmfunktionen.<\/td>\n<\/tr>\n<\/tbody>\n<\/table>\n<p><b>Steuerung der Bef\u00fcllungspumpe<\/b><\/p>\n<table class=\"desc-table\">\n<tbody>\n<tr>\n<td>C2L<\/td>\n<td>Pumpensteuerung mit einem Schaltelement.<\/td>\n<\/tr>\n<tr>\n<td>C2A<\/td>\n<td>Pumpensteuerung mit zwei Schaltelementen. Optional zwei untere Grenzstandalarmfunktionen.<\/td>\n<\/tr>\n<\/tbody>\n<\/table>\n<p><b>Alarm<\/b><\/p>\n<table class=\"desc-table\">\n<tbody>\n<tr>\n<td>C2HL<\/td>\n<td>Obere und untere Grenzstandalarmfunktionen.<\/td>\n<\/tr>\n<\/tbody>\n<\/table>\n","protected":false},"excerpt":{"rendered":"<p>KARI-Schwimmerschalter wurden f\u00fcr die Steuerung von Entleerungs- und Bef\u00fcllungspumpen und Motor- und Magnetventilen sowie f\u00fcr den Grenzstandalarm konzipiert.\u00a0Mit nicht brennbaren Fl\u00fcssigkeiten einzusetzende KARI-Schwimmerschalter wurden von SGS FIMKO Oy gem\u00e4\u00df der Niederspannungsrichtlinie (LVD) f\u00fcr eine Spannung von 250 V zugelassen.<\/p>\n","protected":false},"featured_media":801,"comment_status":"closed","ping_status":"closed","template":"","meta":[],"product_brand":[],"product_cat":[62],"product_tag":[],"class_list":{"0":"post-1396","1":"product","2":"type-product","3":"status-publish","4":"has-post-thumbnail","6":"product_cat-schwimmerschalter","8":"first","9":"instock","10":"shipping-taxable","11":"product-type-simple"},"aioseo_notices":[],"_links":{"self":[{"href":"https:\/\/kari.fi\/de\/wp-json\/wp\/v2\/product\/1396","targetHints":{"allow":["GET"]}}],"collection":[{"href":"https:\/\/kari.fi\/de\/wp-json\/wp\/v2\/product"}],"about":[{"href":"https:\/\/kari.fi\/de\/wp-json\/wp\/v2\/types\/product"}],"replies":[{"embeddable":true,"href":"https:\/\/kari.fi\/de\/wp-json\/wp\/v2\/comments?post=1396"}],"wp:featuredmedia":[{"embeddable":true,"href":"https:\/\/kari.fi\/de\/wp-json\/wp\/v2\/media\/801"}],"wp:attachment":[{"href":"https:\/\/kari.fi\/de\/wp-json\/wp\/v2\/media?parent=1396"}],"wp:term":[{"taxonomy":"product_brand","embeddable":true,"href":"https:\/\/kari.fi\/de\/wp-json\/wp\/v2\/product_brand?post=1396"},{"taxonomy":"product_cat","embeddable":true,"href":"https:\/\/kari.fi\/de\/wp-json\/wp\/v2\/product_cat?post=1396"},{"taxonomy":"product_tag","embeddable":true,"href":"https:\/\/kari.fi\/de\/wp-json\/wp\/v2\/product_tag?post=1396"}],"curies":[{"name":"wp","href":"https:\/\/api.w.org\/{rel}","templated":true}]}}