{"id":1402,"date":"2020-05-08T16:00:15","date_gmt":"2020-05-08T13:00:15","guid":{"rendered":"http:\/\/kari.directmedia.ee\/products\/kari-schwimmerschalter-m1c-m1h-m1l\/"},"modified":"2021-03-10T12:00:55","modified_gmt":"2021-03-10T10:00:55","slug":"kari-schwimmerschalter-m1c-m1h-m1l","status":"publish","type":"product","link":"https:\/\/kari.fi\/de\/produkte\/kari-schwimmerschalter-m1c-m1h-m1l\/","title":{"rendered":"KARI-schwimmerschalter M1C | M1H | M1L"},"content":{"rendered":"<h3>Funktionsbeispiel Modell M1H<\/h3>\n<div class=\"sw-desc\"><img decoding=\"async\" src=\"\/wp-content\/uploads\/2020\/04\/alert.png\" alt=\"Alarm\" \/><b>Alarm<\/b><br \/>\nDer Fl\u00fcssigkeitsstand steigt auf \u00dcberwachungsniveau an.\n<\/div>\n<h3 class=\"sec-h\">Funktionen<\/h3>\n<table class=\"desc-table\">\n<tbody>\n<tr>\n<td>M1C<\/td>\n<td>Umschalter<\/td>\n<\/tr>\n<tr>\n<td>M1H<\/td>\n<td>Oberer Grenzstandalarm<\/td>\n<\/tr>\n<tr>\n<td>M1L<\/td>\n<td>Unterer Grenzstandalar<\/td>\n<\/tr>\n<\/tbody>\n<\/table>\n","protected":false},"excerpt":{"rendered":"<p>Der KARI-Schwimmerschalter wurde f\u00fcr die Steuerung von Magnetventilen und f\u00fcr den Grenzstandalarm konzipiert.\u00a0Mit nicht brennbaren Fl\u00fcssigkeiten einzusetzende KARI-Schwimmerschalter wurden von SGS FIMKO Oy gem\u00e4\u00df der Niederspannungsrichtlinie (LVD) f\u00fcr eine Spannung von 250 V zugelassen.<\/p>\n","protected":false},"featured_media":828,"comment_status":"closed","ping_status":"closed","template":"","meta":[],"product_brand":[],"product_cat":[62],"product_tag":[],"class_list":{"0":"post-1402","1":"product","2":"type-product","3":"status-publish","4":"has-post-thumbnail","6":"product_cat-schwimmerschalter","8":"first","9":"instock","10":"shipping-taxable","11":"product-type-simple"},"aioseo_notices":[],"_links":{"self":[{"href":"https:\/\/kari.fi\/de\/wp-json\/wp\/v2\/product\/1402","targetHints":{"allow":["GET"]}}],"collection":[{"href":"https:\/\/kari.fi\/de\/wp-json\/wp\/v2\/product"}],"about":[{"href":"https:\/\/kari.fi\/de\/wp-json\/wp\/v2\/types\/product"}],"replies":[{"embeddable":true,"href":"https:\/\/kari.fi\/de\/wp-json\/wp\/v2\/comments?post=1402"}],"wp:featuredmedia":[{"embeddable":true,"href":"https:\/\/kari.fi\/de\/wp-json\/wp\/v2\/media\/828"}],"wp:attachment":[{"href":"https:\/\/kari.fi\/de\/wp-json\/wp\/v2\/media?parent=1402"}],"wp:term":[{"taxonomy":"product_brand","embeddable":true,"href":"https:\/\/kari.fi\/de\/wp-json\/wp\/v2\/product_brand?post=1402"},{"taxonomy":"product_cat","embeddable":true,"href":"https:\/\/kari.fi\/de\/wp-json\/wp\/v2\/product_cat?post=1402"},{"taxonomy":"product_tag","embeddable":true,"href":"https:\/\/kari.fi\/de\/wp-json\/wp\/v2\/product_tag?post=1402"}],"curies":[{"name":"wp","href":"https:\/\/api.w.org\/{rel}","templated":true}]}}