{"id":1405,"date":"2020-05-08T16:04:51","date_gmt":"2020-05-08T13:04:51","guid":{"rendered":"http:\/\/kari.directmedia.ee\/products\/kari-schwimmerschalter-m2h-m2l\/"},"modified":"2021-03-10T11:59:21","modified_gmt":"2021-03-10T09:59:21","slug":"kari-schwimmerschalter-m2h-m2l","status":"publish","type":"product","link":"https:\/\/kari.fi\/de\/produkte\/kari-schwimmerschalter-m2h-m2l\/","title":{"rendered":"KARI-schwimmerschalter M2H | M2L"},"content":{"rendered":"<h3>Funktionsbeispiel Modell M2H<\/h3>\n<div class=\"sw-desc\"><img decoding=\"async\" src=\"\/wp-content\/uploads\/2020\/04\/play-b.png\" alt=\"Play\" \/><b>Start<\/b><br \/>\nViel Fl\u00fcssigkeit. Die Entleerungspumpe wird eingeschaltet.<\/div>\n<div class=\"sw-desc\"><img decoding=\"async\" src=\"\/wp-content\/uploads\/2020\/04\/stop-b.png\" alt=\"Stop\" \/><b>Stopp<\/b><br \/>\nUntere Entleerungsgrenze. Die Entleerungspumpe wird ausgeschaltet.<\/div>\n<h3 class=\"sec-h\">Funktionen<\/h3>\n<table class=\"desc-table\">\n<tbody>\n<tr>\n<td>M2H<\/td>\n<td>Steuerung der Entleerungspumpe<\/td>\n<\/tr>\n<tr>\n<td>M2L<\/td>\n<td>Steuerung der Bef\u00fcllungspumpe<\/td>\n<\/tr>\n<\/tbody>\n<\/table>\n","protected":false},"excerpt":{"rendered":"<p>KARI-Schwimmerschalter wurden f\u00fcr die Steuerung von Magnetventilen und f\u00fcr den Grenzstandalarm konzipiert.\u00a0Mit nicht brennbaren Fl\u00fcssigkeiten einzusetzende KARI-Schwimmerschalter wurden von SGS FIMKO Oy gem\u00e4\u00df der Niederspannungsrichtlinie (LVD) f\u00fcr eine Spannung von 250 V zugelassen.<\/p>\n","protected":false},"featured_media":841,"comment_status":"closed","ping_status":"closed","template":"","meta":[],"product_brand":[],"product_cat":[62],"product_tag":[],"class_list":{"0":"post-1405","1":"product","2":"type-product","3":"status-publish","4":"has-post-thumbnail","6":"product_cat-schwimmerschalter","8":"first","9":"instock","10":"shipping-taxable","11":"product-type-simple"},"aioseo_notices":[],"_links":{"self":[{"href":"https:\/\/kari.fi\/de\/wp-json\/wp\/v2\/product\/1405","targetHints":{"allow":["GET"]}}],"collection":[{"href":"https:\/\/kari.fi\/de\/wp-json\/wp\/v2\/product"}],"about":[{"href":"https:\/\/kari.fi\/de\/wp-json\/wp\/v2\/types\/product"}],"replies":[{"embeddable":true,"href":"https:\/\/kari.fi\/de\/wp-json\/wp\/v2\/comments?post=1405"}],"wp:featuredmedia":[{"embeddable":true,"href":"https:\/\/kari.fi\/de\/wp-json\/wp\/v2\/media\/841"}],"wp:attachment":[{"href":"https:\/\/kari.fi\/de\/wp-json\/wp\/v2\/media?parent=1405"}],"wp:term":[{"taxonomy":"product_brand","embeddable":true,"href":"https:\/\/kari.fi\/de\/wp-json\/wp\/v2\/product_brand?post=1405"},{"taxonomy":"product_cat","embeddable":true,"href":"https:\/\/kari.fi\/de\/wp-json\/wp\/v2\/product_cat?post=1405"},{"taxonomy":"product_tag","embeddable":true,"href":"https:\/\/kari.fi\/de\/wp-json\/wp\/v2\/product_tag?post=1405"}],"curies":[{"name":"wp","href":"https:\/\/api.w.org\/{rel}","templated":true}]}}