{"id":1727,"date":"2020-04-23T07:50:28","date_gmt":"2020-04-23T04:50:28","guid":{"rendered":"https:\/\/kari.fi\/products\/"},"modified":"2025-09-10T14:04:35","modified_gmt":"2025-09-10T11:04:35","slug":"productos","status":"publish","type":"page","link":"https:\/\/kari.fi\/es\/productos\/","title":{"rendered":"Productos"},"content":{"rendered":"<h2><span style=\"font-weight: 400;\">Dispositivos confiables para la supervisi\u00f3n y control en superficie<\/span><\/h2>\n<p><img decoding=\"async\" src=\"\/wp-content\/uploads\/2020\/05\/tuotteet_01.jpg\"><br \/>\n<span style=\"float: right; padding-top: 25px;\"><iframe loading=\"lazy\" src=\"https:\/\/www.youtube.com\/embed\/jnsMrZ9mO6o\" width=\"400\" height=\"220\" frameborder=\"0\" allowfullscreen=\"allowfullscreen\"><\/iframe><\/span><br \/>\n<b>Kari-Finn Oy se dedica al desarrollo y fabricaci\u00f3n de interruptores de flotador KARI para la detecci\u00f3n y control de niveles de aguas residuales, l\u00edquidos generados por la industria, l\u00edquidos con distintos grados de viscosidad, y l\u00edquidos en pozos, sistemas de bombeo y dep\u00f3sitos.<\/b><\/p>\n<p>Los interruptores de nivel KARI ofrecen una alternativa a los interruptores de flotador. Adem\u00e1s de funcionar como sistemas de alarma de un nivel de l\u00edquido predeterminado, tambi\u00e9n se pueden utilizar con varios sensores KARI para establecer los niveles de arranque y parada deseados.<\/p>\n<p>El KARI MS detecta el nivel de superficies en silos en los que se almacenan productos de almacenamiento sueltos como grano o grava.<\/p>\n<p>Al equiparse con rel\u00e9s KARI Exi, nuestros interruptores tambi\u00e9n son compatibles para usos en atm\u00f3sferas potencialmente explosivas (espacios ATEX), incluidos los dep\u00f3sitos de aceite.<\/p>\n<p>Nuestra gama de productos tambi\u00e9n incluye dispositivos de alarma, accionamientos de bombas, conectores multipolo y fusibles t\u00e9rmicos para supervisar la seguridad de los quemadores de aceite.<\/p>\n","protected":false},"excerpt":{"rendered":"<p>Dispositivos confiables para la supervisi\u00f3n y control en superficie Kari-Finn Oy se dedica al desarrollo y fabricaci\u00f3n de interruptores de flotador KARI para la detecci\u00f3n y<span class=\"excerpt-hellip\"> [\u2026]<\/span><\/p>\n","protected":false},"author":1,"featured_media":0,"parent":0,"menu_order":0,"comment_status":"closed","ping_status":"closed","template":"","meta":{"footnotes":""},"class_list":["post-1727","page","type-page","status-publish","hentry"],"aioseo_notices":[],"_links":{"self":[{"href":"https:\/\/kari.fi\/es\/wp-json\/wp\/v2\/pages\/1727","targetHints":{"allow":["GET"]}}],"collection":[{"href":"https:\/\/kari.fi\/es\/wp-json\/wp\/v2\/pages"}],"about":[{"href":"https:\/\/kari.fi\/es\/wp-json\/wp\/v2\/types\/page"}],"author":[{"embeddable":true,"href":"https:\/\/kari.fi\/es\/wp-json\/wp\/v2\/users\/1"}],"replies":[{"embeddable":true,"href":"https:\/\/kari.fi\/es\/wp-json\/wp\/v2\/comments?post=1727"}],"version-history":[{"count":4,"href":"https:\/\/kari.fi\/es\/wp-json\/wp\/v2\/pages\/1727\/revisions"}],"predecessor-version":[{"id":2867,"href":"https:\/\/kari.fi\/es\/wp-json\/wp\/v2\/pages\/1727\/revisions\/2867"}],"wp:attachment":[{"href":"https:\/\/kari.fi\/es\/wp-json\/wp\/v2\/media?parent=1727"}],"curies":[{"name":"wp","href":"https:\/\/api.w.org\/{rel}","templated":true}]}}