{"id":1819,"date":"2020-05-08T16:34:25","date_gmt":"2020-05-08T13:34:25","guid":{"rendered":"https:\/\/kari.fi\/products\/interruptor-kari-ms-para-silos\/"},"modified":"2021-02-15T10:41:21","modified_gmt":"2021-02-15T08:41:21","slug":"interruptor-kari-ms-para-silos","status":"publish","type":"product","link":"https:\/\/kari.fi\/es\/productos\/interruptor-kari-ms-para-silos\/","title":{"rendered":"Interruptor KARI MS para silos"},"content":{"rendered":"<h3>Detector de nivel de superficie para productos sueltos de almacenamiento<\/h3>\n<p><strong>Dise\u00f1ado para el control de numerosos productos sueltos de almacenamiento<\/strong><\/p>\n<p>El KARI MS detecta el nivel de superficies en silos en los que se almacenan productos de almacenamiento sueltos como grano o grava. Su funcionamiento se basa en la inclinaci\u00f3n del flotador. Cuando la superficie de los productos de almacenamiento sueltos del silo alcanza el nivel del flotador, \u00e9ste se inclinar\u00e1 en un \u00e1ngulo de 25\u00b0. A continuaci\u00f3n, se activar\u00e1 un interruptor interno del flotador y saltar\u00e1 la alarma de alto nivel. El KARI MS puede emplearse en entornos ATEX si se utiliza una barrera Exi.<\/p>\n<h3>Alarma independiente de la direcci\u00f3n de la inclinaci\u00f3n<\/h3>\n<p>El KARI MS est\u00e1 compuesto por un cable y un interruptor cerrados en un cono estanco que, a su vez, cuelga de su propio cable situado cerca de la abertura del silo. Cuando la superficie de los productos de almacenamiento sueltos del silo alcanza el nivel del flotador, \u00e9ste se inclinar\u00e1 en un \u00e1ngulo de 25\u00b0. A continuaci\u00f3n, un interruptor activar\u00e1 la alarma de alto nivel. Al instalar el interruptor, no hay que preocuparse por la direcci\u00f3n de inclinaci\u00f3n, ya que el KARI MS emite una alarma independientemente de la direcci\u00f3n de inclinaci\u00f3n.<\/p>\n<h3>Tres tipos de productos<\/h3>\n<p>El KARI MS est\u00e1 disponible con tres tipos de contacto el\u00e9ctrico, de modo que es compatible con numerosas aplicaciones independientemente del tipo de contacto. El KARI MS1 viene con un contacto normalmente abierto (NA), mientras que el KARI MS2 tiene un contacto normalmente cerrado (NC). Gracias al contacto conmutador (CC), el KARI MS3 es la opci\u00f3n ideal cuando se desconoce el tipo de contacto de la aplicaci\u00f3n.<\/p>\n<h3>Todos los interruptores se someten a pruebas antes de su uso<\/h3>\n<p>Los interruptores KARI MS para silos son muy fiables y ofrecen una calidad excelente. Cada interruptor es sometido a rigurosas pruebas de funcionalidad antes de ser entregado al cliente.<\/p>\n<p><img decoding=\"async\" style=\"width: 33%; float: left;\" src=\"\/wp-content\/uploads\/2020\/05\/ip67.png\" \/><img decoding=\"async\" style=\"width: 33%; float: left;\" src=\"\/wp-content\/uploads\/2020\/05\/ce_logo.png\" \/><img decoding=\"async\" style=\"width: 33%; float: left;\" src=\"\/wp-content\/uploads\/2020\/05\/fimko_logo.png\" \/><\/p>\n","protected":false},"excerpt":{"rendered":"<p>Detector de nivel de superficie para productos sueltos de almacenamiento. El KARI MS detecta el nivel de superficies en silos en los que se almacenan productos de almacenamiento sueltos como grano o grava. Su funcionamiento se basa en la inclinaci\u00f3n del flotador. Cuando la superficie de los productos de almacenamiento sueltos del silo alcanza el nivel del flotador, \u00e9ste se inclinar\u00e1 en un \u00e1ngulo de 25\u00b0. A continuaci\u00f3n, se activar\u00e1 un interruptor interno del flotador y saltar\u00e1 la alarma de alto nivel. El KARI MS puede emplearse en entornos ATEX si se utiliza una barrera Exi.<\/p>\n","protected":false},"featured_media":1820,"comment_status":"closed","ping_status":"closed","template":"","meta":[],"product_brand":[],"product_cat":[86],"product_tag":[],"class_list":{"0":"post-1819","1":"product","2":"type-product","3":"status-publish","4":"has-post-thumbnail","6":"product_cat-interruptores-de-flotador","8":"first","9":"instock","10":"shipping-taxable","11":"product-type-simple"},"aioseo_notices":[],"_links":{"self":[{"href":"https:\/\/kari.fi\/es\/wp-json\/wp\/v2\/product\/1819","targetHints":{"allow":["GET"]}}],"collection":[{"href":"https:\/\/kari.fi\/es\/wp-json\/wp\/v2\/product"}],"about":[{"href":"https:\/\/kari.fi\/es\/wp-json\/wp\/v2\/types\/product"}],"replies":[{"embeddable":true,"href":"https:\/\/kari.fi\/es\/wp-json\/wp\/v2\/comments?post=1819"}],"wp:featuredmedia":[{"embeddable":true,"href":"https:\/\/kari.fi\/es\/wp-json\/wp\/v2\/media\/1820"}],"wp:attachment":[{"href":"https:\/\/kari.fi\/es\/wp-json\/wp\/v2\/media?parent=1819"}],"wp:term":[{"taxonomy":"product_brand","embeddable":true,"href":"https:\/\/kari.fi\/es\/wp-json\/wp\/v2\/product_brand?post=1819"},{"taxonomy":"product_cat","embeddable":true,"href":"https:\/\/kari.fi\/es\/wp-json\/wp\/v2\/product_cat?post=1819"},{"taxonomy":"product_tag","embeddable":true,"href":"https:\/\/kari.fi\/es\/wp-json\/wp\/v2\/product_tag?post=1819"}],"curies":[{"name":"wp","href":"https:\/\/api.w.org\/{rel}","templated":true}]}}