{"id":1824,"date":"2020-05-08T16:24:07","date_gmt":"2020-05-08T13:24:07","guid":{"rendered":"https:\/\/kari.fi\/products\/interruptor-de-nivel-kari-elp\/"},"modified":"2020-10-13T15:25:55","modified_gmt":"2020-10-13T12:25:55","slug":"interruptor-de-nivel-kari-elp","status":"publish","type":"product","link":"https:\/\/kari.fi\/es\/productos\/interruptor-de-nivel-kari-elp\/","title":{"rendered":"Interruptor de nivel KARI ELP"},"content":{"rendered":"<h3>Un sistema de control vers\u00e1til para aguas residuales<\/h3>\n<p><strong>Soluci\u00f3n extremadamente fiable para aguas residuales con residuos s\u00f3lidos<\/strong><\/p>\n<p>El sistema KARI ELP permite controlar los niveles de l\u00edquidos en plantas de bombeo de aguas residuales. Se trata de una soluci\u00f3n extremadamente fiable ya que se evita que cualquier elemento que caiga a las aguas residuales entre en contacto con el electrodo encargado de medir los cambios en el nivel del l\u00edquido. En funci\u00f3n de c\u00f3mo se conecte y del n\u00famero de electrodos utilizados, el KARI ELP es compatible con numerosas aplicaciones. F\u00e1cil ajuste de los niveles operativos.<\/p>\n<h3>Los l\u00edquidos que se precipiten no entrar\u00e1n en contacto con el electrodo<\/h3>\n<p>El KARI ELP es un sistema de control altamente fiable para aguas residuales y dem\u00e1s l\u00edquidos con residuos. Gracias a su innovador dise\u00f1o, las aguas residuales no entran en contacto con el electrodo en ning\u00fan momento y se impide que cualquier residuo interfiera con el funcionamiento del electrodo.<\/p>\n<h3>Disponible en modelos horizontales y verticales<\/h3>\n<p>El sistema KARI ELP se suministra con una bolsa para l\u00edquidos auxiliar prellenada, la unidad del electrodo de nivel KARI EL22 y electrodos con los cables correspondientes. Se necesita un conducto RST de 1\u201d. Se une a la bolsa tanto en posici\u00f3n horizontal como vertical. La configuraci\u00f3n vertical se utiliza cuando se encuentra una gran capa de sedimentos en la parte inferior del dep\u00f3sito o cuando hay que instalar el sistema en un pozo estrecho o un conducto que no es compatible con el sistema horizontal.<\/p>\n<h3>El l\u00edquido auxiliar supervisa los cambios que se produzcan en los niveles de l\u00edquidos<\/h3>\n<p>Los electrodos se colocan en el interior del conducto RST y se ajustan para que cuelguen al nivel deseado. Cuando aumenta el nivel de las aguas residuales, la presi\u00f3n hidroest\u00e1tica fuerza al l\u00edquido a salir de la bolsa de l\u00edquido auxiliar, lo que provoca que suba al conducto. En el conducto, el nivel del l\u00edquido auxiliar aumenta en consonancia con el nivel de las aguas residuales hasta que alcance el electrodo y se active una alarma de alto nivel.<\/p>\n<h3>Funciones m\u00faltiples y simult\u00e1neas para varias bombas<\/h3>\n<p>El sistema KARI ELP se suministra con interruptores de 1 a 4 funciones, incluidas las funciones de control de bomba y alarmas de nivel alto y bajo. El sistema cuenta con un electrodo separado para cada funci\u00f3n y los electrodos se instalan para colgar a la altura deseada. Y por si eso no fuera suficiente, el KARI ELP puede utilizarse para controlar varias bombas simult\u00e1neamente. Una configuraci\u00f3n t\u00edpica consiste en un sistema de tres bombas, en la que las tres bombas comparten las funciones de parada y las alarmas de alto nivel, mientras que los niveles de accionamiento var\u00edan entre ellas.<\/p>\n<h3>Niveles de funcionamiento con una precisi\u00f3n de menos de un cent\u00edmetro<\/h3>\n<p>El KARL ELP es un dispositivo de control y supervisi\u00f3n extremadamente preciso para sistemas de aguas residuales. Los niveles de funcionamiento pueden determinarse con una precisi\u00f3n de menos de un cent\u00edmetro. Su sistema de interruptor, el KARI EL22, ha sido aprobado por SGS Fimko. Cada interruptor y el sistema KARI ELP son sometidos a rigurosas pruebas de funcionalidad antes de entreg\u00e1rselos al cliente.<\/p>\n<p><img decoding=\"async\" style=\"width: 33%; float: left;\" src=\"\/wp-content\/uploads\/2020\/05\/sgs_finland_logo.png\" \/><img decoding=\"async\" style=\"width: 33%; float: left;\" src=\"\/wp-content\/uploads\/2020\/05\/ce_logo.png\" \/><img decoding=\"async\" style=\"width: 33%; float: left;\" src=\"\/wp-content\/uploads\/2020\/05\/suojausluokka_II.png\" \/><\/p>\n","protected":false},"excerpt":{"rendered":"<p>Un sistema de control vers\u00e1til para aguas residuales. Soluci\u00f3n extremadamente fiable para aguas residuales con residuos s\u00f3lidos. El sistema KARI ELP permite controlar los niveles de l\u00edquidos en plantas de bombeo de aguas residuales. Se trata de una soluci\u00f3n extremadamente fiable ya que se evita que cualquier elemento que caiga a las aguas residuales entre en contacto con el electrodo encargado de medir los cambios en el nivel del l\u00edquido. <\/p>\n","protected":false},"featured_media":1825,"comment_status":"closed","ping_status":"closed","template":"","meta":[],"product_brand":[],"product_cat":[86],"product_tag":[],"class_list":{"0":"post-1824","1":"product","2":"type-product","3":"status-publish","4":"has-post-thumbnail","6":"product_cat-interruptores-de-flotador","8":"first","9":"instock","10":"shipping-taxable","11":"product-type-simple"},"aioseo_notices":[],"_links":{"self":[{"href":"https:\/\/kari.fi\/es\/wp-json\/wp\/v2\/product\/1824","targetHints":{"allow":["GET"]}}],"collection":[{"href":"https:\/\/kari.fi\/es\/wp-json\/wp\/v2\/product"}],"about":[{"href":"https:\/\/kari.fi\/es\/wp-json\/wp\/v2\/types\/product"}],"replies":[{"embeddable":true,"href":"https:\/\/kari.fi\/es\/wp-json\/wp\/v2\/comments?post=1824"}],"wp:featuredmedia":[{"embeddable":true,"href":"https:\/\/kari.fi\/es\/wp-json\/wp\/v2\/media\/1825"}],"wp:attachment":[{"href":"https:\/\/kari.fi\/es\/wp-json\/wp\/v2\/media?parent=1824"}],"wp:term":[{"taxonomy":"product_brand","embeddable":true,"href":"https:\/\/kari.fi\/es\/wp-json\/wp\/v2\/product_brand?post=1824"},{"taxonomy":"product_cat","embeddable":true,"href":"https:\/\/kari.fi\/es\/wp-json\/wp\/v2\/product_cat?post=1824"},{"taxonomy":"product_tag","embeddable":true,"href":"https:\/\/kari.fi\/es\/wp-json\/wp\/v2\/product_tag?post=1824"}],"curies":[{"name":"wp","href":"https:\/\/api.w.org\/{rel}","templated":true}]}}