{"id":1827,"date":"2020-05-08T16:13:27","date_gmt":"2020-05-08T13:13:27","guid":{"rendered":"https:\/\/kari.fi\/products\/interruptor-de-nivel-kari-el22\/"},"modified":"2021-02-15T10:08:21","modified_gmt":"2021-02-15T08:08:21","slug":"interruptor-de-nivel-kari-el22","status":"publish","type":"product","link":"https:\/\/kari.fi\/es\/productos\/interruptor-de-nivel-kari-el22\/","title":{"rendered":"Interruptor de nivel KARI EL22"},"content":{"rendered":"<h3>Un interruptor fiable para el control de l\u00edquidos conductivos<\/h3>\n<p><strong>Los sensores KARI tienen una precisi\u00f3n de medici\u00f3n inferior a un cent\u00edmetro<\/strong><\/p>\n<p>Los sensores de Kari-Finn ofrecen un nivel de precisi\u00f3n extremadamente elevado para la supervisi\u00f3n y control de l\u00edquidos conductivos. Nuestra selecci\u00f3n permite elegir la soluci\u00f3n ideal para un amplio abanico de aplicaciones, desde instalaciones cerradas hasta pozos y contenedores. El interruptor de nivel KARI EL22, su unidad central, hace que nuestros sensores sean aptos para numerosos usos. Adem\u00e1s de funcionar como sistemas de alarma de alto y bajo nivel, tambi\u00e9n se pueden utilizar para establecer los niveles de accionamiento y parada deseados.<\/p>\n<h3>Interruptor de nivel KARI EL22, una unidad central para sensores<\/h3>\n<p>La unidad central de nuestros sensores, el KARI EL22, ha sido aprobada por el organismo de certificaci\u00f3n SGS Fimko. Esta unidad es un dispositivo de control y supervisi\u00f3n extremadamente preciso que permite determinar los niveles operativos del sensor con una precisi\u00f3n inferior a un cent\u00edmetro.<\/p>\n<h3>El sistema se puede regular en funci\u00f3n de la conductividad del l\u00edquido<\/h3>\n<p>El sistema es apto para utilizarse en una amplia gama de condiciones, ya que puede regularse su sensibilidad en funci\u00f3n de la conductividad del l\u00edquido. El KARI EL22 es compatible con numerosas aplicaciones, en funci\u00f3n de los sensores elegidos. Puede utilizarse para:<\/p>\n<ul>\n<li>evitar el funcionamiento en seco de bombas en pozos profundos<\/li>\n<li>controlar la carga y descarga<\/li>\n<li>controlar v\u00e1lvulas electromagn\u00e9ticas y accionadas por motor<\/li>\n<li>activar alarmas de alto y bajo nivel<\/li>\n<li>establecer dosis<\/li>\n<li>funcionar como un sensor de inundaciones en instalaciones cerradas<\/li>\n<\/ul>\n<h3>Seguro y resistente<\/h3>\n<p>Las mediciones se ejecutan con seguridad a una tensi\u00f3n extrabaja (SELV o PELV). El KARI EL22 est\u00e1 separado de la corriente de entrada por medio de un transformador doble aislado protegido contra cortocircuitos. Adem\u00e1s cuenta con una protecci\u00f3n adicional gracias a una caja que permanecer\u00e1 intacta aunque se suelte un cable. Cada una de las unidades centrales KARI EL22 es sometida a una prueba de funcionalidad antes de entreg\u00e1rsela al cliente.<\/p>\n<h3>La soluci\u00f3n de electrodos ideal para cualquier aplicaci\u00f3n<\/h3>\n<p>El KARI EL22 suele conectarse a un electrodo PEL de un pozo equipado con un cable conector o un electrodo de barras HIR, instalado a trav\u00e9s de una pared del contenedor por medio de un casquillo.<\/p>\n","protected":false},"excerpt":{"rendered":"<p>Un interruptor fiable para el control de l\u00edquidos conductivos. Los sensores KARI tienen una precisi\u00f3n de medici\u00f3n inferior a un cent\u00edmetro. Los sensores de Kari-Finn ofrecen un nivel de precisi\u00f3n extremadamente elevado para la supervisi\u00f3n y control de l\u00edquidos conductivos. Nuestra selecci\u00f3n permite elegir la soluci\u00f3n ideal para un amplio abanico de aplicaciones, desde instalaciones cerradas hasta pozos y contenedores.<\/p>\n","protected":false},"featured_media":1828,"comment_status":"closed","ping_status":"closed","template":"","meta":[],"product_brand":[],"product_cat":[86],"product_tag":[],"class_list":{"0":"post-1827","1":"product","2":"type-product","3":"status-publish","4":"has-post-thumbnail","6":"product_cat-interruptores-de-flotador","8":"first","9":"instock","10":"shipping-taxable","11":"product-type-simple"},"aioseo_notices":[],"_links":{"self":[{"href":"https:\/\/kari.fi\/es\/wp-json\/wp\/v2\/product\/1827","targetHints":{"allow":["GET"]}}],"collection":[{"href":"https:\/\/kari.fi\/es\/wp-json\/wp\/v2\/product"}],"about":[{"href":"https:\/\/kari.fi\/es\/wp-json\/wp\/v2\/types\/product"}],"replies":[{"embeddable":true,"href":"https:\/\/kari.fi\/es\/wp-json\/wp\/v2\/comments?post=1827"}],"wp:featuredmedia":[{"embeddable":true,"href":"https:\/\/kari.fi\/es\/wp-json\/wp\/v2\/media\/1828"}],"wp:attachment":[{"href":"https:\/\/kari.fi\/es\/wp-json\/wp\/v2\/media?parent=1827"}],"wp:term":[{"taxonomy":"product_brand","embeddable":true,"href":"https:\/\/kari.fi\/es\/wp-json\/wp\/v2\/product_brand?post=1827"},{"taxonomy":"product_cat","embeddable":true,"href":"https:\/\/kari.fi\/es\/wp-json\/wp\/v2\/product_cat?post=1827"},{"taxonomy":"product_tag","embeddable":true,"href":"https:\/\/kari.fi\/es\/wp-json\/wp\/v2\/product_tag?post=1827"}],"curies":[{"name":"wp","href":"https:\/\/api.w.org\/{rel}","templated":true}]}}