{"id":1833,"date":"2020-04-24T16:12:36","date_gmt":"2020-04-24T13:12:36","guid":{"rendered":"https:\/\/kari.fi\/products\/conector-multipolo-kari-pkl\/"},"modified":"2021-02-15T10:18:33","modified_gmt":"2021-02-15T08:18:33","slug":"conector-multipolo-kari-pkl","status":"publish","type":"product","link":"https:\/\/kari.fi\/es\/productos\/conector-multipolo-kari-pkl\/","title":{"rendered":"Conector multipolo KARI PKL"},"content":{"rendered":"<h3>Un conector de cable para bombas fiable y estanco<\/h3>\n<h3>Una soluci\u00f3n rentable y sencilla<\/h3>\n<p>El KARI PKL es un conector de cable estanco y fiable dise\u00f1ado para bombas sumergibles. Permite reducir considerablemente los costes de mantenimiento de las bombas. Gracias a al dise\u00f1o de este conector, se puede desconectar y reconectar la bomba sin necesidad de que un electricista ejecute la tarea. El KARI PKL es una inversi\u00f3n \u00fanica en su clase que cuesta m\u00e1s o menos lo mismo que una operaci\u00f3n de desconexi\u00f3n y reconexi\u00f3n ejecutada por un electricista profesional.<\/p>\n<h3>Facilitar el dise\u00f1o: el KARI PKL es compatible con todos los tipos de bombas<\/h3>\n<p>El KARI PKL facilita la tarea de dise\u00f1o de todas las partes involucradas en la fabricaci\u00f3n o actualizaci\u00f3n de los sistemas de plantas de bombeo o de tratamiento de aguas. Asimismo, constituye una soluci\u00f3n sencilla para las empresas de instalaciones y servicios que prestan servicios de mantenimiento a estaciones de bombeo. Gracias a su dise\u00f1o estanco, es apto tanto para grandes dep\u00f3sitos como peque\u00f1os pozos.<\/p>\n<h3>Readaptaci\u00f3n f\u00e1cil y segura<\/h3>\n<p>El KARI PKL est\u00e1 unido a un cable que conecta la bomba sumergible con un cuadro de conmutaci\u00f3n. Tambi\u00e9n se instala de forma r\u00e1pida y sencilla cuando hay que sustituir la soluci\u00f3n el\u00e9ctrica de la bomba sin tener que acudir a un especialista. Tras el mantenimiento de la bomba, puede estar seguro de que el sistema siempre estar\u00e1 bien reconectado a la red el\u00e9ctrica, ya que no hay posibilidad de cambiar la direcci\u00f3n de rotaci\u00f3n de la bomba.<\/p>\n<h3>Una bomba de respaldo de f\u00e1cil instalaci\u00f3n que garantiza un funcionamiento continuo<\/h3>\n<p>Gracias a su mecanismo de instalaci\u00f3n r\u00e1pida y f\u00e1cil, el KARI PKL permite utilizar una bomba de respaldo cuando la principal est\u00e9 sometida a tareas de mantenimiento. De este modo se evitan tiempos de inactividad innecesarios y se garantiza el funcionamiento continuo de la bomba.<\/p>\n<h3>Una soluci\u00f3n segura para el cuadro de conmutaci\u00f3n<\/h3>\n<p>Al utilizar el KARI PKL, no hay que preocuparse por los casquillos del cuadro de conmutaci\u00f3n: no hay que aflojarlos al desconectar la bomba. No hay posibilidad alguna de que entren humedad o gases al cuadro de conmutaci\u00f3n.<\/p>\n<h3>Un conector de alimentaci\u00f3n para dispositivos electr\u00f3nicos tambi\u00e9n en condiciones de lluvia<\/h3>\n<p>Adem\u00e1s de las estaciones de bombeo, el KARI PKL es una soluci\u00f3n ideal para dispositivos de alimentaci\u00f3n el\u00e9ctrica que se emplean en condiciones h\u00famedas o como conector de alargadores en climas h\u00famedos. Independientemente de la aplicaci\u00f3n, la \u00fanica informaci\u00f3n que se necesita para realizar el pedido del conector, es el n\u00famero de polos (4-10) y el di\u00e1metro exterior del cable.<\/p>\n","protected":false},"excerpt":{"rendered":"<p>Un conector de cable para bombas fiable y estanco. Una soluci\u00f3n rentable y sencilla. El KARI PKL es un conector de cable estanco y fiable dise\u00f1ado para bombas sumergibles. Permite reducir considerablemente los costes de mantenimiento de las bombas. Gracias a al dise\u00f1o de este conector, se puede desconectar y reconectar la bomba sin necesidad de que un electricista ejecute la tarea.<\/p>\n","protected":false},"featured_media":1837,"comment_status":"closed","ping_status":"closed","template":"","meta":[],"product_brand":[],"product_cat":[87],"product_tag":[],"class_list":{"0":"post-1833","1":"product","2":"type-product","3":"status-publish","4":"has-post-thumbnail","6":"product_cat-conectores-multipolo","8":"first","9":"instock","10":"shipping-taxable","11":"product-type-simple"},"aioseo_notices":[],"_links":{"self":[{"href":"https:\/\/kari.fi\/es\/wp-json\/wp\/v2\/product\/1833","targetHints":{"allow":["GET"]}}],"collection":[{"href":"https:\/\/kari.fi\/es\/wp-json\/wp\/v2\/product"}],"about":[{"href":"https:\/\/kari.fi\/es\/wp-json\/wp\/v2\/types\/product"}],"replies":[{"embeddable":true,"href":"https:\/\/kari.fi\/es\/wp-json\/wp\/v2\/comments?post=1833"}],"wp:featuredmedia":[{"embeddable":true,"href":"https:\/\/kari.fi\/es\/wp-json\/wp\/v2\/media\/1837"}],"wp:attachment":[{"href":"https:\/\/kari.fi\/es\/wp-json\/wp\/v2\/media?parent=1833"}],"wp:term":[{"taxonomy":"product_brand","embeddable":true,"href":"https:\/\/kari.fi\/es\/wp-json\/wp\/v2\/product_brand?post=1833"},{"taxonomy":"product_cat","embeddable":true,"href":"https:\/\/kari.fi\/es\/wp-json\/wp\/v2\/product_cat?post=1833"},{"taxonomy":"product_tag","embeddable":true,"href":"https:\/\/kari.fi\/es\/wp-json\/wp\/v2\/product_tag?post=1833"}],"curies":[{"name":"wp","href":"https:\/\/api.w.org\/{rel}","templated":true}]}}