{"id":1845,"date":"2020-05-06T13:33:54","date_gmt":"2020-05-06T10:33:54","guid":{"rendered":"https:\/\/kari.fi\/products\/fusible-termico-kari-ls90\/"},"modified":"2020-10-14T09:20:05","modified_gmt":"2020-10-14T06:20:05","slug":"fusible-termico-kari-ls90","status":"publish","type":"product","link":"https:\/\/kari.fi\/es\/productos\/fusible-termico-kari-ls90\/","title":{"rendered":"Fusible t\u00e9rmico KARI LS90"},"content":{"rendered":"<h3>Un dispositivo de seguridad fiable para temperaturas en aumento<\/h3>\n<p><strong>Una soluci\u00f3n de seguridad que activa una alarma al alcanzar los 90 \u00b0C<\/strong><\/p>\n<p>El fusible t\u00e9rmico KARI LS90 es un dispositivo de seguridad fiable para aplicaciones en las que las altas temperaturas pueden da\u00f1ar gravemente el equipo o suponer un riesgo de incendio. Una aplicaci\u00f3n t\u00edpica consiste en una central de calefacci\u00f3n que emplea el petr\u00f3leo como fuente de energ\u00eda, y en la que se instala el KARI LS90 en los alrededores del quemador. Cuando la temperatura supera los 90 \u00b0C, se funde la aleaci\u00f3n de metal de la caja de fusibles, lo que provoca a su vez el corte de la alimentaci\u00f3n. A continuaci\u00f3n, se interrumpe el suministro de aceite a la planta y, entonces, suena la alarma. El KARI LS90 es un dispositivo de seguridad extremadamente fiable que se basa en una temperatura de fundici\u00f3n predeterminada y que carece de sensores el\u00e9ctricos susceptibles a perturbaciones o sistemas electr\u00f3nicos complejos.<\/p>\n<h3>Una opci\u00f3n excelente para un disyuntor y un sistema de alarma para numerosas aplicaciones<\/h3>\n<p>El KARI LS90 es una elecci\u00f3n excelente para un dispositivo de seguridad y de protecci\u00f3n para la mayor\u00eda de aplicaciones en las que la temperatura no puede superar los 90 \u00b0C. Se puede utilizar como un sistema de alarma simple o, si se desea, como disyuntor de un dispositivo que, en caso de sobrecalentamiento, podr\u00eda da\u00f1ar gravemente el equipo o entra\u00f1ar un riesgo de incendio. Una situaci\u00f3n de peligro como tal podr\u00eda, por ejemplo, darse como resultado de un fallo en un termostato del quemador, que a su vez dar\u00eda problemas para controlar el suministro de aceite y el sobrecalentamiento del quemador.<\/p>\n<h3>Una soluci\u00f3n de seguridad ideal para los sistemas de calefacci\u00f3n<\/h3>\n<p>El KARI LS90 ofrece una soluci\u00f3n de seguridad fiable tanto para sistemas grandes como peque\u00f1os. Adem\u00e1s de para plantas el\u00e9ctricas alimentadas por combustible l\u00edquido y de los hogares con calefacci\u00f3n de fueloil, tambi\u00e9n es compatible con otros m\u00e9todos de calefacci\u00f3n, incluidos los sistemas de gas natural o pelets.<\/p>\n<h3>Tambi\u00e9n es fiable en casos de rayos o dem\u00e1s problemas de alimentaci\u00f3n el\u00e9ctrica<\/h3>\n<p>Su principio operativo, basado en una temperatura de fundici\u00f3n, es lo que hace del KARI LS90 un dispositivo de seguridad \u00fanico y fiable. Su sistema de detecci\u00f3n no depende de sensores el\u00e9ctricos o dem\u00e1s dispositivos electr\u00f3nicos que puedan verse afectados por tormentas el\u00e9ctricas o dem\u00e1s problemas de la red el\u00e9ctrica.<\/p>\n<h3>Instalaci\u00f3n f\u00e1cil, independientemente de la soluci\u00f3n de alimentaci\u00f3n principal del dispositivo<\/h3>\n<p>El KARI LS90 se instala f\u00e1cilmente en el circuito de control principal del dispositivo, donde funciona como un sistema de control sin necesidad de contar con un transformador. Cuando la temperatura aumenta y se funde la aleaci\u00f3n de metal, se interrumpe el circuito de control y el circuito de la alarma activa la alarma. Con una unidad de contacto con un contacto NC y un contacto NO, el KARI LS90 es compatible con cualquier dispositivo, independientemente del tipo de contacto.<\/p>\n<h3>Un fusible f\u00e1cil de cambiar<\/h3>\n<p>El KARI LS90 debe instalarse cerca del quemador o de otro dispositivo que haya que proteger. Hay que evitar colocar el dispositivo de seguridad en una ubicaci\u00f3n en la que la temperatura pueda superar los 40 \u00b0C en condiciones normales, para evitar as\u00ed que el fusible sea propenso a fallos con el tiempo y produzca falsas alarmas. El fusible en s\u00ed se instala en la tapa de la caja del dispositivo, un lugar de f\u00e1cil acceso y cambio. Hay disponibles fusibles de recambio independientes (tipo S90).<\/p>\n","protected":false},"excerpt":{"rendered":"<p>Un dispositivo de seguridad fiable para temperaturas en aumento. Una soluci\u00f3n de seguridad que activa una alarma al alcanzar los 90 \u00b0C. El fusible t\u00e9rmico KARI LS90 es un dispositivo de seguridad fiable para aplicaciones en las que las altas temperaturas pueden da\u00f1ar gravemente el equipo o suponer un riesgo de incendio.<\/p>\n","protected":false},"featured_media":1846,"comment_status":"closed","ping_status":"closed","template":"","meta":[],"product_brand":[],"product_cat":[90],"product_tag":[],"class_list":{"0":"post-1845","1":"product","2":"type-product","3":"status-publish","4":"has-post-thumbnail","6":"product_cat-fusibles-termicos","8":"first","9":"instock","10":"shipping-taxable","11":"product-type-simple"},"aioseo_notices":[],"_links":{"self":[{"href":"https:\/\/kari.fi\/es\/wp-json\/wp\/v2\/product\/1845","targetHints":{"allow":["GET"]}}],"collection":[{"href":"https:\/\/kari.fi\/es\/wp-json\/wp\/v2\/product"}],"about":[{"href":"https:\/\/kari.fi\/es\/wp-json\/wp\/v2\/types\/product"}],"replies":[{"embeddable":true,"href":"https:\/\/kari.fi\/es\/wp-json\/wp\/v2\/comments?post=1845"}],"wp:featuredmedia":[{"embeddable":true,"href":"https:\/\/kari.fi\/es\/wp-json\/wp\/v2\/media\/1846"}],"wp:attachment":[{"href":"https:\/\/kari.fi\/es\/wp-json\/wp\/v2\/media?parent=1845"}],"wp:term":[{"taxonomy":"product_brand","embeddable":true,"href":"https:\/\/kari.fi\/es\/wp-json\/wp\/v2\/product_brand?post=1845"},{"taxonomy":"product_cat","embeddable":true,"href":"https:\/\/kari.fi\/es\/wp-json\/wp\/v2\/product_cat?post=1845"},{"taxonomy":"product_tag","embeddable":true,"href":"https:\/\/kari.fi\/es\/wp-json\/wp\/v2\/product_tag?post=1845"}],"curies":[{"name":"wp","href":"https:\/\/api.w.org\/{rel}","templated":true}]}}