{"id":1848,"date":"2020-05-06T14:25:22","date_gmt":"2020-05-06T11:25:22","guid":{"rendered":"https:\/\/kari.fi\/products\/rele-kari-exi\/"},"modified":"2020-10-14T09:24:43","modified_gmt":"2020-10-14T06:24:43","slug":"rele-kari-exi","status":"publish","type":"product","link":"https:\/\/kari.fi\/es\/productos\/rele-kari-exi\/","title":{"rendered":"Rel\u00e9 KARI Exi"},"content":{"rendered":"<h3>Permite utilizar el interruptor de flotador en atm\u00f3sferas potencialmente explosivas (espacios ATEX)<\/h3>\n<p><strong>Un rel\u00e9 seguro para interruptores de flotador utilizados en atm\u00f3sferas potencialmente explosivas<\/strong><\/p>\n<p>El rel\u00e9 KARI Exi est\u00e1 dise\u00f1ado para proporcionar una soluci\u00f3n de sistema de control seguro para interruptores de flotador utilizados en atm\u00f3sferas potencialmente explosivas, incluidos los contenedores de aceite. Sus propiedades de seguridad se basan en su circuito de seguridad, incapaz de generar la energ\u00eda el\u00e9ctrica suficiente para prender materiales inflamables. El rel\u00e9 KARI Exi es conforme a las principales normas de seguridad internacionales, de modo que el interruptor de flotador se puede utilizar con total seguridad en numerosas atm\u00f3sferas potencialmente explosivas. Se instala f\u00e1cilmente en un riel DIN situado en el exterior de un espacio potencialmente explosivo.<\/p>\n<h3>Conformidad ATEX con el rel\u00e9 KARI Exi<\/h3>\n<p>El rel\u00e9 KARI Exi es una soluci\u00f3n sencilla para que un interruptor de flotador sea conforme a las normas en materia de ATEX. El rel\u00e9 elimina el riesgo de explosi\u00f3n al limitar la cantidad de energ\u00eda el\u00e9ctrica que accede al espacio ATEX. Por lo general, el rel\u00e9 KARI Exi se utiliza en contenedores de aceite con los modelos C (\u00f8 99 mm) y M (\u00f8 76 mm) del interruptor de flotador KARI. Asimismo, supone una alternativa excelente a los interruptores de flotador para aplicaciones qu\u00edmicas y petroqu\u00edmicas.<\/p>\n<h3>Un rel\u00e9 para espacios no ATEX<\/h3>\n<p>ex II I G Ex ia Ga IIC<br \/>\nEl rel\u00e9 KARI Exi se instala f\u00e1cilmente en un riel DIN situado en el exterior de un espacio potencialmente explosivo. Gracias a sus componentes de la m\u00e1xima calidad, el rel\u00e9 es totalmente fiable y resistente. Puede elegir entre modelos con uno o dos canales, en funci\u00f3n de su aplicaci\u00f3n. Puede utilizar el KARI Exi de un canal como un sistema de alarma de nivel alto o bajo, por ejemplo. El rel\u00e9 de dos canales permite el control simult\u00e1neo de dos funciones.<\/p>\n<p><img decoding=\"async\" style=\"width: 16%; float: left;\" src=\"\/wp-content\/uploads\/2020\/04\/ex_II_I_G_Ex_ia_Ga_IIC.jpg\"><img decoding=\"async\" style=\"width: 16%; float: left;\" src=\"\/wp-content\/uploads\/2020\/04\/ce_logo.jpg\"><img decoding=\"async\" style=\"width: 16%; float: left;\" src=\"\/wp-content\/uploads\/2020\/04\/csa.jpg\"><img decoding=\"async\" style=\"width: 16%; float: left;\" src=\"\/wp-content\/uploads\/2020\/04\/culus_listed.jpg\"><img decoding=\"async\" style=\"width: 16%; float: left;\" src=\"\/wp-content\/uploads\/2020\/04\/fm_approved.jpg\"><img decoding=\"async\" style=\"width: 16%; float: left;\" src=\"\/wp-content\/uploads\/2020\/04\/sil_logo.jpg\"><\/p>\n","protected":false},"excerpt":{"rendered":"<p>Permite utilizar el interruptor de flotador en atm\u00f3sferas potencialmente explosivas (espacios ATEX). Un rel\u00e9 seguro para interruptores de flotador utilizados en atm\u00f3sferas potencialmente explosivas. El rel\u00e9 KARI Exi est\u00e1 dise\u00f1ado para proporcionar una soluci\u00f3n de sistema de control seguro para interruptores de flotador utilizados en atm\u00f3sferas potencialmente explosivas, incluidos los contenedores de aceite.<\/p>\n","protected":false},"featured_media":1849,"comment_status":"closed","ping_status":"closed","template":"","meta":[],"product_brand":[],"product_cat":[85],"product_tag":[],"class_list":{"0":"post-1848","1":"product","2":"type-product","3":"status-publish","4":"has-post-thumbnail","6":"product_cat-productos-atex","8":"first","9":"instock","10":"shipping-taxable","11":"product-type-simple"},"aioseo_notices":[],"_links":{"self":[{"href":"https:\/\/kari.fi\/es\/wp-json\/wp\/v2\/product\/1848","targetHints":{"allow":["GET"]}}],"collection":[{"href":"https:\/\/kari.fi\/es\/wp-json\/wp\/v2\/product"}],"about":[{"href":"https:\/\/kari.fi\/es\/wp-json\/wp\/v2\/types\/product"}],"replies":[{"embeddable":true,"href":"https:\/\/kari.fi\/es\/wp-json\/wp\/v2\/comments?post=1848"}],"wp:featuredmedia":[{"embeddable":true,"href":"https:\/\/kari.fi\/es\/wp-json\/wp\/v2\/media\/1849"}],"wp:attachment":[{"href":"https:\/\/kari.fi\/es\/wp-json\/wp\/v2\/media?parent=1848"}],"wp:term":[{"taxonomy":"product_brand","embeddable":true,"href":"https:\/\/kari.fi\/es\/wp-json\/wp\/v2\/product_brand?post=1848"},{"taxonomy":"product_cat","embeddable":true,"href":"https:\/\/kari.fi\/es\/wp-json\/wp\/v2\/product_cat?post=1848"},{"taxonomy":"product_tag","embeddable":true,"href":"https:\/\/kari.fi\/es\/wp-json\/wp\/v2\/product_tag?post=1848"}],"curies":[{"name":"wp","href":"https:\/\/api.w.org\/{rel}","templated":true}]}}