{"id":1850,"date":"2020-05-06T13:00:33","date_gmt":"2020-05-06T10:00:33","guid":{"rendered":"https:\/\/kari.fi\/products\/dispositivos-de-alarma-firefly\/"},"modified":"2020-10-14T09:38:38","modified_gmt":"2020-10-14T06:38:38","slug":"dispositivos-de-alarma-firefly","status":"publish","type":"product","link":"https:\/\/kari.fi\/es\/productos\/dispositivos-de-alarma-firefly\/","title":{"rendered":"Dispositivos de alarma FireFly"},"content":{"rendered":"<p>FireFly est\u00e1 dise\u00f1ado para utilizarse como una simple alarma y puede sustituir la luz roja de alarma existente: las alarmas de la bomba y de nivel alto del agua se env\u00edan directamente al sistema SRO por medio de Sigfox. Con la ayuda de una bobina de alimentaci\u00f3n externa, tambi\u00e9n puede detectar el n\u00famero de accionamientos y el tiempo de funcionamiento de la bomba.<\/p>\n<p>El dispositivo de alarma alimentado por bater\u00eda se suministra con 2 entradas digitales y 1 anal\u00f3gica (0 &#8211; 10 V CC).<\/p>\n<p>FireFly es apto para utilizarse con el interruptor de flotador Kari en determinadas aplicaciones. P\u00f3ngase en contacto con nosotros para obtener m\u00e1s informaci\u00f3n!<\/p>\n","protected":false},"excerpt":{"rendered":"<p>FireFly est\u00e1 dise\u00f1ado para utilizarse como una simple alarma y puede sustituir la luz roja de alarma existente: las alarmas de la bomba y de nivel alto del agua se env\u00edan directamente al sistema SRO por medio de Sigfox. Con la ayuda de una bobina de alimentaci\u00f3n externa, tambi\u00e9n puede detectar el n\u00famero de accionamientos y el tiempo de funcionamiento de la bomba.<\/p>\n","protected":false},"featured_media":1851,"comment_status":"closed","ping_status":"closed","template":"","meta":[],"product_brand":[],"product_cat":[84],"product_tag":[],"class_list":{"0":"post-1850","1":"product","2":"type-product","3":"status-publish","4":"has-post-thumbnail","6":"product_cat-firefly-es","8":"first","9":"instock","10":"shipping-taxable","11":"product-type-simple"},"aioseo_notices":[],"_links":{"self":[{"href":"https:\/\/kari.fi\/es\/wp-json\/wp\/v2\/product\/1850","targetHints":{"allow":["GET"]}}],"collection":[{"href":"https:\/\/kari.fi\/es\/wp-json\/wp\/v2\/product"}],"about":[{"href":"https:\/\/kari.fi\/es\/wp-json\/wp\/v2\/types\/product"}],"replies":[{"embeddable":true,"href":"https:\/\/kari.fi\/es\/wp-json\/wp\/v2\/comments?post=1850"}],"wp:featuredmedia":[{"embeddable":true,"href":"https:\/\/kari.fi\/es\/wp-json\/wp\/v2\/media\/1851"}],"wp:attachment":[{"href":"https:\/\/kari.fi\/es\/wp-json\/wp\/v2\/media?parent=1850"}],"wp:term":[{"taxonomy":"product_brand","embeddable":true,"href":"https:\/\/kari.fi\/es\/wp-json\/wp\/v2\/product_brand?post=1850"},{"taxonomy":"product_cat","embeddable":true,"href":"https:\/\/kari.fi\/es\/wp-json\/wp\/v2\/product_cat?post=1850"},{"taxonomy":"product_tag","embeddable":true,"href":"https:\/\/kari.fi\/es\/wp-json\/wp\/v2\/product_tag?post=1850"}],"curies":[{"name":"wp","href":"https:\/\/api.w.org\/{rel}","templated":true}]}}