{"id":1852,"date":"2020-04-24T14:43:36","date_gmt":"2020-04-24T11:43:36","guid":{"rendered":"https:\/\/kari.fi\/products\/del-interruptor-de-flotador-kari-2h-2l-2y-2a-2hl\/"},"modified":"2021-06-01T12:23:31","modified_gmt":"2021-06-01T09:23:31","slug":"interruptor-de-flotador-kari-2h-2l-2y-2a-2hl","status":"publish","type":"product","link":"https:\/\/kari.fi\/es\/productos\/interruptor-de-flotador-kari-2h-2l-2y-2a-2hl\/","title":{"rendered":"Interruptor de flotador KARI 2H | 2L | 2Y | 2A | 2HL"},"content":{"rendered":"<h3>Ejemplo de funcionamiento del modelo 2H<\/h3>\n<div class=\"sw-desc\"><img decoding=\"async\" src=\"\/wp-content\/uploads\/2020\/04\/play-b.png\" alt=\"Play\" \/><b>Accionamiento<\/b><br \/>\nGran cantidad de l\u00edquido. Se acciona la bomba de descarga.<\/div>\n<div class=\"sw-desc\"><img decoding=\"async\" src=\"\/wp-content\/uploads\/2020\/04\/stop-b.png\" alt=\"Stop\" \/><b>Parada<\/b><br \/>\nL\u00edmite m\u00ednimo de descarga. Se detiene la bomba de descarga.<\/div>\n<h3 class=\"sec-h\">Funciones<\/h3>\n<p><b>Control de la bomba de descarga<\/b><\/p>\n<table class=\"desc-table\">\n<tbody>\n<tr>\n<td>2H<\/td>\n<td>Control de la bomba con un interruptor<\/td>\n<\/tr>\n<tr>\n<td>2Y<\/td>\n<td>Control de la bomba con dos interruptores. Dos alarmas de nivel alto, opcional<\/td>\n<\/tr>\n<\/tbody>\n<\/table>\n<p><b>Control de la bomba de carga<\/b><\/p>\n<table class=\"desc-table\">\n<tbody>\n<tr>\n<td>2L<\/td>\n<td>Control de la bomba con un interruptor<\/td>\n<\/tr>\n<tr>\n<td>2A<\/td>\n<td>Control de la bomba con dos interruptores. Dos alarmas de nivel bajo, opcional<\/td>\n<\/tr>\n<\/tbody>\n<\/table>\n<p><b>Alarma<\/b><\/p>\n<table class=\"desc-table\">\n<tbody>\n<tr>\n<td>2HL<\/td>\n<td>Alarmas de nivel alto y bajo<\/td>\n<\/tr>\n<\/tbody>\n<\/table>\n","protected":false},"excerpt":{"rendered":"<p>El interruptor de flotador KARI es un dispositivo de control para v\u00e1lvulas electromagn\u00e9ticas o un dispositivo de alarma que advierte al usuario en niveles de superficie concretos. Gracias a las grandes dimensiones de la caja del flotador (\u00f8 170 mm), el interruptor de flotador KARI tiene una flotabilidad que garantiza el correcto funcionamiento en cualquier circunstancia. SGS Fimko Oy (el organismo finland\u00e9s de inspecci\u00f3n el\u00e9ctrica) ha aprobado el interruptor de flotador KARI para uso en l\u00edquidos no inflamables a 250 V, conforme a la directiva de baja tensi\u00f3n (LVD).<\/p>\n","protected":false},"featured_media":1854,"comment_status":"closed","ping_status":"closed","template":"","meta":[],"product_brand":[],"product_cat":[86],"product_tag":[],"class_list":{"0":"post-1852","1":"product","2":"type-product","3":"status-publish","4":"has-post-thumbnail","6":"product_cat-interruptores-de-flotador","8":"first","9":"instock","10":"shipping-taxable","11":"product-type-simple"},"aioseo_notices":[],"_links":{"self":[{"href":"https:\/\/kari.fi\/es\/wp-json\/wp\/v2\/product\/1852","targetHints":{"allow":["GET"]}}],"collection":[{"href":"https:\/\/kari.fi\/es\/wp-json\/wp\/v2\/product"}],"about":[{"href":"https:\/\/kari.fi\/es\/wp-json\/wp\/v2\/types\/product"}],"replies":[{"embeddable":true,"href":"https:\/\/kari.fi\/es\/wp-json\/wp\/v2\/comments?post=1852"}],"wp:featuredmedia":[{"embeddable":true,"href":"https:\/\/kari.fi\/es\/wp-json\/wp\/v2\/media\/1854"}],"wp:attachment":[{"href":"https:\/\/kari.fi\/es\/wp-json\/wp\/v2\/media?parent=1852"}],"wp:term":[{"taxonomy":"product_brand","embeddable":true,"href":"https:\/\/kari.fi\/es\/wp-json\/wp\/v2\/product_brand?post=1852"},{"taxonomy":"product_cat","embeddable":true,"href":"https:\/\/kari.fi\/es\/wp-json\/wp\/v2\/product_cat?post=1852"},{"taxonomy":"product_tag","embeddable":true,"href":"https:\/\/kari.fi\/es\/wp-json\/wp\/v2\/product_tag?post=1852"}],"curies":[{"name":"wp","href":"https:\/\/api.w.org\/{rel}","templated":true}]}}