{"id":1855,"date":"2020-04-24T15:51:44","date_gmt":"2020-04-24T12:51:44","guid":{"rendered":"https:\/\/kari.fi\/products\/del-interruptor-de-flotador-kari-3h-3l-3y-3a-3he-3le-3ye-3ae\/"},"modified":"2021-03-10T13:10:10","modified_gmt":"2021-03-10T11:10:10","slug":"interruptor-de-flotador-kari-3h-3l-3y-3a-3he-3le-3ye-3ae","status":"publish","type":"product","link":"https:\/\/kari.fi\/es\/productos\/interruptor-de-flotador-kari-3h-3l-3y-3a-3he-3le-3ye-3ae\/","title":{"rendered":"Interruptor de flotador KARI 3H | 3L | 3Y | 3A | 3HE | 3LE | 3YE | 3AE"},"content":{"rendered":"<h3>Ejemplo de funcionamiento del modelo 3h<\/h3>\n<div class=\"sw-desc\"><img decoding=\"async\" src=\"\/wp-content\/uploads\/2020\/04\/alert.png\" alt=\"Alert\" \/><b>Alarma<\/b><br \/>\nEl l\u00edquido sube a un nivel de supervisi\u00f3n.<\/div>\n<div class=\"sw-desc\"><img decoding=\"async\" src=\"\/wp-content\/uploads\/2020\/04\/play-b.png\" alt=\"Play\" \/><b>Accionamiento<\/b><br \/>\nGran cantidad de l\u00edquido. Se acciona la bomba de descarga.<\/div>\n<div class=\"sw-desc\"><img decoding=\"async\" src=\"\/wp-content\/uploads\/2020\/04\/stop-b.png\" alt=\"Stop\" \/><b>Parada<\/b><br \/>\nL\u00edmite m\u00ednimo de descarga. Se detiene la bomba de descarga.<\/div>\n<h3 class=\"sec-h\">Funciones<\/h3>\n<p><b>Discharging-pump control<\/b><\/p>\n<table class=\"desc-table\">\n<tbody>\n<tr>\n<td>3H<\/td>\n<td>Control de la bomba de descarga + alarma de nivel alto. Control de la bomba con un interruptor.<\/td>\n<\/tr>\n<tr>\n<td>3HE<\/td>\n<td>Control de la bomba de descarga + alarma de nivel alto aislada. Control de la bomba con un interruptor.<\/td>\n<\/tr>\n<tr>\n<td>3Y<\/td>\n<td>Control de la bomba de descarga + alarma de nivel alto. Control de la bomba con dos interruptores.<\/td>\n<\/tr>\n<tr>\n<td>3YE<\/td>\n<td>Control de la bomba de descarga + alarma de nivel alto aislada. Control de la bomba con dos interruptores.<\/td>\n<\/tr>\n<\/tbody>\n<\/table>\n<p><b>Control de la bomba de carga<\/b><\/p>\n<table class=\"desc-table\">\n<tbody>\n<tr>\n<td>3L<\/td>\n<td>Control de la bomba de carga + alarma de nivel bajo. Control de la bomba con un interruptor.<\/td>\n<\/tr>\n<tr>\n<td>3LE<\/td>\n<td>Control de la bomba de carga + alarma de nivel bajo aislada. Control de la bomba con un interruptor.<\/td>\n<\/tr>\n<tr>\n<td>3A<\/td>\n<td>Control de la bomba de carga + alarma de nivel bajo. Control de la bomba con dos interruptores.<\/td>\n<\/tr>\n<tr>\n<td>3AE<\/td>\n<td>Control de la bomba de carga + alarma de nivel bajo aislada. Control de la bomba con dos interruptores.<\/td>\n<\/tr>\n<\/tbody>\n<\/table>\n","protected":false},"excerpt":{"rendered":"<p>El interruptor de flotador KARI es un dispositivo de control para v\u00e1lvulas electromagn\u00e9ticas o un dispositivo de alarma que advierte al usuario en niveles de superficie concretos. Gracias a las grandes dimensiones de la caja del flotador (\u00f8 170 mm), el interruptor de flotador KARI tiene una flotabilidad que garantiza el correcto funcionamiento en cualquier circunstancia. SGS Fimko Oy (el organismo finland\u00e9s de inspecci\u00f3n el\u00e9ctrica) ha aprobado el interruptor de flotador KARI para uso en l\u00edquidos no inflamables a 250 V, conforme a la directiva de baja tensi\u00f3n (LVD).<\/p>\n","protected":false},"featured_media":1857,"comment_status":"closed","ping_status":"closed","template":"","meta":[],"product_brand":[],"product_cat":[86],"product_tag":[],"class_list":{"0":"post-1855","1":"product","2":"type-product","3":"status-publish","4":"has-post-thumbnail","6":"product_cat-interruptores-de-flotador","8":"first","9":"instock","10":"shipping-taxable","11":"product-type-simple"},"aioseo_notices":[],"_links":{"self":[{"href":"https:\/\/kari.fi\/es\/wp-json\/wp\/v2\/product\/1855","targetHints":{"allow":["GET"]}}],"collection":[{"href":"https:\/\/kari.fi\/es\/wp-json\/wp\/v2\/product"}],"about":[{"href":"https:\/\/kari.fi\/es\/wp-json\/wp\/v2\/types\/product"}],"replies":[{"embeddable":true,"href":"https:\/\/kari.fi\/es\/wp-json\/wp\/v2\/comments?post=1855"}],"wp:featuredmedia":[{"embeddable":true,"href":"https:\/\/kari.fi\/es\/wp-json\/wp\/v2\/media\/1857"}],"wp:attachment":[{"href":"https:\/\/kari.fi\/es\/wp-json\/wp\/v2\/media?parent=1855"}],"wp:term":[{"taxonomy":"product_brand","embeddable":true,"href":"https:\/\/kari.fi\/es\/wp-json\/wp\/v2\/product_brand?post=1855"},{"taxonomy":"product_cat","embeddable":true,"href":"https:\/\/kari.fi\/es\/wp-json\/wp\/v2\/product_cat?post=1855"},{"taxonomy":"product_tag","embeddable":true,"href":"https:\/\/kari.fi\/es\/wp-json\/wp\/v2\/product_tag?post=1855"}],"curies":[{"name":"wp","href":"https:\/\/api.w.org\/{rel}","templated":true}]}}