{"id":1864,"date":"2020-05-08T14:42:08","date_gmt":"2020-05-08T11:42:08","guid":{"rendered":"https:\/\/kari.fi\/products\/del-interruptor-de-flotador-kari-c2h-c2y-c2l-c2a-c2hl\/"},"modified":"2021-03-10T12:02:00","modified_gmt":"2021-03-10T10:02:00","slug":"interruptor-de-flotador-kari-c2h-c2y-c2l-c2a-c2hl","status":"publish","type":"product","link":"https:\/\/kari.fi\/es\/productos\/interruptor-de-flotador-kari-c2h-c2y-c2l-c2a-c2hl\/","title":{"rendered":"Interruptor de flotador KARI C2H | C2Y | C2L | C2A | C2HL"},"content":{"rendered":"<h3>Ejemplo de funcionamiento del modelo C2h<\/h3>\n<div class=\"sw-desc\"><img decoding=\"async\" src=\"\/wp-content\/uploads\/2020\/04\/play-b.png\" alt=\"Play\" \/><b>Accionamiento<\/b><br \/>\nGran cantidad de l\u00edquido. Se acciona la bomba de descarga.<\/div>\n<div class=\"sw-desc\"><img decoding=\"async\" src=\"\/wp-content\/uploads\/2020\/04\/stop-b.png\" alt=\"Stop\" \/><b>Parada<\/b><br \/>\nL\u00edmite m\u00ednimo de descarga. Se detiene la bomba de descarga.<\/div>\n<h3 class=\"sec-h\">Funciones <\/h3>\n<p><b>Control de la bomba de descarga<\/b><\/p>\n<table class=\"desc-table\">\n<tbody>\n<tr>\n<td>C2H<\/td>\n<td>Control de la bomba con un interruptor.<\/td>\n<\/tr>\n<tr>\n<td>C2Y<\/td>\n<td>Control de la bomba con dos interruptores. Dos alarmas de nivel alto, opcional.<\/td>\n<\/tr>\n<\/tbody>\n<\/table>\n<p><b>Control de la bomba de carga<\/b><\/p>\n<table class=\"desc-table\">\n<tbody>\n<tr>\n<td>C2L<\/td>\n<td>Control de la bomba con un interruptor.<\/td>\n<\/tr>\n<tr>\n<td>C2A<\/td>\n<td>Control de la bomba con dos interruptores. Dos alarmas de nivel bajo, opcional.<\/td>\n<\/tr>\n<\/tbody>\n<\/table>\n<p><b>Alarma<\/b><\/p>\n<table class=\"desc-table\">\n<tbody>\n<tr>\n<td>C2HL<\/td>\n<td>Alarmas de nivel alto y bajo<\/td>\n<\/tr>\n<\/tbody>\n<\/table>\n","protected":false},"excerpt":{"rendered":"<p>El interruptor de flotador KARI es un dispositivo de control para v\u00e1lvulas electromagn\u00e9ticas o un dispositivo de alarma que advierte al usuario en niveles de superficie concretos. SGS Fimko Oy (el organismo finland\u00e9s de inspecci\u00f3n el\u00e9ctrica) ha aprobado el interruptor de flotador KARI para uso en l\u00edquidos no inflamables a 250 V, conforme a la directiva de baja tensi\u00f3n (LVD).<\/p>\n","protected":false},"featured_media":1865,"comment_status":"closed","ping_status":"closed","template":"","meta":[],"product_brand":[],"product_cat":[86],"product_tag":[],"class_list":{"0":"post-1864","1":"product","2":"type-product","3":"status-publish","4":"has-post-thumbnail","6":"product_cat-interruptores-de-flotador","8":"first","9":"instock","10":"shipping-taxable","11":"product-type-simple"},"aioseo_notices":[],"_links":{"self":[{"href":"https:\/\/kari.fi\/es\/wp-json\/wp\/v2\/product\/1864","targetHints":{"allow":["GET"]}}],"collection":[{"href":"https:\/\/kari.fi\/es\/wp-json\/wp\/v2\/product"}],"about":[{"href":"https:\/\/kari.fi\/es\/wp-json\/wp\/v2\/types\/product"}],"replies":[{"embeddable":true,"href":"https:\/\/kari.fi\/es\/wp-json\/wp\/v2\/comments?post=1864"}],"wp:featuredmedia":[{"embeddable":true,"href":"https:\/\/kari.fi\/es\/wp-json\/wp\/v2\/media\/1865"}],"wp:attachment":[{"href":"https:\/\/kari.fi\/es\/wp-json\/wp\/v2\/media?parent=1864"}],"wp:term":[{"taxonomy":"product_brand","embeddable":true,"href":"https:\/\/kari.fi\/es\/wp-json\/wp\/v2\/product_brand?post=1864"},{"taxonomy":"product_cat","embeddable":true,"href":"https:\/\/kari.fi\/es\/wp-json\/wp\/v2\/product_cat?post=1864"},{"taxonomy":"product_tag","embeddable":true,"href":"https:\/\/kari.fi\/es\/wp-json\/wp\/v2\/product_tag?post=1864"}],"curies":[{"name":"wp","href":"https:\/\/api.w.org\/{rel}","templated":true}]}}