{"id":1866,"date":"2020-05-08T14:53:12","date_gmt":"2020-05-08T11:53:12","guid":{"rendered":"https:\/\/kari.fi\/products\/del-interruptor-de-flotador-kari-c3h-c3l-c3he-c3le\/"},"modified":"2021-03-10T12:01:31","modified_gmt":"2021-03-10T10:01:31","slug":"interruptor-de-flotador-kari-c3h-c3l-c3he-c3le","status":"publish","type":"product","link":"https:\/\/kari.fi\/es\/productos\/interruptor-de-flotador-kari-c3h-c3l-c3he-c3le\/","title":{"rendered":"Interruptor de flotador KARI C3H | C3L | C3HE | C3LE"},"content":{"rendered":"<h3>Ejemplo de funcionamiento del modelo C3h<\/h3>\n<div class=\"sw-desc\"><img decoding=\"async\" src=\"\/wp-content\/uploads\/2020\/04\/alert.png\" alt=\"Alert\" \/><b>Alarma de nivel alto<\/b><br \/>\nSe emite cuando el nivel de l\u00edquido es demasiado alto o inicia la v\u00e1lvula de descarga cuando, por ejemplo, la bomba no funciona.<\/div>\n<div class=\"sw-desc\"><img decoding=\"async\" src=\"\/wp-content\/uploads\/2020\/04\/play-b.png\" alt=\"Play\" \/><b>Accionamiento<\/b><br \/>\nGran cantidad de l\u00edquido. Se acciona la bomba de descarga.<\/div>\n<div class=\"sw-desc\"><img decoding=\"async\" src=\"\/wp-content\/uploads\/2020\/04\/stop-b.png\" alt=\"Stop\" \/><b>Parada<\/b><br \/>\nL\u00edmite m\u00ednimo de descarga. Se detiene la bomba de descarga.<\/div>\n<h3 class=\"sec-h\">Funciones<\/h3>\n<p><b>Control de la bomba de descarga<\/b><\/p>\n<table class=\"desc-table\">\n<tbody>\n<tr>\n<td>C3H<\/td>\n<td>Control de la bomba de descarga + alarma de nivel alto. <\/td>\n<\/tr>\n<tr>\n<td>C3HE<\/td>\n<td>Control de la bomba de descarga + alarma de nivel alto aislada.<\/td>\n<\/tr>\n<\/tbody>\n<\/table>\n<p><b>Control de la bomba de carga<\/b><\/p>\n<table class=\"desc-table\">\n<tbody>\n<tr>\n<td>C3L<\/td>\n<td>Control de la bomba de carga + alarma de nivel bajo.<\/td>\n<\/tr>\n<tr>\n<td>C3LE<\/td>\n<td>Control de la bomba de carga + alarma de nivel bajo aislada.<\/td>\n<\/tr>\n<\/tbody>\n<\/table>\n","protected":false},"excerpt":{"rendered":"<p>El interruptor de flotador KARI es un dispositivo de control para v\u00e1lvulas electromagn\u00e9ticas o un dispositivo de alarma que advierte al usuario en niveles de superficie concretos. SGS Fimko Oy (el organismo finland\u00e9s de inspecci\u00f3n el\u00e9ctrica) ha aprobado el interruptor de flotador KARI para uso en l\u00edquidos no inflamables a 250 V, conforme a la directiva de baja tensi\u00f3n (LVD).<\/p>\n","protected":false},"featured_media":1867,"comment_status":"closed","ping_status":"closed","template":"","meta":[],"product_brand":[],"product_cat":[86],"product_tag":[],"class_list":{"0":"post-1866","1":"product","2":"type-product","3":"status-publish","4":"has-post-thumbnail","6":"product_cat-interruptores-de-flotador","8":"first","9":"instock","10":"shipping-taxable","11":"product-type-simple"},"aioseo_notices":[],"_links":{"self":[{"href":"https:\/\/kari.fi\/es\/wp-json\/wp\/v2\/product\/1866","targetHints":{"allow":["GET"]}}],"collection":[{"href":"https:\/\/kari.fi\/es\/wp-json\/wp\/v2\/product"}],"about":[{"href":"https:\/\/kari.fi\/es\/wp-json\/wp\/v2\/types\/product"}],"replies":[{"embeddable":true,"href":"https:\/\/kari.fi\/es\/wp-json\/wp\/v2\/comments?post=1866"}],"wp:featuredmedia":[{"embeddable":true,"href":"https:\/\/kari.fi\/es\/wp-json\/wp\/v2\/media\/1867"}],"wp:attachment":[{"href":"https:\/\/kari.fi\/es\/wp-json\/wp\/v2\/media?parent=1866"}],"wp:term":[{"taxonomy":"product_brand","embeddable":true,"href":"https:\/\/kari.fi\/es\/wp-json\/wp\/v2\/product_brand?post=1866"},{"taxonomy":"product_cat","embeddable":true,"href":"https:\/\/kari.fi\/es\/wp-json\/wp\/v2\/product_cat?post=1866"},{"taxonomy":"product_tag","embeddable":true,"href":"https:\/\/kari.fi\/es\/wp-json\/wp\/v2\/product_tag?post=1866"}],"curies":[{"name":"wp","href":"https:\/\/api.w.org\/{rel}","templated":true}]}}