{"id":1068,"date":"2020-04-23T07:50:28","date_gmt":"2020-04-23T04:50:28","guid":{"rendered":"http:\/\/kari.directmedia.ee\/products\/"},"modified":"2025-09-10T14:03:45","modified_gmt":"2025-09-10T11:03:45","slug":"tuotteet","status":"publish","type":"page","link":"https:\/\/kari.fi\/fi\/tuotteet\/","title":{"rendered":"Tuotteet"},"content":{"rendered":"<h2>Luotettavia pintojen valvontalaitteita<\/h2>\n<p><img decoding=\"async\" src=\"\/wp-content\/uploads\/2020\/05\/tuotteet_01.jpg\" \/><br \/>\n<span style=\"float: right; padding-top: 25px;\"><iframe loading=\"lazy\" src=\"https:\/\/www.youtube.com\/embed\/jnsMrZ9mO6o\" width=\"400\" height=\"220\" frameborder=\"0\" allowfullscreen=\"allowfullscreen\"><\/iframe><\/span><br \/>\n<b>Kari-Finn Oy suunnittelee ja valmistaa KARI-pintakytkimet, joita k\u00e4ytet\u00e4\u00e4n kaivojen, pumppaamojen ja s\u00e4ili\u00f6iden lis\u00e4ksi j\u00e4tevesien, teollisuuden erikoisnesteiden sek\u00e4 erilaisten viskositeettien omaavien nesteiden pinnanhallintaan ja m\u00e4\u00e4ritt\u00e4miseen.<\/b><\/p>\n<p>Vaihtoehtona kelluville pintakytkimille ovat KARI-elektrodikytkimet. Niit\u00e4 k\u00e4ytet\u00e4\u00e4n yl\u00e4- ja alarajah\u00e4lytysten lis\u00e4ksi pumpun k\u00e4ynnistys- ja pys\u00e4ytystasojen m\u00e4\u00e4ritt\u00e4miseen halutuilta nestekorkeuksilta erityyppisten KARI-antureiden kanssa.<\/p>\n<p>KARI MS -siilokytkin on suunniteltu yl\u00e4pinnan ilmaisimeksi siiloihin, joihin annostellaan raemaisia ja kekoontuvia raaka-aineita.<\/p>\n<p>KARI Exi -releill\u00e4 varustettuna kytkimi\u00e4 voidaan k\u00e4ytt\u00e4\u00e4 my\u00f6s r\u00e4j\u00e4hdysvaarallisissa tiloissa, kuten \u00f6ljys\u00e4ili\u00f6iss\u00e4. (ATEX).<\/p>\n<p>Muita KARI-tuotteita ovat h\u00e4lyttimet, pumppuk\u00e4ynnistimet, moninapaliittimet sek\u00e4 suoja- ja turvalaitteiksi tarkoitetut l\u00e4mp\u00f6sulakkeet \u00f6ljypoltinten valvontaan.<\/p>\n","protected":false},"excerpt":{"rendered":"<p>Luotettavia pintojen valvontalaitteita Kari-Finn Oy suunnittelee ja valmistaa KARI-pintakytkimet, joita k\u00e4ytet\u00e4\u00e4n kaivojen, pumppaamojen ja s\u00e4ili\u00f6iden lis\u00e4ksi j\u00e4tevesien, teollisuuden erikoisnesteiden sek\u00e4 erilaisten viskositeettien omaavien nesteiden pinnanhallintaan ja<span class=\"excerpt-hellip\"> [\u2026]<\/span><\/p>\n","protected":false},"author":1,"featured_media":0,"parent":0,"menu_order":0,"comment_status":"closed","ping_status":"closed","template":"","meta":{"footnotes":""},"class_list":["post-1068","page","type-page","status-publish","hentry"],"aioseo_notices":[],"_links":{"self":[{"href":"https:\/\/kari.fi\/fi\/wp-json\/wp\/v2\/pages\/1068","targetHints":{"allow":["GET"]}}],"collection":[{"href":"https:\/\/kari.fi\/fi\/wp-json\/wp\/v2\/pages"}],"about":[{"href":"https:\/\/kari.fi\/fi\/wp-json\/wp\/v2\/types\/page"}],"author":[{"embeddable":true,"href":"https:\/\/kari.fi\/fi\/wp-json\/wp\/v2\/users\/1"}],"replies":[{"embeddable":true,"href":"https:\/\/kari.fi\/fi\/wp-json\/wp\/v2\/comments?post=1068"}],"version-history":[{"count":3,"href":"https:\/\/kari.fi\/fi\/wp-json\/wp\/v2\/pages\/1068\/revisions"}],"predecessor-version":[{"id":3447,"href":"https:\/\/kari.fi\/fi\/wp-json\/wp\/v2\/pages\/1068\/revisions\/3447"}],"wp:attachment":[{"href":"https:\/\/kari.fi\/fi\/wp-json\/wp\/v2\/media?parent=1068"}],"curies":[{"name":"wp","href":"https:\/\/api.w.org\/{rel}","templated":true}]}}