{"id":2464,"date":"2021-02-09T13:42:49","date_gmt":"2021-02-09T11:42:49","guid":{"rendered":"https:\/\/kari.fi\/?page_id=2464"},"modified":"2025-09-10T14:03:44","modified_gmt":"2025-09-10T11:03:44","slug":"remu-pumppuvahti","status":"publish","type":"page","link":"https:\/\/kari.fi\/fi\/remu-pumppuvahti\/","title":{"rendered":"REMU PumppuVahti"},"content":{"rendered":"\n<h2 class=\"wp-block-heading\"><strong>Omakotitalojen, m\u00f6kkien ja kiinteist\u00f6jen omistajille <\/strong><\/h2>\n\n\n\n<h3 class=\"wp-block-heading\"><strong>ONKO KOTONASI, TALOYHTI\u00d6LL\u00c4SI TAI M\u00d6KILL\u00c4SI J\u00c4TEVESIPUMPPAAMO TAI J\u00c4TEVESIKAIVO?<\/strong><\/h3>\n\n\n\n<p><\/p>\n\n\n\n<p><\/p>\n\n\n\n<div class=\"wp-block-columns is-layout-flex wp-container-core-columns-is-layout-9d6595d7 wp-block-columns-is-layout-flex\">\n<div class=\"wp-block-column is-layout-flow wp-block-column-is-layout-flow\"><\/div>\n\n\n\n<div class=\"wp-block-column is-layout-flow wp-block-column-is-layout-flow\"><\/div>\n<\/div>\n\n\n\n<iframe loading=\"lazy\" width=\"100%\" height=\"400\" src=\"https:\/\/www.youtube.com\/embed\/FZh3Dyx10IY\" title=\"YouTube video player\" frameborder=\"0\" allow=\"accelerometer; autoplay; clipboard-write; encrypted-media; gyroscope; picture-in-picture\" allowfullscreen=\"\"><\/iframe>\n<br><h4><strong>Jos on, niin oletko koskaan miettinyt seuraavia asioita<\/strong>?<\/h4>\n\n\n\n<ol class=\"wp-block-list\">\n<li>Mit\u00e4 tapahtuu, jos j\u00e4tevesipumppu lakkaa toimimasta tai hajoaa?<\/li>\n\n\n\n<li>Maksanko turhasta j\u00e4tevesikaivon tyhjennyksest\u00e4?<\/li>\n\n\n\n<li>Mit\u00e4 tapahtuu, jos j\u00e4tevesikaivo tulvii?<\/li>\n\n\n\n<li>Kuka korvaa j\u00e4tevesikaivon tulvimisen aiheuttamat vahingot?<\/li>\n<\/ol>\n\n\n\n<h4 class=\"wp-block-heading\">J\u00e4tevesipumppaamon ja -kaivon riskit ja haitat<\/h4>\n\n\n\n<ul class=\"wp-block-list\">\n<li>Omakotitalon, rivitalon tai m\u00f6kin\u00a0j\u00e4tevesikaivon\u00a0tyhjennys maksaa yleens\u00e4 100\u2013300 euroa.\u00a0<\/li>\n\n\n\n<li>Turhat imuautojen ajot tulevat talon- tai m\u00f6kinomistajalle kalliiksi.<\/li>\n\n\n\n<li>Usein j\u00e4tevesikaivo t\u00e4yttyy pahimpaan mahdolliseen aikaan: kun talo on t\u00e4ynn\u00e4 vieraita ja asialle ei voi v\u00e4litt\u00f6m\u00e4sti tehd\u00e4 yht\u00e4\u00e4n mit\u00e4\u00e4n.<\/li>\n\n\n\n<li>Ei ole kivaa itse kurkkia taskulampun kanssa j\u00e4tevesikaivoon ja tarkastella nesteen korkeutta.<\/li>\n\n\n\n<li>Talon alla oleva j\u00e4tevesikaivo voi tulvia kellariin ja aiheuttaa valtavan ep\u00e4hygieenisen sotkun m\u00f6kkiin tai taloon ja jopa tehd\u00e4 siit\u00e4 tilap\u00e4isesti asumiskelvottoman.<\/li>\n\n\n\n<li>Jos j\u00e4tevesikaivo tulvii pihamaalle, niin naapuritkaan eiv\u00e4t varmasti pid\u00e4 syntyv\u00e4st\u00e4 hajusta.<\/li>\n<\/ul>\n\n\n\n<h4 class=\"wp-block-heading\">J\u00e4tevesipumpun toiminnan ja j\u00e4teveden pinnan automaattinen valvonta<\/h4>\n\n\n\n<ul class=\"wp-block-list\">\n<li>Pit\u00e4\u00e4 rakennuksen sis\u00e4iset viem\u00e4rit kunnossa ja toimintavalmiina.<\/li>\n\n\n\n<li>Suojelee luontoa ja vesist\u00f6\u00e4, kun imuautot eiv\u00e4t ajele turhaan ja j\u00e4tevesikaivot eiv\u00e4t tulvi vesist\u00f6\u00f6n.<\/li>\n\n\n\n<li>Aiheuttaa j\u00e4tevesikaivon tyhjennyksen vain silloin, kun se on l\u00e4hes t\u00e4ynn\u00e4.<\/li>\n\n\n\n<li>Auttaa v\u00e4ltt\u00e4m\u00e4\u00e4n turhia h\u00e4lytyksi\u00e4.<\/li>\n\n\n\n<li>Auttaa imuautoyrityksi\u00e4 varautumaan ennalta tyhjennyksiin ja v\u00e4ltt\u00e4m\u00e4\u00e4n turhia ajoja.<\/li>\n<\/ul>\n\n\n\n<h3 class=\"wp-block-heading\">REMU PUMPPUVAHTI HOITAA HOMMAN!<\/h3>\n\n\n\n<p><strong>REMU PumppuVahti on automaattinen ja toimintavarma ratkaisu j\u00e4tevesipumppujen kunnon ja toiminnan ja j\u00e4tevesikorkeuden valvontaan.<\/strong><\/p>\n\n\n\n<div class=\"wp-block-file\"><a href=\"https:\/\/stag.kari.fi\/wp-content\/uploads\/2021\/02\/DATASHEET_PumppuVahti-REMU-F.pdf\">REMU Pumppuvahti tietolomake<\/a><a href=\"https:\/\/stag.kari.fi\/wp-content\/uploads\/2021\/02\/DATASHEET_PumppuVahti-REMU-F.pdf\" class=\"wp-block-file__button wp-element-button\" download>Lataa<\/a><\/div>\n\n\n\n<h4 class=\"wp-block-heading\"><strong>Miten REMU PumppuVahti toimii?<\/strong><\/h4>\n\n\n\n<div class=\"wp-block-columns is-layout-flex wp-container-core-columns-is-layout-9d6595d7 wp-block-columns-is-layout-flex\">\n<div class=\"wp-block-column is-layout-flow wp-block-column-is-layout-flow\">\n<figure class=\"wp-block-image size-large\"><img loading=\"lazy\" decoding=\"async\" width=\"480\" height=\"640\" src=\"https:\/\/stag.kari.fi\/wp-content\/uploads\/2021\/02\/kuva5_v2.jpg\" alt=\"REMU Pumppuvahti\" class=\"wp-image-2539\" srcset=\"https:\/\/kari.fi\/wp-content\/uploads\/2021\/02\/kuva5_v2.jpg 480w, https:\/\/kari.fi\/wp-content\/uploads\/2021\/02\/kuva5_v2-300x400.jpg 300w, https:\/\/kari.fi\/wp-content\/uploads\/2021\/02\/kuva5_v2-225x300.jpg 225w, https:\/\/kari.fi\/wp-content\/uploads\/2021\/02\/kuva5_v2-110x146.jpg 110w, https:\/\/kari.fi\/wp-content\/uploads\/2021\/02\/kuva5_v2-38x50.jpg 38w, https:\/\/kari.fi\/wp-content\/uploads\/2021\/02\/kuva5_v2-56x75.jpg 56w\" sizes=\"auto, (max-width:767px) 480px, 480px\" \/><\/figure>\n<\/div>\n\n\n\n<div class=\"wp-block-column is-layout-flow wp-block-column-is-layout-flow\">\n<figure class=\"wp-block-image size-large\"><img loading=\"lazy\" decoding=\"async\" width=\"480\" height=\"640\" src=\"https:\/\/stag.kari.fi\/wp-content\/uploads\/2021\/02\/remupumppu_v2.jpg\" alt=\"REMU Pumppuvahti\" class=\"wp-image-2553\" srcset=\"https:\/\/kari.fi\/wp-content\/uploads\/2021\/02\/remupumppu_v2.jpg 480w, https:\/\/kari.fi\/wp-content\/uploads\/2021\/02\/remupumppu_v2-300x400.jpg 300w, https:\/\/kari.fi\/wp-content\/uploads\/2021\/02\/remupumppu_v2-225x300.jpg 225w, https:\/\/kari.fi\/wp-content\/uploads\/2021\/02\/remupumppu_v2-110x146.jpg 110w, https:\/\/kari.fi\/wp-content\/uploads\/2021\/02\/remupumppu_v2-38x50.jpg 38w, https:\/\/kari.fi\/wp-content\/uploads\/2021\/02\/remupumppu_v2-56x75.jpg 56w\" sizes=\"auto, (max-width:767px) 480px, 480px\" \/><\/figure>\n<\/div>\n\n\n\n<div class=\"wp-block-column is-layout-flow wp-block-column-is-layout-flow\">\n<figure class=\"wp-block-image size-large\"><img loading=\"lazy\" decoding=\"async\" width=\"600\" height=\"612\" src=\"https:\/\/stag.kari.fi\/wp-content\/uploads\/2020\/09\/logo.png\" alt=\"\" class=\"wp-image-1672\" srcset=\"https:\/\/kari.fi\/wp-content\/uploads\/2020\/09\/logo.png 600w, https:\/\/kari.fi\/wp-content\/uploads\/2020\/09\/logo-300x306.png 300w, https:\/\/kari.fi\/wp-content\/uploads\/2020\/09\/logo-294x300.png 294w, https:\/\/kari.fi\/wp-content\/uploads\/2020\/09\/logo-143x146.png 143w, https:\/\/kari.fi\/wp-content\/uploads\/2020\/09\/logo-50x50.png 50w, https:\/\/kari.fi\/wp-content\/uploads\/2020\/09\/logo-74x75.png 74w\" sizes=\"auto, (max-width:767px) 480px, 600px\" \/><\/figure>\n<\/div>\n<\/div>\n\n\n\n<ul class=\"wp-block-list\">\n<li>REMU PumppuVahti valvoo pumppujen toimintaa perustuen pumppujen k\u00e4yntikertoihin ja pumppujen k\u00e4ynniss\u00e4oloaikoihin.<\/li>\n\n\n\n<li>Pumpun k\u00e4yntitieto saadaan virtamittauksesta tai potentiaalivapaan kontaktin tietona ohjauskontaktorin apukoskettimelta.<\/li>\n\n\n\n<li>REMU PumppuVahti toimii joko itsen\u00e4isen\u00e4 ohjauslaitteena, jolloin valvonta tapahtuu \u00e4lypuhelimen kautta.<\/li>\n\n\n\n<li>Viel\u00e4 parempi vaihtoehto on kytke\u00e4 laite ControlMan pilvipalveluun, jolloin kaikkia pumpun tietoja voidaan seurata selaimella mist\u00e4 tahansa.<\/li>\n<\/ul>\n\n\n\n<h4 class=\"wp-block-heading\">Y\u00f6n aikana tapahtuneet k\u00e4ynnistykset<\/h4>\n\n\n\n<ul class=\"wp-block-list\">\n<li>Y\u00f6n aikana kaivon virtaama normaalisti laskee. Laite tarkistelee pumppujen k\u00e4ynnistyksi\u00e4 v\u00e4lill\u00e4 02:00- 05:00.<\/li>\n\n\n\n<li>Jos pumppu k\u00e4ynnistyy y\u00f6n aikana poikkeavasti, on syyt\u00e4 ep\u00e4ill\u00e4 vuotoa.<\/li>\n\n\n\n<li>REMU PumppuVahti valvoo y\u00f6k\u00e4ynnistysten lukum\u00e4\u00e4r\u00e4\u00e4 ja jos k\u00e4ynnistysten m\u00e4\u00e4r\u00e4 ylitt\u00e4\u00e4 asetetun rajan, laitteen logiikka aiheuttaa h\u00e4lytyksen.<\/li>\n<\/ul>\n\n\n\n<h4 class=\"wp-block-heading\">REMU PumppuVahti tuottaa h\u00e4lytyksi\u00e4 jos:<\/h4>\n\n\n\n<ul class=\"wp-block-list\">\n<li>K\u00e4yntikerrat\/p\u00e4iv\u00e4t ylitt\u00e4v\u00e4t asetetun rajan.<\/li>\n\n\n\n<li>Yht\u00e4jaksoinen k\u00e4yntiaika ylitt\u00e4\u00e4 asetellun rajan.<\/li>\n\n\n\n<li>Pumppu ei ole k\u00e4ynnistynyt asetettuun aikaan.<\/li>\n\n\n\n<li>Virtamittaus ylitt\u00e4\u00e4 asetellun virtarajan.<\/li>\n\n\n\n<li>Virtamittaus on pienempi kuin aseteltu vakiokulutus (tyhj\u00e4k\u00e4ynnin esto).<\/li>\n\n\n\n<li>Korkea virtaama y\u00f6aikaan (02:00-05:00).<\/li>\n\n\n\n<li>J\u00e4tevesikaivo vuotaa yli.<\/li>\n\n\n\n<li>Ulkoiset tekij\u00e4t haittaavat pumpun toimintaa.<\/li>\n\n\n\n<li> Pumpun k\u00e4yntiaikalaskuri ylittynyt.<\/li>\n\n\n\n<li>Pumppu k\u00e4y kuivana.<\/li>\n\n\n\n<li>L\u00e4mp\u00f6rele laukeaa.<\/li>\n<\/ul>\n\n\n\n<h4 class=\"wp-block-heading\">Pumppujen ohjaus<\/h4>\n\n\n\n<p>Jos pumppuja ei ole k\u00e4ytetty pitk\u00e4\u00e4n aikaan, on laitteessa putkiston huuhteluohjaus putkiston sedimentoitumisen est\u00e4miseksi.<\/p>\n\n\n\n<h4 class=\"wp-block-heading\">Pumpun virrankulutuksen valvonta<\/h4>\n\n\n\n<ul class=\"wp-block-list\">\n<li>REMU PumppuVahti antaa h\u00e4lytyksen, jos pumpun k\u00e4ytt\u00e4m\u00e4 virta ylitt\u00e4\u00e4 asetetun rajan 10 sekunnin ajan tai jos virta alittaa alarajan, saadaan pumpuista kuivak\u00e4yntitieto ja ne voidaan ohjata pois k\u00e4yt\u00f6st\u00e4 ennen kuin vaurioita tapahtuu.<\/li>\n\n\n\n<li>Arvot siirret\u00e4\u00e4n ControlMan pilvipalvelimelle kerran tunnissa.<\/li>\n\n\n\n<li>Jos laite ei saa yhteytt\u00e4 palvelimeen, laite ker\u00e4\u00e4 tuntiarvoja muistiinsa, kunnes yhteys palautuu. T\u00e4ll\u00f6in laite l\u00e4hett\u00e4\u00e4 kaikki ker\u00e4tyt tuntiraportit palvelimelle.<\/li>\n\n\n\n<li>Palvelin ilmoittaa k\u00e4ytt\u00e4jille yhteyskatkoksesta joka SMS-viestill\u00e4 tai s\u00e4hk\u00f6postilla.<\/li>\n<\/ul>\n\n\n\n<h4 class=\"wp-block-heading\">H\u00e4lytysrajan asettaminen<\/h4>\n\n\n\n<ul class=\"wp-block-list\">\n<li>Ylityksest\u00e4\/alituksesta laite antaa h\u00e4lytyksen yhteen tai useampaan puhelimeen.<\/li>\n\n\n\n<li>Puhelinnumeroiden asettelu hoituu tekstiviestill\u00e4.<\/li>\n\n\n\n<li>Ilmoitus voidaan l\u00e4hett\u00e4\u00e4 rakennuksen omistajalle, is\u00e4nn\u00f6itsij\u00e4lle tai viem\u00e4rihuoltoyritykselle.<\/li>\n\n\n\n<li>REMU PumppuVahdissa on testipainike, jossa on merkkivalo toiminnan varmistamiseksi.<\/li>\n\n\n\n<li>Kun painikkeesta painaa, niin REMU l\u00e4hett\u00e4\u00e4 raportin haluttuihin numeroihin.<\/li>\n\n\n\n<li>REMU toimii joko verkkos\u00e4hk\u00f6ll\u00e4 tai paristoilla<\/li>\n<\/ul>\n\n\n\n<h4 class=\"wp-block-heading\">REMU PumppuVahtia ohjaa AutoLog\u00ae PintaVahti langaton pumpunhallintaj\u00e4rjestelm\u00e4, joka tuottaa tarvittaessa h\u00e4lytyksi\u00e4.<\/h4>\n\n\n\n<ul class=\"wp-block-list\">\n<li>H\u00e4lytykset l\u00e4hetet\u00e4\u00e4n puhelimiin ja s\u00e4hk\u00f6postiosoitteisiin.<\/li>\n\n\n\n<li>Pumpun toimintaa voidaan valvoa milt\u00e4 tahansa tietokoneelta.<\/li>\n<\/ul>\n\n\n\n<h4 class=\"wp-block-heading\">Ennen REMU PumppuVahdin k\u00e4ytt\u00f6\u00f6nottoa:<\/h4>\n\n\n\n<ul class=\"wp-block-list\">\n<li>Laitteiden et\u00e4yll\u00e4pito on mahdotonta.<\/li>\n\n\n\n<li>Huollot tapahtuvat vasta vikatilanteissa tai ennakkohuoltoja ei osata ajoittaa oikein.<\/li>\n\n\n\n<li>Tyhjennyksist\u00e4, vuodoista ja tulvimisesta aiheutuvat kustannukset eiv\u00e4t ole etuk\u00e4teen tiedossa.<\/li>\n\n\n\n<li>Taloyhti\u00f6n johto, omakotitalon tai m\u00f6kin omistaja eiv\u00e4t ole reaaliaikaisesti tilanteesta tietoisia.<\/li>\n<\/ul>\n\n\n\n<h4 class=\"wp-block-heading\">REMU PumppuVahdin k\u00e4ytt\u00f6\u00f6noton j\u00e4lkeen:<\/h4>\n\n\n\n<ul class=\"wp-block-list\">\n<li>Kehityssuunnat, h\u00e4lytykset, raportit ja ohjaukset reaaliajassa is\u00e4nn\u00f6itsij\u00e4n, omakotitalon tai m\u00f6kin omistajan tietoon.<\/li>\n\n\n\n<li>K\u00e4ytt\u00f6- ja huoltokulut etuk\u00e4teen tiedossa.<\/li>\n\n\n\n<li>Reaaliaikaista tietoa v\u00e4litt\u00f6m\u00e4sti oikeille k\u00e4ytt\u00e4jille, jolloin huollot nopeutuvat.<\/li>\n\n\n\n<li>Laitteiden et\u00e4yll\u00e4pito tapahtuu verkon l\u00e4pi, jolloin voidaan hy\u00f6dynt\u00e4\u00e4 ulkoisia alihankkijoita.<\/li>\n<\/ul>\n\n\n\n<h4 class=\"wp-block-heading\">V\u00c4LT\u00c4 TURHIA KULUJA JA RISKEJ\u00c4!<br><\/h4>\n\n\n\n<p><strong>Ota k\u00e4ytt\u00f6\u00f6n REMU PumppuVahti.<\/strong><br>Soita: <a href=\"tel:+3583876810\">03 876 810<\/a><br>Pyyd\u00e4 lis\u00e4tietoja: <a rel=\"noreferrer noopener\" href=\"mailto:info@kari.fi\" target=\"_blank\">info@kari.fi<\/a><br>Tilaa REMU: <a href=\"mailto:myynti@kari.fi\">myynti@kari.fi<\/a><\/p>\n\n\n\n<p><\/p>\n","protected":false},"excerpt":{"rendered":"<p>Omakotitalojen, m\u00f6kkien ja kiinteist\u00f6jen omistajille ONKO KOTONASI, TALOYHTI\u00d6LL\u00c4SI TAI M\u00d6KILL\u00c4SI J\u00c4TEVESIPUMPPAAMO TAI J\u00c4TEVESIKAIVO? Jos on, niin oletko koskaan miettinyt seuraavia asioita? J\u00e4tevesipumppaamon ja -kaivon riskit ja<span class=\"excerpt-hellip\"> [\u2026]<\/span><\/p>\n","protected":false},"author":1,"featured_media":0,"parent":0,"menu_order":0,"comment_status":"closed","ping_status":"closed","template":"","meta":{"footnotes":""},"class_list":["post-2464","page","type-page","status-publish","hentry"],"aioseo_notices":[],"_links":{"self":[{"href":"https:\/\/kari.fi\/fi\/wp-json\/wp\/v2\/pages\/2464","targetHints":{"allow":["GET"]}}],"collection":[{"href":"https:\/\/kari.fi\/fi\/wp-json\/wp\/v2\/pages"}],"about":[{"href":"https:\/\/kari.fi\/fi\/wp-json\/wp\/v2\/types\/page"}],"author":[{"embeddable":true,"href":"https:\/\/kari.fi\/fi\/wp-json\/wp\/v2\/users\/1"}],"replies":[{"embeddable":true,"href":"https:\/\/kari.fi\/fi\/wp-json\/wp\/v2\/comments?post=2464"}],"version-history":[{"count":33,"href":"https:\/\/kari.fi\/fi\/wp-json\/wp\/v2\/pages\/2464\/revisions"}],"predecessor-version":[{"id":3935,"href":"https:\/\/kari.fi\/fi\/wp-json\/wp\/v2\/pages\/2464\/revisions\/3935"}],"wp:attachment":[{"href":"https:\/\/kari.fi\/fi\/wp-json\/wp\/v2\/media?parent=2464"}],"curies":[{"name":"wp","href":"https:\/\/api.w.org\/{rel}","templated":true}]}}