{"id":2479,"date":"2021-02-11T10:06:50","date_gmt":"2021-02-11T08:06:50","guid":{"rendered":"https:\/\/kari.fi\/?page_id=2479"},"modified":"2025-09-10T14:03:44","modified_gmt":"2025-09-10T11:03:44","slug":"remu-viemarihuoltoyrityksille","status":"publish","type":"page","link":"https:\/\/kari.fi\/fi\/remu-viemarihuoltoyrityksille\/","title":{"rendered":"REMU PumppuVahti viema\u0308rihuoltoyrityksille"},"content":{"rendered":"\n<h3 class=\"wp-block-heading\"><strong>JATKUVIA KUUKAUSITULOJA VIEM\u00c4RIHUOLTOYRITYKSILLE<\/strong><\/h3>\n\n\n\n<h4 class=\"wp-block-heading\"><strong>Haluaisitko tuottaa arvokkaan palvelun asiakkaillesi ja ansaita jatkuvia kuukausituloja ilman ajoja?<\/strong><\/h4>\n\n\n\n<div class=\"wp-block-columns is-layout-flex wp-container-core-columns-is-layout-9d6595d7 wp-block-columns-is-layout-flex\">\n<div class=\"wp-block-column is-layout-flow wp-block-column-is-layout-flow\"><\/div>\n\n\n\n<div class=\"wp-block-column is-layout-flow wp-block-column-is-layout-flow\"><\/div>\n<\/div>\n\n\n\n<iframe loading=\"lazy\" width=\"100%\" height=\"400\" src=\"https:\/\/www.youtube.com\/embed\/FZh3Dyx10IY\" title=\"YouTube video player\" frameborder=\"0\" allow=\"accelerometer; autoplay; clipboard-write; encrypted-media; gyroscope; picture-in-picture\" allowfullscreen=\"\"><\/iframe>\n\n<br><h4>J\u00e4tevesipumpun toiminnan ja j\u00e4teveden pinnan automaattinen valvonta!<\/h4>\n\n\n\n<ul class=\"wp-block-list\">\n<li>Pit\u00e4\u00e4 rakennuksen sis\u00e4iset viem\u00e4rit kunnossa ja toimintavalmiina.<\/li>\n\n\n\n<li>Aiheuttaa j\u00e4tevesikaivon tyhjennyksen vain silloin, kun se on l\u00e4hes t\u00e4ynn\u00e4.<\/li>\n\n\n\n<li>Auttaa v\u00e4ltt\u00e4m\u00e4\u00e4n turhia h\u00e4lytyksi\u00e4.<\/li>\n\n\n\n<li>Auttaa imuautoyrityksi\u00e4 varautumaan ennalta tyhjennyksiin ja v\u00e4ltt\u00e4m\u00e4\u00e4n turhia ajoja.<\/li>\n<\/ul>\n\n\n\n<h4 class=\"wp-block-heading\"><strong>Uusi tulonl\u00e4hde viem\u00e4rinhuoltoyrityksille v\u00e4h\u00e4ll\u00e4 vaivalla ja pienill\u00e4 kustannuksilla: REMU PUMPPUVAHTI!<\/strong><\/h4>\n\n\n\n<div class=\"wp-block-file\"><a id=\"wp-block-file--media-cb69c6b5-4500-4ba7-8002-7b2b2094dfd9\" href=\"https:\/\/stag.kari.fi\/wp-content\/uploads\/2021\/02\/DATASHEET_PumppuVahti-REMU-F.pdf\">REMU Pumppuvahti tietolomake<\/a><a href=\"https:\/\/stag.kari.fi\/wp-content\/uploads\/2021\/02\/DATASHEET_PumppuVahti-REMU-F.pdf\" class=\"wp-block-file__button wp-element-button\" download aria-describedby=\"wp-block-file--media-cb69c6b5-4500-4ba7-8002-7b2b2094dfd9\">Lataa<\/a><\/div>\n\n\n\n<p>REMU PumppuVahti on automaattinen ja toimintavarma ratkaisu j\u00e4tevesipumppujen kunnon ja toiminnan ja j\u00e4tevesikorkeuden valvontaan.<\/p>\n\n\n\n<h4 class=\"wp-block-heading\"><strong>Miten REMU PumppuVahti toimii?<\/strong><\/h4>\n\n\n\n<div class=\"wp-block-columns is-layout-flex wp-container-core-columns-is-layout-9d6595d7 wp-block-columns-is-layout-flex\">\n<div class=\"wp-block-column is-layout-flow wp-block-column-is-layout-flow\"><div class=\"wp-block-image\">\n<figure class=\"aligncenter size-large is-resized\"><img loading=\"lazy\" decoding=\"async\" width=\"768\" height=\"1024\" src=\"https:\/\/kari.fi\/wp-content\/uploads\/2023\/04\/IMG-20210525-WA0003-002-768x1024.jpg\" alt=\"\" class=\"wp-image-3670\" style=\"width:260px;height:346px\" srcset=\"https:\/\/kari.fi\/wp-content\/uploads\/2023\/04\/IMG-20210525-WA0003-002-768x1024.jpg 768w, https:\/\/kari.fi\/wp-content\/uploads\/2023\/04\/IMG-20210525-WA0003-002-225x300.jpg 225w, https:\/\/kari.fi\/wp-content\/uploads\/2023\/04\/IMG-20210525-WA0003-002-1152x1536.jpg 1152w, https:\/\/kari.fi\/wp-content\/uploads\/2023\/04\/IMG-20210525-WA0003-002-110x146.jpg 110w, https:\/\/kari.fi\/wp-content\/uploads\/2023\/04\/IMG-20210525-WA0003-002-38x50.jpg 38w, https:\/\/kari.fi\/wp-content\/uploads\/2023\/04\/IMG-20210525-WA0003-002-56x75.jpg 56w, https:\/\/kari.fi\/wp-content\/uploads\/2023\/04\/IMG-20210525-WA0003-002-300x400.jpg 300w, https:\/\/kari.fi\/wp-content\/uploads\/2023\/04\/IMG-20210525-WA0003-002-600x800.jpg 600w, https:\/\/kari.fi\/wp-content\/uploads\/2023\/04\/IMG-20210525-WA0003-002.jpg 1200w\" sizes=\"auto, (max-width:767px) 480px, (max-width:768px) 100vw, 768px\" \/><\/figure><\/div><\/div>\n\n\n\n<div class=\"wp-block-column is-layout-flow wp-block-column-is-layout-flow\"><div class=\"wp-block-image\">\n<figure class=\"aligncenter size-large is-resized\"><img loading=\"lazy\" decoding=\"async\" width=\"768\" height=\"1024\" src=\"https:\/\/kari.fi\/wp-content\/uploads\/2023\/04\/IMG-20210525-WA0004-002-1-768x1024.jpg\" alt=\"\" class=\"wp-image-3708\" style=\"width:260px;height:345px\" srcset=\"https:\/\/kari.fi\/wp-content\/uploads\/2023\/04\/IMG-20210525-WA0004-002-1-768x1024.jpg 768w, https:\/\/kari.fi\/wp-content\/uploads\/2023\/04\/IMG-20210525-WA0004-002-1-225x300.jpg 225w, https:\/\/kari.fi\/wp-content\/uploads\/2023\/04\/IMG-20210525-WA0004-002-1-1152x1536.jpg 1152w, https:\/\/kari.fi\/wp-content\/uploads\/2023\/04\/IMG-20210525-WA0004-002-1-110x146.jpg 110w, https:\/\/kari.fi\/wp-content\/uploads\/2023\/04\/IMG-20210525-WA0004-002-1-38x50.jpg 38w, https:\/\/kari.fi\/wp-content\/uploads\/2023\/04\/IMG-20210525-WA0004-002-1-56x75.jpg 56w, https:\/\/kari.fi\/wp-content\/uploads\/2023\/04\/IMG-20210525-WA0004-002-1-300x400.jpg 300w, https:\/\/kari.fi\/wp-content\/uploads\/2023\/04\/IMG-20210525-WA0004-002-1-600x800.jpg 600w, https:\/\/kari.fi\/wp-content\/uploads\/2023\/04\/IMG-20210525-WA0004-002-1.jpg 1200w\" sizes=\"auto, (max-width:767px) 480px, (max-width:768px) 100vw, 768px\" \/><\/figure><\/div><\/div>\n\n\n\n<div class=\"wp-block-column is-vertically-aligned-top is-layout-flow wp-block-column-is-layout-flow\">\n<div class=\"wp-block-group\"><div class=\"wp-block-group__inner-container is-layout-flow wp-block-group-is-layout-flow\">\n<div class=\"wp-block-columns is-layout-flex wp-container-core-columns-is-layout-9d6595d7 wp-block-columns-is-layout-flex\">\n<div class=\"wp-block-column is-layout-flow wp-block-column-is-layout-flow\">\n<figure class=\"wp-block-image size-large is-resized\"><img loading=\"lazy\" decoding=\"async\" width=\"933\" height=\"1024\" src=\"https:\/\/kari.fi\/wp-content\/uploads\/2023\/04\/REMU-KRITA_levea-kopio-mCa-933x1024.jpg\" alt=\"\" class=\"wp-image-3729\" style=\"width:318px;height:349px\" srcset=\"https:\/\/kari.fi\/wp-content\/uploads\/2023\/04\/REMU-KRITA_levea-kopio-mCa-933x1024.jpg 933w, https:\/\/kari.fi\/wp-content\/uploads\/2023\/04\/REMU-KRITA_levea-kopio-mCa-273x300.jpg 273w, https:\/\/kari.fi\/wp-content\/uploads\/2023\/04\/REMU-KRITA_levea-kopio-mCa-768x843.jpg 768w, https:\/\/kari.fi\/wp-content\/uploads\/2023\/04\/REMU-KRITA_levea-kopio-mCa-1400x1536.jpg 1400w, https:\/\/kari.fi\/wp-content\/uploads\/2023\/04\/REMU-KRITA_levea-kopio-mCa-1866x2048.jpg 1866w, https:\/\/kari.fi\/wp-content\/uploads\/2023\/04\/REMU-KRITA_levea-kopio-mCa-133x146.jpg 133w, https:\/\/kari.fi\/wp-content\/uploads\/2023\/04\/REMU-KRITA_levea-kopio-mCa-46x50.jpg 46w, https:\/\/kari.fi\/wp-content\/uploads\/2023\/04\/REMU-KRITA_levea-kopio-mCa-68x75.jpg 68w, https:\/\/kari.fi\/wp-content\/uploads\/2023\/04\/REMU-KRITA_levea-kopio-mCa-300x329.jpg 300w, https:\/\/kari.fi\/wp-content\/uploads\/2023\/04\/REMU-KRITA_levea-kopio-mCa-600x658.jpg 600w\" sizes=\"auto, (max-width:767px) 480px, (max-width:933px) 100vw, 933px\" \/><\/figure>\n<\/div>\n<\/div>\n<\/div><\/div>\n<\/div>\n<\/div>\n\n\n\n<h4 class=\"wp-block-heading\"><strong>REMU PumppuVahtia ohjaa langaton pumpunhallintaj\u00e4rjestelm\u00e4, joka tuottaa tarvittaessa h\u00e4lytyksi\u00e4.<\/strong><\/h4>\n\n\n\n<ul class=\"wp-block-list\">\n<li> REMU PumppuVahti valvoo pumppujen toimintaa perustuen pumppujen k\u00e4yntikertoihin ja pumppujen k\u00e4ynniss\u00e4oloaikoihin.<\/li>\n\n\n\n<li>REMU PumppuVahti toimii itsen\u00e4isen\u00e4 ohjauslaitteena, jolloin valvonta tapahtuu \u00e4lypuhelimen kautta.<\/li>\n\n\n\n<li>REMU PumppuVahti voidaan kytke\u00e4 my\u00f6s ControlMan pilvipalveluun, jolloin kaikkia pumpun tietoja voidaan seurata selaimen kautta tietokoneella mist\u00e4 vain.<\/li>\n<\/ul>\n\n\n\n<h4 class=\"wp-block-heading\"><strong>REMU PumppuVahti valvoo y\u00f6k\u00e4ynnistysten lukum\u00e4\u00e4r\u00e4\u00e4 ja jos k\u00e4ynnistysten m\u00e4\u00e4r\u00e4 ylitt\u00e4\u00e4 asetetun rajan, laitteen logiikka aiheuttaa h\u00e4lytyksen<\/strong>.<\/h4>\n\n\n\n<ul class=\"wp-block-list\">\n<li>H\u00e4lytykset l\u00e4hetet\u00e4\u00e4n puhelimiin ja s\u00e4hk\u00f6postiosoitteisiin.<\/li>\n<\/ul>\n\n\n\n<h4 class=\"wp-block-heading\">REMU PumppuVahti tuottaa h\u00e4lytyksi\u00e4 jos:<\/h4>\n\n\n\n<ul class=\"wp-block-list\">\n<li>K\u00e4yntikerrat\/p\u00e4iv\u00e4t ylitt\u00e4v\u00e4t asetetun rajan.<\/li>\n\n\n\n<li>Yht\u00e4jaksoinen k\u00e4yntiaika ylitt\u00e4\u00e4 asetetun rajan.<\/li>\n\n\n\n<li>Pumppu ei ole k\u00e4ynnistynyt asetettuun aikaan.<\/li>\n\n\n\n<li>Virtamittaus ylitt\u00e4\u00e4 asetetun virtarajan.<\/li>\n\n\n\n<li>Virtamittaus on pienempi kuin asetettu vakiokulutus (tyhj\u00e4k\u00e4ynnin esto).<\/li>\n\n\n\n<li>Korkea virtaama y\u00f6aikaan (02:00-05:00).<\/li>\n\n\n\n<li>J\u00e4tevesikaivo vuotaa yli.<\/li>\n\n\n\n<li>Ulkoiset tekij\u00e4t haittaavat pumpun toimintaa.<\/li>\n\n\n\n<li>Pumpun k\u00e4yntiaikalaskuri ylittynyt.<\/li>\n\n\n\n<li>Pumppu k\u00e4y kuivana.<\/li>\n\n\n\n<li>L\u00e4mp\u00f6rele laukeaa.<\/li>\n<\/ul>\n\n\n\n<h4 class=\"wp-block-heading\">Pumppujen ohjaus<\/h4>\n\n\n\n<p>Jos pumppuja ei ole k\u00e4ytetty pitk\u00e4\u00e4n aikaan, on laitteessa putkiston huuhteluohjaus putkiston sedimentoitumisen est\u00e4miseksi.<\/p>\n\n\n\n<h4 class=\"wp-block-heading\">Pumpun virrankulutuksen valvonta<\/h4>\n\n\n\n<ul class=\"wp-block-list\">\n<li>REMU PumppuVahti antaa h\u00e4lytyksen, jos pumpun k\u00e4ytt\u00e4m\u00e4 virta ylitt\u00e4\u00e4 asetetun rajan 10 sekunnin ajan tai jos virta alittaa alarajan, saadaan pumpuista kuivak\u00e4yntitieto ja ne voidaan ohjata pois k\u00e4yt\u00f6st\u00e4 ennen kuin vaurioita tapahtuu.<\/li>\n\n\n\n<li>Arvot siirret\u00e4\u00e4n ControlMan pilvipalvelimelle kerran tunnissa.<\/li>\n\n\n\n<li>Jos laite ei saa yhteytt\u00e4 palvelimeen, laite ker\u00e4\u00e4 tuntiarvoja muistiinsa, kunnes yhteys palautuu. T\u00e4ll\u00f6in laite l\u00e4hett\u00e4\u00e4 kaikki ker\u00e4tyt tuntiraportit palvelimelle.<\/li>\n\n\n\n<li>Palvelin ilmoittaa k\u00e4ytt\u00e4jille yhteyskatkoksesta joko tekstiviestill\u00e4 tai s\u00e4hk\u00f6postilla.<\/li>\n<\/ul>\n\n\n\n<h4 class=\"wp-block-heading\">H\u00e4lytysrajan asettaminen<\/h4>\n\n\n\n<ul class=\"wp-block-list\">\n<li>Ylityksest\u00e4\/alituksesta laite antaa h\u00e4lytyksen yhteen tai useampaan puhelimeen.<\/li>\n\n\n\n<li>Ilmoitus voidaan l\u00e4hett\u00e4\u00e4 rakennuksen omistajalle, is\u00e4nn\u00f6itsij\u00e4lle tai viem\u00e4rihuoltoyritykselle.<\/li>\n\n\n\n<li>REMU PumppuVahdissa on testipainike, jossa on merkkivalo toiminnan varmistamiseksi.<\/li>\n\n\n\n<li>Kun painikkeesta painaa, niin REMU l\u00e4hett\u00e4\u00e4 raportin haluttuihin numeroihin.<\/li>\n\n\n\n<li>REMU toimii joko verkkos\u00e4hk\u00f6ll\u00e4 tai paristoilla. Paristojen elinkaari on yleens\u00e4 5-10 vuotta.<\/li>\n<\/ul>\n\n\n\n<h4 class=\"wp-block-heading\">Ennen REMU PumppuVahdin k\u00e4ytt\u00f6\u00f6nottoa:<\/h4>\n\n\n\n<ul class=\"wp-block-list\">\n<li>Laitteiden et\u00e4yll\u00e4pito on mahdotonta.<\/li>\n\n\n\n<li>Huollot tapahtuvat vasta vikatilanteissa tai ennakkohuoltoja ei osata ajoittaa oikein.<\/li>\n\n\n\n<li>Viem\u00e4rihuoltoyritykset eiv\u00e4t ole reaaliaikaisesti tilanteesta tietoisia.<\/li>\n<\/ul>\n\n\n\n<h4 class=\"wp-block-heading\">REMU PumppuVahdin k\u00e4ytt\u00f6\u00f6noton j\u00e4lkeen:<\/h4>\n\n\n\n<ul class=\"wp-block-list\">\n<li>Kehityssuunnat, h\u00e4lytykset, raportit ja ohjaukset saadaan reaaliajassa viem\u00e4rihuoltoyrityksen tietoon.<\/li>\n\n\n\n<li>K\u00e4ytt\u00f6- ja huoltokulut etuk\u00e4teen tiedossa.<\/li>\n\n\n\n<li>Reaaliaikaista tietoa v\u00e4litt\u00f6m\u00e4sti viem\u00e4rihuoltoyrityksille, jolloin huollot nopeutuvat.<\/li>\n\n\n\n<li>Laitteiden et\u00e4yll\u00e4pito tapahtuu verkon l\u00e4pi.<\/li>\n<\/ul>\n\n\n\n<h4 class=\"wp-block-heading\"><strong>Hanki jatkuvia tuloja yrityksellesi v\u00e4h\u00e4ll\u00e4 vaivalla ja ilman ajoja!<\/strong><\/h4>\n\n\n\n<p><strong><strong>Ota k\u00e4ytt\u00f6\u00f6n REMU PumppuVahti.<\/strong><br>Soita: <a href=\"tel:+3583876810\">03 876 810<\/a><br>Pyyd\u00e4 lis\u00e4tietoja: <a rel=\"noreferrer noopener\" href=\"mailto:info@kari.fi\" target=\"_blank\">info@kari.fi<\/a><br>Tilaa REMU: <a href=\"mailto:myynti@kari.fi\">myynti@kari.fi<\/a><\/strong><\/p>\n","protected":false},"excerpt":{"rendered":"<p>JATKUVIA KUUKAUSITULOJA VIEM\u00c4RIHUOLTOYRITYKSILLE Haluaisitko tuottaa arvokkaan palvelun asiakkaillesi ja ansaita jatkuvia kuukausituloja ilman ajoja? J\u00e4tevesipumpun toiminnan ja j\u00e4teveden pinnan automaattinen valvonta! Uusi tulonl\u00e4hde viem\u00e4rinhuoltoyrityksille v\u00e4h\u00e4ll\u00e4 vaivalla<span class=\"excerpt-hellip\"> [\u2026]<\/span><\/p>\n","protected":false},"author":1,"featured_media":0,"parent":0,"menu_order":0,"comment_status":"closed","ping_status":"closed","template":"","meta":{"footnotes":""},"class_list":["post-2479","page","type-page","status-publish","hentry"],"aioseo_notices":[],"_links":{"self":[{"href":"https:\/\/kari.fi\/fi\/wp-json\/wp\/v2\/pages\/2479","targetHints":{"allow":["GET"]}}],"collection":[{"href":"https:\/\/kari.fi\/fi\/wp-json\/wp\/v2\/pages"}],"about":[{"href":"https:\/\/kari.fi\/fi\/wp-json\/wp\/v2\/types\/page"}],"author":[{"embeddable":true,"href":"https:\/\/kari.fi\/fi\/wp-json\/wp\/v2\/users\/1"}],"replies":[{"embeddable":true,"href":"https:\/\/kari.fi\/fi\/wp-json\/wp\/v2\/comments?post=2479"}],"version-history":[{"count":17,"href":"https:\/\/kari.fi\/fi\/wp-json\/wp\/v2\/pages\/2479\/revisions"}],"predecessor-version":[{"id":3934,"href":"https:\/\/kari.fi\/fi\/wp-json\/wp\/v2\/pages\/2479\/revisions\/3934"}],"wp:attachment":[{"href":"https:\/\/kari.fi\/fi\/wp-json\/wp\/v2\/media?parent=2479"}],"curies":[{"name":"wp","href":"https:\/\/api.w.org\/{rel}","templated":true}]}}