{"id":2745,"date":"2021-04-07T12:15:54","date_gmt":"2021-04-07T09:15:54","guid":{"rendered":"https:\/\/stag.kari.fi\/?page_id=2745"},"modified":"2025-09-10T14:03:43","modified_gmt":"2025-09-10T11:03:43","slug":"maksuehdot-2","status":"publish","type":"page","link":"https:\/\/kari.fi\/fi\/maksuehdot-2\/","title":{"rendered":"Maksuehdot"},"content":{"rendered":"\n<h2 class=\"wp-block-heading\"><strong>Maksutapa<\/strong><\/h2>\n\n\n\n<h2 class=\"wp-block-heading\">Tietoa maksamisesta<\/h2>\n\n\n\n<p>Paytrail on sinulle turvallinen maksutapa. Meill\u00e4 on Finanssivalvonnan my\u00f6nt\u00e4m\u00e4 maksulaitostoimilupa. Palvelu on Paytrail Oyj:n (y-tunnus 2122839-7) yll\u00e4pit\u00e4m\u00e4, ja se on osa Nets-perhett\u00e4.<\/p>\n\n\n\n<p>Paytrail-maksunv\u00e4lityspalvelu v\u00e4litt\u00e4\u00e4 maksusi kauppiaalle. Jos tiliotteellasi tai luottokorttilaskullasi n\u00e4kyy Paytrail Oyj, olemme v\u00e4litt\u00e4neet maksusi.<\/p>\n\n\n\n<p>Verkkokauppa toimii tuotteiden ja palveluiden markkinoijana sek\u00e4 tuotteiden toimittajana asiakkaalle. Verkkokauppa huolehtii kauppaan liittyvist\u00e4 lakis\u00e4\u00e4teisist\u00e4 sek\u00e4 itse m\u00e4\u00e4rittelemist\u00e4\u00e4n muista velvoitteista. Jos haluat reklamoida tai palauttaa tuotteen, sinun kannattaa olla yhteydess\u00e4 suoraan verkkokauppaan, josta tuote on tilattu.<\/p>\n\n\n\n<p>Kun verkkokauppa k\u00e4ytt\u00e4\u00e4 Paytrailin maksupalvelua l\u00f6yd\u00e4t heid\u00e4n sivuiltaan palvelun kuvauksen esimerkiksi toimitusehdoista.<\/p>\n\n\n\n<h4 class=\"wp-block-heading\">Maksupalveluntarjoaja<\/h4>\n\n\n\n<p>Maksunv\u00e4lityspalvelun toteuttajana ja maksupalveluntarjoajana toimii Paytrail Oyj (2122839-7) yhteisty\u00f6ss\u00e4 suomalaisten pankkien ja luottolaitosten kanssa. Paytrail Oyj n\u00e4kyy maksun saajana tiliotteella tai korttilaskulla ja v\u00e4litt\u00e4\u00e4 maksun kauppiaalle. Paytrail Oyj:ll\u00e4 on maksulaitoksen toimilupa. Reklamaatiotapauksissa pyyd\u00e4mme ottamaan ensisijaisesti yhteytt\u00e4 tuotteen toimittajaan.<\/p>\n\n\n\n<p>Paytrail Oyj, y-tunnus: 2122839-7<br>Innova 2<br>Lutakonaukio 7<br>40100 Jyv\u00e4skyl\u00e4<br><a href=\"https:\/\/www.paytrail.com\/\">www.paytrail.com<\/a>&nbsp;<br><\/p>\n\n\n\n<h2 class=\"wp-block-heading\">Pankkimaksut<\/h2>\n\n\n\n<p>K\u00e4yt\u00f6ss\u00e4si on kaikkien suomalaisten pankkien maksupainikkeet joko pankkien tarjoamiin eBanking-rajapintoihin tai open banking-rajapintoihin pohjautuen. Voit maksaa Aktian, Danske Bankin, Handelsbankenin, Nordean, Oma S\u00e4\u00e4st\u00f6pankin, Osuuspankin, POP-pankin, S\u00e4\u00e4st\u00f6pankin, S-pankin ja \u00c5landsbankenin maksupainikkeilla. Tiliotteellasi maksunsaajana n\u00e4kyy Paytrail Oyj, me v\u00e4lit\u00e4mme maksusi verkkokauppiaalle. Verkkokaupasta sinut ohjataan suoraan omaan pankkiisi suorittamaan maksu turvallisesti.<br><\/p>\n\n\n\n<h2 class=\"wp-block-heading\">Luottokorttimaksut<\/h2>\n\n\n\n<p>Voit maksaa verkkokaupassa Visa-, Visa Debit-, Visa Electron-, Mastercard-, Debit Mastercard &#8211; ja American Express -korteilla. Verkkokaupassa ovat k\u00e4yt\u00f6ss\u00e4 kansainv\u00e4liset Verified by Visa -, Mastercard SecureCode &#8211; ja American Express SafeKey -todentamispalvelut.<br><br>Paytrail Oyj n\u00e4kyy maksun saajana korttilaskulla ja v\u00e4litt\u00e4\u00e4 asiakkaan maksaman maksukorttimaksun suoraan kauppiaalle. Korttimaksaminen tapahtuu turvallisesti suojatulla maksulomakkeella, eik\u00e4 maksukortin tietoja tallenneta verkkokaupan j\u00e4rjestelmiin.<br><\/p>\n\n\n\n<h2 class=\"wp-block-heading\">Mobiilimaksutavat<\/h2>\n\n\n\n<p>Mobiilimaksutavat Pivo, MobilePay ja Siirto ovat sovelluksessa toimivia palveluita, joilla voi maksaa verkko-ostoksia tilisiirtona tililt\u00e4\u00e4n tai korttimaksuna kortiltaan hyv\u00e4ksym\u00e4ll\u00e4 maksun kyseisess\u00e4 sovelluksessa.<br><br>Pivolla onnistuvat lis\u00e4ksi Siirto-maksut, jolloin maksun voi hyv\u00e4ksy\u00e4 miss\u00e4 tahansa Siirtoa tukevassa sovelluksessa. Apple Pay on Apple-laitteessa toimiva palvelu, jolla voi maksaa ostoksia laitteeseen liitetylt\u00e4 maksukortilta. <strong>Pivo<\/strong>K\u00e4ytt\u00f6ehdot ovat tarjolla Pivon sivuilla. <a href=\"https:\/\/pivo.fi\/kayttoehdot\/pivon-kayttoehdot\" target=\"_blank\" rel=\"noreferrer noopener\">Pivon k\u00e4ytt\u00f6ehdot<\/a><br><strong>MobilePay<\/strong> Ehdot ovat tarjolla MobilePayn sivuilla.<br><a href=\"https:\/\/mobilepay.fi\/asiakastuki\/ehdot\" target=\"_blank\" rel=\"noreferrer noopener\">MobilePayn ehdot<\/a><strong><br>Siirto<\/strong><br>Siirto-maksuihin sovellettavat ehdot:<br><a href=\"https:\/\/uusi.op.fi\/tac?did=Hemak0000002717&amp;cs=7f653641d3fb31069e9e2eb71e9f141460575b214e26ed07a802a3c54e87b77a\" target=\"_blank\" rel=\"noreferrer noopener\">OP:n yleiset euromaksuehdot (.pdf)<\/a><br><a href=\"https:\/\/www.nordea.fi\/Images\/146-173247\/siirto-ehdot-fi.pdf\" target=\"_blank\" rel=\"noreferrer noopener\">Siirto-palvelun k\u00e4ytt\u00f6ehdot Nordealla (.pdf)<\/a><br><strong>Apple Pay<\/strong><br>K\u00e4ytt\u00f6ehdot ovat tarjolla Applen sivuilla.<br><a href=\"https:\/\/support.apple.com\/fi-fi\/HT201239\" target=\"_blank\" rel=\"noreferrer noopener\">Apple Payn k\u00e4ytt\u00f6ehdot<\/a><\/p>\n\n\n\n<h2 class=\"wp-block-heading\">Lasku- ja osamaksupalvelut<\/h2>\n\n\n\n<p>Lasku- ja osamaksupalveluita Paytrailin kautta tarjoavat OP, Walley ja Jousto. Walley tarjoaa lasku- ja osamaksuvaihtoehdon my\u00f6s yritysasiakkaille.<\/p>\n\n\n\n<p>Luethan viel\u00e4 rahoitusyhti\u00f6kohtaiset tarkemmat ehdot, jotka n\u00e4et hyv\u00e4ksyess\u00e4si maksun. Kun hyv\u00e4ksyt maksun, hyv\u00e4ksyt samalla rahoitusyhti\u00f6n ehdot.<strong>Walley<\/strong><br><a href=\"https:\/\/www.collector.se\/upload\/Partners\/Agreements\/CHECK\/Credit_terms_All_comp_FI.pdf\" target=\"_blank\" rel=\"noreferrer noopener\">Walleyn yleiset lasku- ja er\u00e4maksuehdot yrityksille (.pdf)<\/a><a href=\"https:\/\/cdn.walleypay.com\/terms\/Terms_FI.pdf\" rel=\"noreferrer noopener\" target=\"_blank\">Walleyn yleiset lasku-, tililuotto ja er\u00e4maksuehdot (.pdf)<\/a><a href=\"https:\/\/cdn.walleypay.com\/terms\/SECCI_FI.pdf\" rel=\"noreferrer noopener\" target=\"_blank\">Vakiomuotoiset eurooppalaiset kuluttajaluottotiedot (.pdf)<\/a>Lue lis\u00e4\u00e4:&nbsp;<a href=\"http:\/\/www.walley.fi\/\" rel=\"noreferrer noopener\" target=\"_blank\">walley.fi<\/a><strong><br>Jousto<\/strong><br><a href=\"https:\/\/info.checkout.fi\/hubfs\/checkout\/ehdot-ja-sopimukset\/jousto_tuoteseloste_suomi_2019.pdf\" target=\"_blank\" rel=\"noreferrer noopener\">Jousto-tuoteseloste (.pdf)<\/a>Lue lis\u00e4\u00e4:&nbsp;<a href=\"https:\/\/jousto.com\/\" target=\"_blank\" rel=\"noreferrer noopener\">jousto.com<\/a><br><strong>OP Lasku<\/strong><br><a href=\"https:\/\/www.paytrail.com\/hubfs\/OP%20Lasku_Luottosopimuksen_ehdot.pdf\" rel=\"noreferrer noopener\" target=\"_blank\">OP Laskun luottosopimuksen ehdot (.pdf)<\/a><br><a href=\"https:\/\/www.paytrail.com\/hubfs\/OP%20Lasku_tuoteseloste_kuluttajalle0923.pdf\" rel=\"noreferrer noopener\" target=\"_blank\">OP Laskun tuoteseloste kuluttajalle (.pdf)<\/a><br><a href=\"https:\/\/www.paytrail.com\/hubfs\/OP%20Lasku_tuoteseloste_kauppiaalle0923.pdf\" rel=\"noreferrer noopener\" target=\"_blank\">OP Laskun tuoteseloste kauppiaalle (.pdf)<\/a><br>Lue lis\u00e4\u00e4:&nbsp;<a href=\"https:\/\/www.op.fi\/henkiloasiakkaat\/paivittaiset\/maksaminen\/op-lasku\" rel=\"noreferrer noopener\" target=\"_blank\">op.fi<\/a><\/p>\n\n\n\n<p><strong>OP Tililuotto<\/strong><\/p>\n\n\n\n<p><a href=\"https:\/\/www.paytrail.com\/hubfs\/sopimukset-ja-ehdot\/OP-Tililuotto-Kauppiasehdot.pdf\" rel=\"noreferrer noopener\" target=\"_blank\">OP Tililuoton luottosopimuksen ehdot (.pdf)<\/a><\/p>\n\n\n\n<p><a href=\"https:\/\/www.paytrail.com\/hubfs\/sopimukset-ja-ehdot\/OP-Tililuotto-Kuluttajalle.pdf\" rel=\"noreferrer noopener\" target=\"_blank\">OP Tililuoton tuoteseloste (.pdf)<\/a><\/p>\n\n\n\n<p>Lue lis\u00e4\u00e4:&nbsp;<a href=\"https:\/\/www.op.fi\/henkiloasiakkaat\/paivittaiset\/maksaminen\/op-tililuotto\" rel=\"noreferrer noopener\" target=\"_blank\">op.fi<\/a><\/p>\n\n\n\n<p><strong>Alisa Yrityslasku<\/strong><\/p>\n\n\n\n<p><a href=\"https:\/\/support.paytrail.com\/hc\/fi\/articles\/16320035780369-Alisa-Yrityslasku\" rel=\"noreferrer noopener\" target=\"_blank\">Tietoa Alisa Yrityslaskusta<\/a>&nbsp;(Yrityksille suunnattu lasku- ja osamaksupalvelu)<\/p>\n\n\n\n<h2 class=\"wp-block-heading\">Maksupalvelutarjoaja<\/h2>\n\n\n\n<p><br>Maksunv\u00e4lityspalvelun toteuttajana ja maksupalveluntarjoajana toimii Paytrail Oyj (2122839-7) yhteisty\u00f6ss\u00e4 suomalaisten pankkien ja luottolaitosten kanssa. Paytrail Oyj n\u00e4kyy maksun saajana tiliotteella tai korttilaskulla ja v\u00e4litt\u00e4\u00e4 maksun kauppiaalle. Paytrail Oyj:ll\u00e4 on maksulaitoksen toimilupa. Reklamaatiotapauksissa pyyd\u00e4mme ottamaan ensisijaisesti yhteytt\u00e4 tuotteen toimittajaan.<br>Paytrail Oyj, y-tunnus: 2122839-7<br>Innova 2<br>Lutakonaukio 7<br>40100 Jyv\u00e4skyl\u00e4<br><a href=\"https:\/\/www.paytrail.com\/kuluttaja\/tietoa-maksamisesta\">https:\/\/www.paytrail.com\/kuluttaja\/tietoa-maksamisesta<\/a><br><br><\/p>\n","protected":false},"excerpt":{"rendered":"<p>Maksutapa Tietoa maksamisesta Paytrail on sinulle turvallinen maksutapa. Meill\u00e4 on Finanssivalvonnan my\u00f6nt\u00e4m\u00e4 maksulaitostoimilupa. Palvelu on Paytrail Oyj:n (y-tunnus 2122839-7) yll\u00e4pit\u00e4m\u00e4, ja se on osa Nets-perhett\u00e4. Paytrail-maksunv\u00e4lityspalvelu<span class=\"excerpt-hellip\"> [\u2026]<\/span><\/p>\n","protected":false},"author":1,"featured_media":0,"parent":0,"menu_order":0,"comment_status":"closed","ping_status":"closed","template":"","meta":{"footnotes":""},"class_list":["post-2745","page","type-page","status-publish","hentry"],"aioseo_notices":[],"_links":{"self":[{"href":"https:\/\/kari.fi\/fi\/wp-json\/wp\/v2\/pages\/2745","targetHints":{"allow":["GET"]}}],"collection":[{"href":"https:\/\/kari.fi\/fi\/wp-json\/wp\/v2\/pages"}],"about":[{"href":"https:\/\/kari.fi\/fi\/wp-json\/wp\/v2\/types\/page"}],"author":[{"embeddable":true,"href":"https:\/\/kari.fi\/fi\/wp-json\/wp\/v2\/users\/1"}],"replies":[{"embeddable":true,"href":"https:\/\/kari.fi\/fi\/wp-json\/wp\/v2\/comments?post=2745"}],"version-history":[{"count":7,"href":"https:\/\/kari.fi\/fi\/wp-json\/wp\/v2\/pages\/2745\/revisions"}],"predecessor-version":[{"id":3821,"href":"https:\/\/kari.fi\/fi\/wp-json\/wp\/v2\/pages\/2745\/revisions\/3821"}],"wp:attachment":[{"href":"https:\/\/kari.fi\/fi\/wp-json\/wp\/v2\/media?parent=2745"}],"curies":[{"name":"wp","href":"https:\/\/api.w.org\/{rel}","templated":true}]}}