{"id":2751,"date":"2021-04-12T09:16:09","date_gmt":"2021-04-12T06:16:09","guid":{"rendered":"https:\/\/stag.kari.fi\/?page_id=2751"},"modified":"2025-09-10T14:03:45","modified_gmt":"2025-09-10T11:03:45","slug":"yleiset-sopimusehdot","status":"publish","type":"page","link":"https:\/\/kari.fi\/fi\/yleiset-sopimusehdot\/","title":{"rendered":"Yleiset sopimusehdot"},"content":{"rendered":"\n<p><br><\/p>\n\n\n\n<h2 class=\"wp-block-heading\"><br><br>Ehtojen soveltaminen<\/h2>\n\n\n\n<ol class=\"wp-block-list\"><li>N\u00e4it\u00e4 yleisi\u00e4 sopimusehtoja sovelletaan, mik\u00e4li osapuolet ovat siit\u00e4 kirjallisesti tai muulla tavalla sopineet.<br><br>Ilmaisut \u201dkirjallisesti\u201d tai \u201dkirjallinen\u201d tarkoittavat n\u00e4iss\u00e4 ehdoissa k\u00e4ytettyin\u00e4 osapuolten allekirjoittamaa asiakirjaa, kirjeell\u00e4, telefaksilla, s\u00e4hk\u00f6postilla tai muulla osapuolten sopimalla viestint\u00e4tavalla tehty\u00e4 ilmoitusta.<\/li><\/ol>\n\n\n\n<h3 class=\"wp-block-heading\"><br>Pakkaus<\/h3>\n\n\n\n<ol class=\"wp-block-list\" start=\"2\"><li>Ellei muuta ole ilmoitettu, tarjouksessa ja sopimuksessa mainittujen hintojen katsotaan sis\u00e4lt\u00e4v\u00e4n myyj\u00e4n vakiopakkauksen.<\/li><\/ol>\n\n\n\n<h3 class=\"wp-block-heading\"><br>Yli- ja alitoimitus<\/h3>\n\n\n\n<ol class=\"wp-block-list\" start=\"3\"><li>Toimitus saa poiketa sopimuksessa ilmoitetusta painosta tai m\u00e4\u00e4r\u00e4st\u00e4 vain mik\u00e4li osapuolet ovat sopineet t\u00e4st\u00e4 erikseen.<\/li><\/ol>\n\n\n\n<h3 class=\"wp-block-heading\"><br>Tuotetiedot<\/h3>\n\n\n\n<ol class=\"wp-block-list\" start=\"4\"><li>Osapuolten markkinointiaineistoon, hinnastoihin sek\u00e4 muuhun tuotetietomateriaaliin sis\u00e4ltyv\u00e4t tiedot ovat sitovia vain mik\u00e4li niihin sopimuksessa erikseen viitataan.<\/li><\/ol>\n\n\n\n<h3 class=\"wp-block-heading\"><br>Toimitus<\/h3>\n\n\n\n<ol class=\"wp-block-list\" start=\"5\"><li>Ellei toimitusehtoa ole sovittu, se on \u201dEx Works\u201d sopimuksen laatimishetkell\u00e4 voimassa olleiden INCOTERMS tulkintas\u00e4\u00e4nt\u00f6jen mukaisesti. Sovittua toimitusehtoa tulkitaan tuolloin voimassa olleiden INCOTERMS-tulkinta s\u00e4\u00e4nt\u00f6jen mukaisesti.<\/li><\/ol>\n\n\n\n<h3 class=\"wp-block-heading\"><br>Toimitusaika. Viiv\u00e4stys<\/h3>\n\n\n\n<ol class=\"wp-block-list\" start=\"6\"><li>Viiv\u00e4styksen johtuessa ostajasta pidennet\u00e4\u00e4n toimitusaikaa olosuhteisiin n\u00e4hden kohtuullisesti riippumatta siit\u00e4, onko viiv\u00e4styksen syy ilmaantunut ennen sovitun toimitusajan umpeutumista vai sen j\u00e4lkeen. T\u00e4m\u00e4 koskee my\u00f6s, lukuun ottamatta kohdan 19 toisessa kappaleessa tarkoitettua tilannetta, tapausta, jossa toimitus viiv\u00e4styy sellaisesta syyst\u00e4, joka kohdan 18 mukaan katsotaan ylivoimaiseksi esteeksi.<br><\/li><li>Mik\u00e4li myyj\u00e4 ei toimita tuotteita ajallaan, ostajalla on oikeus asettaa myyj\u00e4lle antamallaan kirjallisella ilmoituksella toimitukselle kohtuullinen lopullinen m\u00e4\u00e4r\u00e4aika ja ilmoittaa, ett\u00e4 ostaja aikoo purkaa sopimuksen, ellei toimitus tapahdu t\u00e4m\u00e4n m\u00e4\u00e4r\u00e4ajan kuluessa.<br>Ellei toimitus ole tapahtunut lopullisen m\u00e4\u00e4r\u00e4ajan kuluessa, ostajalla on oikeus purkaa sopimus v\u00e4litt\u00f6m\u00e4sti kirjallisella ilmoituksella. tunut lopullisen m\u00e4\u00e4r\u00e4ajan kuluessa, ostajalla on oikeus purkaa sopimus myyj\u00e4lle antamallaan kirjallisella ilmoituksella.<br><br>Mik\u00e4li viiv\u00e4stys on ostajan kannalta olennainen tai mik\u00e4li on selv\u00e4\u00e4, ett\u00e4 t\u00e4ll\u00e4inen viiv\u00e4stys ilmenisi, ostajalla on oikeus purkaa sopimus v\u00e4litt\u00f6m\u00e4sti kirjallisella ilmoituksella.<\/li><\/ol>\n\n\n\n<p><\/p>\n\n\n\n<ol class=\"wp-block-list\" start=\"8\"><li>Mik\u00e4li ostaja purkaa sopimuksen kohdan 7 mukaisesti, h\u00e4nell\u00e4 on oikeus saada myyj\u00e4lt\u00e4 korvaus lis\u00e4kuluista, jotka ostajalle ovat aiheutuneet vastaavien tuotteiden hankkimisesta muualta. T\u00e4ll\u00f6in ostajalla ei ole mit\u00e4\u00e4n muuta oikeutta korvaukseen myyj\u00e4n toimituksen viiv\u00e4stymisen johdosta.<br><br>Ellei ostaja pura sopimusta, h\u00e4nell\u00e4 ei ole, ellei muuta ole sovittu, oikeutta mihink\u00e4\u00e4n muuhun korvaukseen myyj\u00e4n viiv\u00e4styksen johdosta.<\/li><\/ol>\n\n\n\n<h3 class=\"wp-block-heading\"><br>Maksut<\/h3>\n\n\n\n<ol class=\"wp-block-list\" start=\"9\"><li>Ellei muuta ole sovittu, maksuaika on 30 p\u00e4iv\u00e4\u00e4 toimituksesta ja laskun l\u00e4hett\u00e4misest\u00e4.<br><br>Ellei ostaja ota tuotteita vastaan sovittuna p\u00e4iv\u00e4n\u00e4, h\u00e4nen on kuitenkin maksettava niin kuin toimitus olisi tapahtunut sopimuksen mukaisesti.<\/li><\/ol>\n\n\n\n<ol class=\"wp-block-list\" start=\"10\"><li>Ellei ostaja maksa er\u00e4p\u00e4iv\u00e4n\u00e4, myyj\u00e4ll\u00e4 on oikeus maansa lain mukaiseen viiv\u00e4styskorkoon.<br><\/li><li>Ellei ostaja maksa er\u00e4\u00e4ntynytt\u00e4 saatavaa kolmen kuu kauden kuluessa, myyj\u00e4ll\u00e4 on oikeus kirjallisesti ilmoit tamalla purkaa sopimus ja saada ostajalta viiv\u00e4styskoron lis\u00e4ksi korvaus aiheutuneesta vahingosta. Korvaus voi olla enint\u00e4\u00e4n kauppahinnan suuruinen.<\/li><\/ol>\n\n\n\n<h3 class=\"wp-block-heading\"><br>Omistusoikeuden pid\u00e4tys<\/h3>\n\n\n\n<ol class=\"wp-block-list\" start=\"12\"><li>Tuotteet ovat myyj\u00e4n omaisuutta, kunnes ne on t\u00e4ysin maksettu, ellei omistusoikeuden pid\u00e4tyst\u00e4 koskevista s\u00e4\u00e4nn\u00f6ist\u00e4 muutajohdu.<\/li><\/ol>\n\n\n\n<h3 class=\"wp-block-heading\"><br>Vastuu virheist\u00e4<\/h3>\n\n\n\n<ol class=\"wp-block-list\" start=\"13\"><li>Myyj\u00e4 sitoutuu toimittamaan uudet tuotteet korvaukseksi tuotteista, joissa on rakenteen, materiaalien tai valmistuksen puutteista johtuva virhe.<br><\/li><li>Myyj\u00e4n vastuu koskee vain virheit\u00e4, jotka ilmenev\u00e4t yhden vuoden kuluessa tuotteiden toimitusp\u00e4iv\u00e4st\u00e4.<br><br>Virheilmoitus on teht\u00e4v\u00e4 kirjallisesti ja ilman aiheetonta viiv\u00e4styst\u00e4 virheen ilmetty\u00e4. Muussa tapauksessa ostaja menett\u00e4\u00e4 kohdan 13 mukaisen oikeutensa korvaavaan toimitukseen.<\/li><\/ol>\n\n\n\n<ol class=\"wp-block-list\" start=\"15\"><li>Ellei myyj\u00e4 toimita korvaavia tuotteita kohtuullisessa ajassa ostajan ilmoitettua virheest\u00e4 kohdan 14 mukaisesti, ostajalla on oikeus kirjallisesti ilmoittamalla purkaa sopimus virheellisten tuotteiden osalta.<br><br>Jos ostaja purkaa sopimuksen, h\u00e4nell\u00e4 on oikeus saada myyj\u00e4lt\u00e4 korvaus lis\u00e4kuluista, jotka ostajalle ovat aiheutuneet vastaavien tuotteiden hankkimisesta muualta.<br><\/li><li>Myyj\u00e4ll\u00e4 ei ole muuta vastuuta virheist\u00e4 tai korvaavan toimituksen laiminly\u00f6nnist\u00e4 kuin mit\u00e4 on esitetty kohdissa 13 ja 15. T\u00e4m\u00e4 koskee kaikkia virheest\u00e4 tai laiminly\u00f6nnist\u00e4 mahdollisesti johtuvia vahinkoja, kuten esimerkiksi tuotannonmenetyksi\u00e4,<br>saamatta j\u00e4\u00e4nytt\u00e4 voittoa ja muuta taloudellista seurannaisvahinkoa. Vastuunrajoitusta ei sovelleta myyj\u00e4n syyllistytty\u00e4 t\u00f6rke\u00e4\u00e4n huolimattomuuteen.<\/li><\/ol>\n\n\n\n<h3 class=\"wp-block-heading\"><br>Vastuu toimitetun tuotteen aiheuttamasta esinevahingosta<\/h3>\n\n\n\n<ol class=\"wp-block-list\" start=\"17\"><li>Kun tuote on ostajan hallinnassa, myyj\u00e4 ei vastaa sen aiheuttamasta vahingosta, joka kohdistuu kiinte\u00e4\u00e4n tai irtai meen omaisuuteen tai on t\u00e4llaisen vahingon seuraus.<br><br>Myyj\u00e4n joutuessa vastaamaan kolmannelle aiheutuneesta vahingosta tai tappiosta ostajan on hyvitett\u00e4v\u00e4 myyj\u00e4lle t\u00e4st\u00e4 aiheutunut menetys, jos myyj\u00e4 ensimm\u00e4isen kohdan mukaisesti ei vastaa t\u00e4llaisesta vahingosta tai tappiosta.<br><br>Vastuunrajoitusta ei sovelleta myyj\u00e4n syyllistytty\u00e4 t\u00f6rke\u00e4\u00e4n huolimattomuuteen.<br>Kolmannen osapuolen esitt\u00e4ess\u00e4 ostajalle tai myyj\u00e4lle t\u00e4h\u00e4n kohtaan perustuvan korvausvaatimuksen siit\u00e4 on heti ilmoitettava kirjallisesti toiselle osapuolelle.<br><br>Kumpikin osapuoli on velvollinen saapumaan tuomioistuimeen tai v\u00e4limiesoikeuteen, joka k\u00e4sittelee jompaankumpaan kohdistuvaa ja tuotteen aiheuttamaksi v\u00e4itettyyn vahinkoon tai tappioon perustuvaa korvausvaatimusta. Ostajan ja myyj\u00e4n v\u00e4liset, keskin\u00e4iset erimielisyydet ratkaistaan kuitenkin aina kohdan 20 mukaisesti v\u00e4limiesmenettelyss\u00e4.<\/li><\/ol>\n\n\n\n<h3 class=\"wp-block-heading\"><br>Ylivoimainen este (force majeure)<\/h3>\n\n\n\n<ol class=\"wp-block-list\" start=\"18\"><li>Seuraavia syit\u00e4 pidet\u00e4\u00e4n ylivoimaisina estein\u00e4, jos ne est\u00e4v\u00e4t sopimuksen t\u00e4ytt\u00e4misen tai tekev\u00e4t sen t\u00e4ytt\u00e4misen kohtuuttoman hankalaksi: ty\u00f6selkkaus ja kaikki sellaiset syyt, joihin osapuolet eiv\u00e4t itse voi vaikuttaa, kuten tulipalo, luonnonkatastrofit ja \u00e4\u00e4rimm\u00e4iset luonnontapahtumat,<br>sota, liikekannallepano tai vastaavanlaajuiset sotilaskutsunnat, pakko-otto, takavarikko, kauppaa ja valuuttoja koskevat rajoitukset, kapina ja mellakka, kuljetuskaluston puute,<br>yleinen tavaran niukkuus, energian saannin rajoitukset sek\u00e4 mainituista syist\u00e4 johtuvat alihankkijan toimitusvirheet tai viiv\u00e4stykset.<br><br>Edell\u00e4 mainittuun syyhyn voidaan vedota ylivoimaisena esteen\u00e4 vain, mik\u00e4li sen vaikutusta sopimuksen t\u00e4ytt\u00e4miseen ei ollut mahdollista ennakoida.<\/li><\/ol>\n\n\n\n<ol class=\"wp-block-list\" start=\"19\"><li>Osapuolen, joka haluaa vedota kohdan 18 mukaiseen ylivoimaiseen esteeseen, on ilmoitettava viipym\u00e4tt\u00e4 kirjallisesti toiselle osapuolelle esteen ilmaantumisesta ja p\u00e4\u00e4ttymisest\u00e4. <br><br>Jos ylivoimainen este aiheuttaa sopimuksen t\u00e4ytt\u00e4misen viiv\u00e4stymisen osapuolen osalta ja t\u00e4ll\u00e4 on olennainen merkitys toisen osapuolen kannalta, t\u00e4ll\u00e4 on oikeus purkaa sopimus v\u00e4litt\u00f6m\u00e4sti kirjallisella ilmoituksella. <br><br>Huolimatta siit\u00e4, mit\u00e4 n\u00e4iss\u00e4 sopimusehdoissa muuten on mainittu, osapuoli voi aina purkaa sopimuksen ilmoittamalla siit\u00e4 kirjallisesti, jos sopimuksen t\u00e4ytt\u00e4minen kohdassa 18 mainitun ylivoimaisen esteen vuoksi viiv\u00e4styy yli kolme kuukautta.<\/li><\/ol>\n\n\n\n<h3 class=\"wp-block-heading\"><br>Erimielisyyksien ratkaiseminen ja sovellettava laki<\/h3>\n\n\n\n<ol class=\"wp-block-list\" start=\"20\"><li>Sopimuksesta aiheutuvia erimielisyyksi\u00e4 tai siihen liittyvi\u00e4 kysymyksi\u00e4 ei voida k\u00e4sitell\u00e4 tuomioistuimessa, vaan ne ratkaistaan myyj\u00e4n maan lain mukaisessa v\u00e4limiesmenettelyss\u00e4. Osapuolella on kuitenkin oikeus nostaa kiistattoman saatavan maksua koskeva kanne yleisess\u00e4 tuomioistuimessa.<br><\/li><li>Erimielisyydet ratkaistaan myyj\u00e4n maan lain mukaisesti.<br><br><br><br><\/li><\/ol>\n","protected":false},"excerpt":{"rendered":"<p>Ehtojen soveltaminen N\u00e4it\u00e4 yleisi\u00e4 sopimusehtoja sovelletaan, mik\u00e4li osapuolet ovat siit\u00e4 kirjallisesti tai muulla tavalla sopineet. Ilmaisut \u201dkirjallisesti\u201d tai \u201dkirjallinen\u201d tarkoittavat n\u00e4iss\u00e4 ehdoissa k\u00e4ytettyin\u00e4 osapuolten allekirjoittamaa asiakirjaa,<span class=\"excerpt-hellip\"> [\u2026]<\/span><\/p>\n","protected":false},"author":1,"featured_media":0,"parent":0,"menu_order":0,"comment_status":"closed","ping_status":"closed","template":"","meta":{"footnotes":""},"class_list":["post-2751","page","type-page","status-publish","hentry"],"aioseo_notices":[],"_links":{"self":[{"href":"https:\/\/kari.fi\/fi\/wp-json\/wp\/v2\/pages\/2751","targetHints":{"allow":["GET"]}}],"collection":[{"href":"https:\/\/kari.fi\/fi\/wp-json\/wp\/v2\/pages"}],"about":[{"href":"https:\/\/kari.fi\/fi\/wp-json\/wp\/v2\/types\/page"}],"author":[{"embeddable":true,"href":"https:\/\/kari.fi\/fi\/wp-json\/wp\/v2\/users\/1"}],"replies":[{"embeddable":true,"href":"https:\/\/kari.fi\/fi\/wp-json\/wp\/v2\/comments?post=2751"}],"version-history":[{"count":16,"href":"https:\/\/kari.fi\/fi\/wp-json\/wp\/v2\/pages\/2751\/revisions"}],"predecessor-version":[{"id":2799,"href":"https:\/\/kari.fi\/fi\/wp-json\/wp\/v2\/pages\/2751\/revisions\/2799"}],"wp:attachment":[{"href":"https:\/\/kari.fi\/fi\/wp-json\/wp\/v2\/media?parent=2751"}],"curies":[{"name":"wp","href":"https:\/\/api.w.org\/{rel}","templated":true}]}}