{"id":2797,"date":"2021-04-30T08:28:18","date_gmt":"2021-04-30T05:28:18","guid":{"rendered":"https:\/\/stag.kari.fi\/?page_id=2797"},"modified":"2025-09-10T14:03:43","modified_gmt":"2025-09-10T11:03:43","slug":"palautusehdot","status":"publish","type":"page","link":"https:\/\/kari.fi\/fi\/palautusehdot\/","title":{"rendered":"Palautusehdot"},"content":{"rendered":"\n<p><\/p>\n\n\n\n<p><\/p>\n\n\n\n<p><\/p>\n\n\n\n<p><div style=\"height:40px\"><\/div>\n<p><strong>Kuluttaja voi olla yhteydess\u00e4 palautuksesta s\u00e4hk\u00f6postitse osoitteeseen<\/strong>:&nbsp;<a href=\"mailto:myynti@kari.fi\" target=\"_blank\" rel=\"noreferrer noopener\">myynti@kari.fi<\/a><\/p><\/p>\n\n\n\n<p><strong>Kustannukset, jotka aiheututuvat kuluttajalle palautuksesta<\/strong>:&nbsp;Postikulut<\/p>\n\n\n\n<p><strong>Palautustapauksissa maksunpalautus tehd\u00e4\u00e4n tilauksessa k\u00e4ytetylle maksutavalle&nbsp;30 p\u00e4iv\u00e4n kuluessa palautuksesta<\/strong>.<\/p>\n\n\n\n<p><strong>Palautusehdot: <\/strong>(<a href=\"https:\/\/www.kkv.fi\/Tietoa-ja-ohjeita\/Ostaminen-myyminen-ja-sopimukset\/verkkokauppa-posti-ja-puhelinmyynti-etamyynti\/\" target=\"_blank\" rel=\"noreferrer noopener\">https:\/\/www.kkv.fi\/Tietoa-ja-ohjeita\/Ostaminen-myyminen-ja-sopimukset\/verkkokauppa-posti-ja-puhelinmyynti-etamyynti\/<\/a>&nbsp;).<br><\/p>\n\n\n\n<p><strong>&#8211; Kuluttajalla on  oikeus perua kauppa 14 p\u00e4iv\u00e4n sis\u00e4ll\u00e4 <\/strong>(joitain tuotteita t\u00e4m\u00e4 peruutusoikeus ei koske, tarkista ne t\u00e4\u00e4lt\u00e4)&nbsp;<a href=\"https:\/\/www.kkv.fi\/Tietoa-ja-ohjeita\/Ostaminen-myyminen-ja-sopimukset\/verkkokauppa-posti-ja-puhelinmyynti-etamyynti\/peruutusoikeus-etamyynnissa\/\" target=\"_blank\" rel=\"noreferrer noopener\">https:\/\/www.kkv.fi\/Tietoa-ja-ohjeita\/Ostaminen-myyminen-ja-sopimukset\/verkkokauppa-posti-ja-puhelinmyynti-etamyynti\/peruutusoikeus-etamyynnissa\/<\/a>)<\/p>\n\n\n\n<p><p><strong><br>Lis\u00e4tietoja<\/strong>: Kari-Finn Oy k\u00e4ytt\u00e4\u00e4 NL10 <a href=\"https:\/\/kari.fi\/fi\/yleiset-sopimusehdot\/\">yleisi\u00e4 sopimusehtoja<\/a>. <\/p><div style=\"height:40px\"><\/p>\n\n\n\n<p>&nbsp;<\/p>\n\n\n\n<p><\/p>\n\n\n\n<p><\/p>\n\n\n\n<p><\/p>\n","protected":false},"excerpt":{"rendered":"<p>Kuluttaja voi olla yhteydess\u00e4 palautuksesta s\u00e4hk\u00f6postitse osoitteeseen:&nbsp;myynti@kari.fi Kustannukset, jotka aiheututuvat kuluttajalle palautuksesta:&nbsp;Postikulut Palautustapauksissa maksunpalautus tehd\u00e4\u00e4n tilauksessa k\u00e4ytetylle maksutavalle&nbsp;30 p\u00e4iv\u00e4n kuluessa palautuksesta. Palautusehdot: (https:\/\/www.kkv.fi\/Tietoa-ja-ohjeita\/Ostaminen-myyminen-ja-sopimukset\/verkkokauppa-posti-ja-puhelinmyynti-etamyynti\/&nbsp;). &#8211; Kuluttajalla on<span class=\"excerpt-hellip\"> [\u2026]<\/span><\/p>\n","protected":false},"author":1,"featured_media":0,"parent":0,"menu_order":0,"comment_status":"closed","ping_status":"closed","template":"","meta":{"footnotes":""},"class_list":["post-2797","page","type-page","status-publish","hentry"],"aioseo_notices":[],"_links":{"self":[{"href":"https:\/\/kari.fi\/fi\/wp-json\/wp\/v2\/pages\/2797","targetHints":{"allow":["GET"]}}],"collection":[{"href":"https:\/\/kari.fi\/fi\/wp-json\/wp\/v2\/pages"}],"about":[{"href":"https:\/\/kari.fi\/fi\/wp-json\/wp\/v2\/types\/page"}],"author":[{"embeddable":true,"href":"https:\/\/kari.fi\/fi\/wp-json\/wp\/v2\/users\/1"}],"replies":[{"embeddable":true,"href":"https:\/\/kari.fi\/fi\/wp-json\/wp\/v2\/comments?post=2797"}],"version-history":[{"count":9,"href":"https:\/\/kari.fi\/fi\/wp-json\/wp\/v2\/pages\/2797\/revisions"}],"predecessor-version":[{"id":3326,"href":"https:\/\/kari.fi\/fi\/wp-json\/wp\/v2\/pages\/2797\/revisions\/3326"}],"wp:attachment":[{"href":"https:\/\/kari.fi\/fi\/wp-json\/wp\/v2\/media?parent=2797"}],"curies":[{"name":"wp","href":"https:\/\/api.w.org\/{rel}","templated":true}]}}