{"id":2827,"date":"2021-05-18T12:35:05","date_gmt":"2021-05-18T09:35:05","guid":{"rendered":"https:\/\/stag.kari.fi\/?page_id=2827"},"modified":"2025-09-10T14:03:44","modified_gmt":"2025-09-10T11:03:44","slug":"tietosuojakaytanto","status":"publish","type":"page","link":"https:\/\/kari.fi\/fi\/tietosuojakaytanto\/","title":{"rendered":"Tietosuojak\u00e4yt\u00e4nt\u00f6"},"content":{"rendered":"\n<p>Henkil\u00f6tietolaki (523\/99) 10 \u00a7 Laatimisp\u00e4iv\u00e4 1.3.2020&nbsp;<\/p>\n\n\n\n<p>Rekisterinpit\u00e4j\u00e4: Kari-Finn&nbsp;Oy \/ <strong>Verkkokauppa<\/strong><\/p>\n\n\n\n<p>Y-tunnus: 2221723-5<\/p>\n\n\n\n<p><strong>Koneharjunkatu 1, FI-15850 LAHTI<\/strong><\/p>\n\n\n\n<p>Yhteyshenkil\u00f6: <strong>Michael Aalto&nbsp; <\/strong>&#8211; <a href=\"mailto:info@kari.fi\">info@kari.fi<\/a><\/p>\n\n\n\n<p>Rekisterin nimi<strong> Kari-Finn&nbsp;Oy <\/strong>markkinointirekisteri.&nbsp;<\/p>\n\n\n\n<p><strong>Henkil\u00f6tietojen k\u00e4sittelyn tarkoitus \/ rekisterin k\u00e4ytt\u00f6tarkoitus:&nbsp;<\/strong><\/p>\n\n\n\n<p>Asiakassuhteen yll\u00e4pito ja hoito Tilausten k\u00e4sittely, laskutus ja maksunvalvonta Markkinointi eri muodoissaan Markkina-, mielipide- ja muut tutkimukset P\u00e4\u00e4llekk\u00e4isten tietojen hallinta ja eliminointi&nbsp;<\/p>\n\n\n\n<p>Muu verkkopalveluihin liittyv\u00e4 tarkoitus <strong><strong>Kari-Finn&nbsp;Oy<\/strong><\/strong> ja sen kanssa kulloinkin samaan konserniin kuuluvilla yhti\u00f6ill\u00e4 on lis\u00e4ksi oikeus k\u00e4ytt\u00e4\u00e4 ja luovuttaa rekisteriss\u00e4 olevia tietoja perusteltuja k\u00e4ytt\u00f6tarkoituksia varten (kuten suoramainontaan, suoramarkkinointiin ja mielipide- ja markkinatutkimuksiin) henkil\u00f6tietolain mukaisesti.&nbsp;<\/p>\n\n\n\n<p><strong>Rekisterin tietosis\u00e4lt\u00f6:<\/strong>&nbsp;<\/p>\n\n\n\n<p>Rekisteriin ker\u00e4t\u00e4\u00e4n rekister\u00f6idyist\u00e4 perustietoja, kuten: nimi osoite puhelin s\u00e4hk\u00f6posti ostohistoria ev\u00e4steiden tallentama tieto yrityksen nimi y-tunnus muut mahdolliset tiedot.&nbsp;<\/p>\n\n\n\n<p><strong>Rekisterin s\u00e4\u00e4nn\u00f6nmukaiset tietol\u00e4hteet:<\/strong>&nbsp;<\/p>\n\n\n\n<p>Asiakkaiden itsest\u00e4\u00e4n antamat tiedot ja tarjonnan estot.&nbsp;<\/p>\n\n\n\n<p><strong>S\u00e4\u00e4nn\u00f6nmukaiset tietojen luovutukset:<\/strong>&nbsp;<\/p>\n\n\n\n<p>Ei s\u00e4\u00e4nn\u00f6nmukaisia tietojen luovutuksia kolmansille osapuolille.&nbsp;<\/p>\n\n\n\n<p><strong>Ei tietojen luovutuksia EU:n tai ETA:n ulkopuolelle<\/strong>. Rekisterin suojauksen periaatteet <strong><strong>Kari-Finn&nbsp;Oy<\/strong><\/strong> markkinointirekisterin tiedot on tallennettu rekisterinpit\u00e4j\u00e4n j\u00e4rjestelm\u00e4\u00e4n, joka on suojattu eri k\u00e4ytt\u00f6j\u00e4rjestelmien suojausohjelmistojen avulla.&nbsp;<\/p>\n\n\n\n<p>J\u00e4rjestelm\u00e4\u00e4n sis\u00e4\u00e4np\u00e4\u00e4sy edellytt\u00e4\u00e4 k\u00e4ytt\u00e4j\u00e4tunnuksen ja salasanan sy\u00f6tt\u00e4mist\u00e4. J\u00e4rjestelm\u00e4 on my\u00f6s suojattu tehokkaiden ja nykyp\u00e4iv\u00e4isten teknisten keinojen avulla. J\u00e4rjestelm\u00e4\u00e4n tallennettuihin rekisterin sis\u00e4lt\u00e4miin tietoihin p\u00e4\u00e4sev\u00e4t ja niit\u00e4 ovat oikeutettuja k\u00e4ytt\u00e4m\u00e4\u00e4n vain tietyt, ennalta m\u00e4\u00e4ritellyt rekisterinpit\u00e4j\u00e4n ty\u00f6ntekij\u00e4t. Rekisterin sis\u00e4lt\u00e4m\u00e4t tiedot sijaitsevat lukituissa ja vartioiduissa tiloissa.&nbsp;<\/p>\n\n\n\n<p><strong>Rekister\u00f6idyn kielto-oikeus:<\/strong>&nbsp;<\/p>\n\n\n\n<p>Rekister\u00f6idyll\u00e4 on oikeus kielt\u00e4\u00e4 rekisterinpit\u00e4j\u00e4\u00e4 k\u00e4sittelem\u00e4st\u00e4 h\u00e4nt\u00e4 itse\u00e4\u00e4n koskevia tietoja suoramainontaa, et\u00e4myynti\u00e4 ja muuta suoramarkkinointia sek\u00e4 markkina- ja mielipidetutkimusta samoin kuin henkil\u00f6matrikkelia ja sukututkimusta varten. Kielto tulee tehd\u00e4 kirjallisesti ja osoittaa rekisteriasioista vastaavalle henkil\u00f6ille.&nbsp;<\/p>\n\n\n\n<p><strong>Rekister\u00f6idyn tarkastus-oikeus:<\/strong>&nbsp;<\/p>\n\n\n\n<p>Rekister\u00f6idyll\u00e4 on oikeus tarkastaa rekisteriin tallennetut itse\u00e4\u00e4n koskevat tiedot ja saada niist\u00e4 kopiot. Tarkastuspyynt\u00f6 tulee tehd\u00e4 kirjallisesti ja osoittaa rekisteriasioista vastaavalle henkil\u00f6lle. Tiedon korjaaminen Rekisterinpit\u00e4j\u00e4 oikaisee tai t\u00e4ydent\u00e4\u00e4 rekisteriss\u00e4 olevan, k\u00e4sittelyn tarkoituksen kannalta virheellisen, tarpeettoman, puutteellisen tai vanhentuneen henkil\u00f6tiedon oma-aloitteisesti tai rekister\u00f6idyn vaatimuksesta. Rekister\u00f6idyn tulee ottaa yhteytt\u00e4 rekisterinpit\u00e4j\u00e4n rekisteriasioista vastaavaan henkil\u00f6\u00f6n tiedon korjaamiseksi.<\/p>\n","protected":false},"excerpt":{"rendered":"<p>Henkil\u00f6tietolaki (523\/99) 10 \u00a7 Laatimisp\u00e4iv\u00e4 1.3.2020&nbsp; Rekisterinpit\u00e4j\u00e4: Kari-Finn&nbsp;Oy \/ Verkkokauppa Y-tunnus: 2221723-5 Koneharjunkatu 1, FI-15850 LAHTI Yhteyshenkil\u00f6: Michael Aalto&nbsp; &#8211; info@kari.fi Rekisterin nimi Kari-Finn&nbsp;Oy markkinointirekisteri.&nbsp; Henkil\u00f6tietojen<span class=\"excerpt-hellip\"> [\u2026]<\/span><\/p>\n","protected":false},"author":1,"featured_media":0,"parent":0,"menu_order":0,"comment_status":"closed","ping_status":"closed","template":"","meta":{"footnotes":""},"class_list":["post-2827","page","type-page","status-publish","hentry"],"aioseo_notices":[],"_links":{"self":[{"href":"https:\/\/kari.fi\/fi\/wp-json\/wp\/v2\/pages\/2827","targetHints":{"allow":["GET"]}}],"collection":[{"href":"https:\/\/kari.fi\/fi\/wp-json\/wp\/v2\/pages"}],"about":[{"href":"https:\/\/kari.fi\/fi\/wp-json\/wp\/v2\/types\/page"}],"author":[{"embeddable":true,"href":"https:\/\/kari.fi\/fi\/wp-json\/wp\/v2\/users\/1"}],"replies":[{"embeddable":true,"href":"https:\/\/kari.fi\/fi\/wp-json\/wp\/v2\/comments?post=2827"}],"version-history":[{"count":2,"href":"https:\/\/kari.fi\/fi\/wp-json\/wp\/v2\/pages\/2827\/revisions"}],"predecessor-version":[{"id":2902,"href":"https:\/\/kari.fi\/fi\/wp-json\/wp\/v2\/pages\/2827\/revisions\/2902"}],"wp:attachment":[{"href":"https:\/\/kari.fi\/fi\/wp-json\/wp\/v2\/media?parent=2827"}],"curies":[{"name":"wp","href":"https:\/\/api.w.org\/{rel}","templated":true}]}}