{"id":3464,"date":"2022-02-25T11:05:13","date_gmt":"2022-02-25T09:05:13","guid":{"rendered":"https:\/\/kari.fi\/?page_id=3464"},"modified":"2025-09-10T14:03:44","modified_gmt":"2025-09-10T11:03:44","slug":"remu-pumppuvahti-asiakastarina","status":"publish","type":"page","link":"https:\/\/kari.fi\/fi\/remu-pumppuvahti-asiakastarina\/","title":{"rendered":"REMU PumppuVahti -asiakastarina"},"content":{"rendered":"\n<h2 class=\"wp-block-heading\"><strong>Suomen Pumppaamohuollot Oy<\/strong><\/h2>\n\n\n\n<p>Kiinteist\u00f6nomistaja oli maksanut aiemmin suuria summia sadevesikaivon tarpeettomasta tyhjennyksest\u00e4. Nyt h\u00e4n kyseli h\u00e4lytysj\u00e4rjestelm\u00e4\u00e4 kiinteist\u00f6\u00f6ns\u00e4.<\/p>\n\n\n\n<p>Vanha pintakytkin sadevesikaivossa oli j\u00e4\u00e4nyt jumiin eik\u00e4 en\u00e4\u00e4 toiminut kunnolla. Suomen Pumppaamohuollot Oy otti asiakkaan kiinteist\u00f6\u00f6n k\u00e4ytt\u00f6\u00f6n REMU PumppuVahdin ja asensi sinne kaksi pintakytkint\u00e4, joilla mitataan lattian kosteutta ja sadevesikaivon pinnan korkeutta. Uusi REMU PumppuVahti on toiminut eritt\u00e4in hyvin.<\/p>\n\n\n\n<p>Suomen Pumppaamohuollot Oy suosittelee, ett\u00e4 kiinteist\u00f6jen omistajat antavat ammattilaisen asentaa REMU PumppuVahdin, koska ammattilaisilla on kokemusta ja ymm\u00e4rryst\u00e4 mihin kohtaan pintakytkin ja keskusyksikk\u00f6 kannattaa asentaa. Asennus vaatii my\u00f6s s\u00e4hk\u00f6istyksen, joten viimeist\u00e4\u00e4n siin\u00e4 vaiheessa tarvitaan ammattilaisen apua joka tapauksessa.<\/p>\n\n\n\n<p>REMU PumppuVahti on kuitenkin tarkoitettu nimenomaan yksityisille m\u00f6kkien tai kiinteist\u00f6jen omistajille. REMU on tavalliselle kansalaiselle sopivan hintainen ja edullinen laite.<\/p>\n\n\n\n<p>REMU PumppuVahdin valvontaraportit ja h\u00e4lytykset voivat menn\u00e4 yksityisille kiinteist\u00f6nomistajille, mutta siin\u00e4kin kannattaa harkita valvontapalvelun tilaamista alan ammattilaiselta. Kun h\u00e4lytys tulee ammattilaiselle, niin he pystyv\u00e4t usein l\u00e4htem\u00e4\u00e4n huolto- tai kaivontyhjennysk\u00e4ynnille saman tien ja hoitavat asian kuntoon, ennen kuin kiinteist\u00f6nomistajan tarvitsee huolehtia asiasta.<\/p>\n\n\n\n<p><strong>Lis\u00e4tietoja REMU PumppuVahdin asennuksesta:<\/strong><\/p>\n\n\n\n<p><br><strong>Suomen Pumppaamohuollot Oy<\/strong><\/p>\n\n\n\n<p>puh. +358 50 570 9821<br><a href=\"https:\/\/www.suomenpumppaamohuollot.fi\/\" target=\"_blank\" rel=\"noreferrer noopener\">https:\/\/www.suomenpumppaamohuollot.fi\/<\/a><br><br><strong>REMU PumppuVahti -tuotetietoja:<\/strong><br>puh. +358 3&nbsp;876&nbsp;810<br><a href=\"https:\/\/kari.fi\/fi\/remu-pumppuvahti\/\">https:\/\/kari.fi\/fi\/remu-pumppuvahti\/<\/a><\/p>\n","protected":false},"excerpt":{"rendered":"<p>Suomen Pumppaamohuollot Oy Kiinteist\u00f6nomistaja oli maksanut aiemmin suuria summia sadevesikaivon tarpeettomasta tyhjennyksest\u00e4. Nyt h\u00e4n kyseli h\u00e4lytysj\u00e4rjestelm\u00e4\u00e4 kiinteist\u00f6\u00f6ns\u00e4. Vanha pintakytkin sadevesikaivossa oli j\u00e4\u00e4nyt jumiin eik\u00e4 en\u00e4\u00e4 toiminut<span class=\"excerpt-hellip\"> [\u2026]<\/span><\/p>\n","protected":false},"author":1,"featured_media":0,"parent":0,"menu_order":0,"comment_status":"closed","ping_status":"closed","template":"","meta":{"footnotes":""},"class_list":["post-3464","page","type-page","status-publish","hentry"],"aioseo_notices":[],"_links":{"self":[{"href":"https:\/\/kari.fi\/fi\/wp-json\/wp\/v2\/pages\/3464","targetHints":{"allow":["GET"]}}],"collection":[{"href":"https:\/\/kari.fi\/fi\/wp-json\/wp\/v2\/pages"}],"about":[{"href":"https:\/\/kari.fi\/fi\/wp-json\/wp\/v2\/types\/page"}],"author":[{"embeddable":true,"href":"https:\/\/kari.fi\/fi\/wp-json\/wp\/v2\/users\/1"}],"replies":[{"embeddable":true,"href":"https:\/\/kari.fi\/fi\/wp-json\/wp\/v2\/comments?post=3464"}],"version-history":[{"count":10,"href":"https:\/\/kari.fi\/fi\/wp-json\/wp\/v2\/pages\/3464\/revisions"}],"predecessor-version":[{"id":3475,"href":"https:\/\/kari.fi\/fi\/wp-json\/wp\/v2\/pages\/3464\/revisions\/3475"}],"wp:attachment":[{"href":"https:\/\/kari.fi\/fi\/wp-json\/wp\/v2\/media?parent=3464"}],"curies":[{"name":"wp","href":"https:\/\/api.w.org\/{rel}","templated":true}]}}