{"id":3870,"date":"2024-06-25T14:24:36","date_gmt":"2024-06-25T11:24:36","guid":{"rendered":"https:\/\/kari.fi\/?page_id=3870"},"modified":"2025-09-10T14:03:42","modified_gmt":"2025-09-10T11:03:42","slug":"huolto","status":"publish","type":"page","link":"https:\/\/kari.fi\/fi\/huolto\/","title":{"rendered":"Huolto"},"content":{"rendered":"\n<figure class=\"wp-block-image size-full\"><img loading=\"lazy\" decoding=\"async\" width=\"250\" height=\"100\" src=\"https:\/\/kari.fi\/wp-content\/uploads\/2024\/06\/Suomen-Viemarihuolto-Oy.png\" alt=\"\" class=\"wp-image-3895\" srcset=\"https:\/\/kari.fi\/wp-content\/uploads\/2024\/06\/Suomen-Viemarihuolto-Oy.png 250w, https:\/\/kari.fi\/wp-content\/uploads\/2024\/06\/Suomen-Viemarihuolto-Oy-50x20.png 50w, https:\/\/kari.fi\/wp-content\/uploads\/2024\/06\/Suomen-Viemarihuolto-Oy-150x60.png 150w\" sizes=\"auto, (max-width:767px) 250px, 250px\" \/><figcaption class=\"wp-element-caption\">#image_title<\/figcaption><\/figure>\n\n\n\n<p><\/p>\n\n\n\n<p><\/p>\n\n\n\n<p><a href=\"https:\/\/422ba8b3-f65b-435d-94cc-7bb71dc3e5fd.pipedrive.email\/c\/dkz9j5vo34\/049qpgpjek\/0wyej88042\/3?redirectUrl=http%3A%2F%2Fwww.viemarihuolto.com%2F&amp;hash=su-u3i79CHxvYLzpCwhZ0vpmISJTLDGIkISosvuykSo\" target=\"_blank\" rel=\"noopener\" title=\"\"><strong>Suomen&nbsp;Viem\u00e4rihuolto&nbsp;Oy<\/strong><\/a>&nbsp;on kokonaisvaltainen viem\u00e4rihuoltoalan yritys. Toimipisteemme l\u00f6ytyy Tuusulan Kellokoskelta. Toimimme Etel\u00e4-Suomen alueella.<\/p>\n\n\n\n<p>Toimimme yhdeks\u00e4n kombiauton, kahden kuvausauton, kahden pumppuhuoltoauton ja viiden huoltoauton voimin. K\u00e4yt\u00e4mme ty\u00f6ss\u00e4mme uutta tekniikka ja seuraamme viem\u00e4rialan muuttuvia tarpeita. Henkil\u00f6kuntamme koostuu kahdestakymmenest\u00e4 alan ammattilaisesta.<\/p>\n\n\n\n<p>Taataksemme parhaan mahdollisen palvelun, otamme huomioon asiakkaan tarpeet. Vastaamme uusiin haasteisiin nopeasti ja tehokkaasti. Panostamme henkil\u00f6kuntamme hyvinvointiin, koulutukseen sek\u00e4 uudenaikaiseen ja monipuoliseen kalustoon. &nbsp;<\/p>\n\n\n\n<p>Kuulumme j\u00e4tehuoltorekisteriin ja yritykselt\u00e4mme l\u00f6ytyy liikenneluvat. L\u00f6ydymme my\u00f6s VastuuGroupin Tilaajavastuu\u2013palvelusta.<\/p>\n\n\n\n<p>Ty\u00f6tilaukset numerosta <a href=\"tel:+358400330803\" title=\"\">0400 330\u00a0803<\/a>, palvelemme 24\/7. <br><\/p>\n\n\n\n<p>Lue lis\u00e4\u00e4: <a href=\"http:\/\/www.viemarihuolto.com\">www.viemarihuolto.com<\/a><br>Suomen Viem\u00e4rihuolto Oy<br>Kis\u00e4llintie 6, 04500 Kellokoski<br><a href=\"mailto:info@viemarihuolto.com\">info@viemarihuolto.com<\/a> <br>Y-tunnus 2827639-1<\/p>\n\n\n\n<figure class=\"wp-block-embed is-type-video is-provider-youtube wp-block-embed-youtube wp-embed-aspect-16-9 wp-has-aspect-ratio\"><div class=\"wp-block-embed__wrapper\">\n<iframe loading=\"lazy\" title=\"Suomen Viem\u00e4rihuolto, kokonaisvaltaista viem\u00e4rihuoltoa koko Etel\u00e4-Suomen alueella\" width=\"1220\" height=\"686\" src=\"https:\/\/www.youtube.com\/embed\/H9d7-vd4YPs?feature=oembed\" frameborder=\"0\" allow=\"accelerometer; autoplay; clipboard-write; encrypted-media; gyroscope; picture-in-picture; web-share\" referrerpolicy=\"strict-origin-when-cross-origin\" allowfullscreen><\/iframe>\n<\/div><\/figure>\n\n\n\n<p><\/p>\n\n\n\n<p><\/p>\n\n\n\n<p><\/p>\n","protected":false},"excerpt":{"rendered":"<p>Suomen&nbsp;Viem\u00e4rihuolto&nbsp;Oy&nbsp;on kokonaisvaltainen viem\u00e4rihuoltoalan yritys. Toimipisteemme l\u00f6ytyy Tuusulan Kellokoskelta. Toimimme Etel\u00e4-Suomen alueella. Toimimme yhdeks\u00e4n kombiauton, kahden kuvausauton, kahden pumppuhuoltoauton ja viiden huoltoauton voimin. K\u00e4yt\u00e4mme ty\u00f6ss\u00e4mme uutta tekniikka<span class=\"excerpt-hellip\"> [\u2026]<\/span><\/p>\n","protected":false},"author":1,"featured_media":0,"parent":0,"menu_order":0,"comment_status":"closed","ping_status":"closed","template":"","meta":{"footnotes":""},"class_list":["post-3870","page","type-page","status-publish","hentry"],"aioseo_notices":[],"_links":{"self":[{"href":"https:\/\/kari.fi\/fi\/wp-json\/wp\/v2\/pages\/3870","targetHints":{"allow":["GET"]}}],"collection":[{"href":"https:\/\/kari.fi\/fi\/wp-json\/wp\/v2\/pages"}],"about":[{"href":"https:\/\/kari.fi\/fi\/wp-json\/wp\/v2\/types\/page"}],"author":[{"embeddable":true,"href":"https:\/\/kari.fi\/fi\/wp-json\/wp\/v2\/users\/1"}],"replies":[{"embeddable":true,"href":"https:\/\/kari.fi\/fi\/wp-json\/wp\/v2\/comments?post=3870"}],"version-history":[{"count":10,"href":"https:\/\/kari.fi\/fi\/wp-json\/wp\/v2\/pages\/3870\/revisions"}],"predecessor-version":[{"id":3913,"href":"https:\/\/kari.fi\/fi\/wp-json\/wp\/v2\/pages\/3870\/revisions\/3913"}],"wp:attachment":[{"href":"https:\/\/kari.fi\/fi\/wp-json\/wp\/v2\/media?parent=3870"}],"curies":[{"name":"wp","href":"https:\/\/api.w.org\/{rel}","templated":true}]}}