{"id":1341,"date":"2020-05-08T16:34:25","date_gmt":"2020-05-08T13:34:25","guid":{"rendered":"http:\/\/kari.directmedia.ee\/products\/kari-ms-siilokytkin\/"},"modified":"2021-10-06T10:25:41","modified_gmt":"2021-10-06T07:25:41","slug":"kari-ms-siilokytkin","status":"publish","type":"product","link":"https:\/\/kari.fi\/fi\/tuotteet\/kari-ms-siilokytkin\/","title":{"rendered":"Kari MS -siilokytkin"},"content":{"rendered":"<h3>Kekoontuvien aineiden yl\u00e4pinnan ilmaisin<\/h3>\n<p><strong>Kattavasti erilaisten kekoontuvien aineiden yl\u00e4pinnan hallintaan<\/strong><\/p>\n<p>KARI MS -siilokytkin on suunniteltu yl\u00e4pinnan ilmaisimeksi siiloihin, joihin annostellaan raemaisia ja kekoontuvia raaka-aineita. Sen toiminta perustuu kellukkeen kallistumiseen. Kun siiloon annosteltava raaka-aine saavuttaa kellukkeen ja kallistaa sen noin 25\u00b0 kulmaan, kellukkeen sis\u00e4ll\u00e4 oleva kytkin k\u00e4ynnistyy ja antaa yl\u00e4rajah\u00e4lytyksen. K\u00e4ytett\u00e4ess\u00e4 KARI MS -siilokytkint\u00e4 r\u00e4j\u00e4hdysvaarallisissa tiloissa se tulee kytke\u00e4 Exi-releen avulla.<\/p>\n<h3>Signaali jokaisesta kallistussuunnasta<\/h3>\n<p>KARI MS koostuu kaapelista ja kytkimest\u00e4, joka on tiiviin kellukkeen sis\u00e4ll\u00e4. Se asennetaan riippumaan kaapelin varaan l\u00e4helle siilon annosteluaukkoa. Kun annosteltava aine saavuttaa kellukkeen ja kallistaa sen noin 25\u00b0 kulmaan, kytkin antaa yl\u00e4rajah\u00e4lytyksen. Asennuksessa ei tarvitse huolehtia mihin suuntaan kellukkeen tulisi kallistua, sill\u00e4 KARI MS antaa signaalin jokaisesta kallistussuunnasta.<\/p>\n<h3>Kolme tuotetyyppi\u00e4<\/h3>\n<p>KARI MS on saatavissa kolmella eri s\u00e4hk\u00f6kosketintavalla, mink\u00e4 ansiosta se voidaan kytke\u00e4 aina oikein k\u00e4ytt\u00f6kohteen kosketintavasta riippumatta. KARI MS1 k\u00e4ytt\u00e4\u00e4 sulkeutuvaa (NO) kosketintapaa ja KARI MS2 avautuvaa (NC). KARI MS3 sis\u00e4lt\u00e4\u00e4 vaihtokoskettimen (CO), jonka ansiosta se soveltuu kohteisiin, joissa ei tiedet\u00e4 kosketintapaa.<\/p>\n<h3>Jokainen kytkin testataan ennen k\u00e4ytt\u00f6\u00f6nottoa<\/h3>\n<p>KARI MS -siilokytkimet ovat korkealuokkaisia, tasalaatuisia ja varmatoimisia. Teemme jokaiselle kytkimelle t\u00e4ydellisen toimintatestauksen ennen k\u00e4ytt\u00f6\u00f6nottoa.<\/p>\n<h3>Lataa esite<\/h3>\n<p><a href=\"\/wp-content\/uploads\/2020\/05\/KARI_MS1_MS2.pdf\" target=\"_blank\" rel=\"noopener noreferrer\"><img decoding=\"async\" src=\"\/wp-content\/uploads\/2020\/05\/pdf.jpg\" alt=\"PDF\" \/><\/a><\/p>\n<p><img decoding=\"async\" style=\"width: 33%; float: left;\" src=\"\/wp-content\/uploads\/2020\/05\/ip67.png\" \/><img decoding=\"async\" style=\"width: 33%; float: left;\" src=\"\/wp-content\/uploads\/2020\/05\/ce_logo.png\" \/><img decoding=\"async\" style=\"width: 33%; float: left;\" src=\"\/wp-content\/uploads\/2020\/05\/fimko_logo.png\" \/><\/p>\n","protected":false},"excerpt":{"rendered":"<p>KARI MS -siilokytkin on suunniteltu yl\u00e4pinnan ilmaisimeksi siiloihin, joihin annostellaan raemaisia ja kekoontuvia raaka-aineita. Sen toiminta perustuu kellukkeen kallistumiseen. Kun siiloon annosteltava raaka-aine saavuttaa kellukkeen ja kallistaa sen noin 25\u00b0 kulmaan, kellukkeen sis\u00e4ll\u00e4 oleva kytkin k\u00e4ynnistyy ja antaa yl\u00e4rajah\u00e4lytyksen. K\u00e4ytett\u00e4ess\u00e4 KARI MS -siilokytkint\u00e4 r\u00e4j\u00e4hdysvaarallisissa tiloissa se tulee kytke\u00e4 Exi-releen avulla.<\/p>\n","protected":false},"featured_media":864,"comment_status":"closed","ping_status":"closed","template":"","meta":[],"product_brand":[],"product_cat":[55],"product_tag":[],"class_list":{"0":"post-1341","1":"product","2":"type-product","3":"status-publish","4":"has-post-thumbnail","6":"product_cat-pintakytkimet","8":"first","9":"instock","10":"shipping-taxable","11":"product-type-simple"},"aioseo_notices":[],"_links":{"self":[{"href":"https:\/\/kari.fi\/fi\/wp-json\/wp\/v2\/product\/1341","targetHints":{"allow":["GET"]}}],"collection":[{"href":"https:\/\/kari.fi\/fi\/wp-json\/wp\/v2\/product"}],"about":[{"href":"https:\/\/kari.fi\/fi\/wp-json\/wp\/v2\/types\/product"}],"replies":[{"embeddable":true,"href":"https:\/\/kari.fi\/fi\/wp-json\/wp\/v2\/comments?post=1341"}],"wp:featuredmedia":[{"embeddable":true,"href":"https:\/\/kari.fi\/fi\/wp-json\/wp\/v2\/media\/864"}],"wp:attachment":[{"href":"https:\/\/kari.fi\/fi\/wp-json\/wp\/v2\/media?parent=1341"}],"wp:term":[{"taxonomy":"product_brand","embeddable":true,"href":"https:\/\/kari.fi\/fi\/wp-json\/wp\/v2\/product_brand?post=1341"},{"taxonomy":"product_cat","embeddable":true,"href":"https:\/\/kari.fi\/fi\/wp-json\/wp\/v2\/product_cat?post=1341"},{"taxonomy":"product_tag","embeddable":true,"href":"https:\/\/kari.fi\/fi\/wp-json\/wp\/v2\/product_tag?post=1341"}],"curies":[{"name":"wp","href":"https:\/\/api.w.org\/{rel}","templated":true}]}}