{"id":1348,"date":"2020-05-08T16:24:07","date_gmt":"2020-05-08T13:24:07","guid":{"rendered":"http:\/\/kari.directmedia.ee\/products\/kari-elp-elektrodikytkin\/"},"modified":"2021-10-06T10:22:06","modified_gmt":"2021-10-06T07:22:06","slug":"kari-elp-elektrodikytkin","status":"publish","type":"product","link":"https:\/\/kari.fi\/fi\/tuotteet\/kari-elp-elektrodikytkin\/","title":{"rendered":"KARI ELP -elektrodikytkin"},"content":{"rendered":"<h3>J\u00e4tevesien monipuoliseen hallintaan<\/h3>\n<p><strong>Eritt\u00e4in varmatoiminen saostuvien nesteiden kanssa<\/strong><\/p>\n<p>KARI ELP -j\u00e4rjestelm\u00e4 on j\u00e4tevesipumppaamoihin suunniteltu nestepintojen hallintalaite. Se on eritt\u00e4in varmatoiminen, sill\u00e4 j\u00e4teveden saostumat eiv\u00e4t p\u00e4\u00e4se kosketuksiin nestepinnan muutoksia mittaavan elektrodin kanssa. Kytkent\u00e4tavasta ja elektrodien m\u00e4\u00e4r\u00e4st\u00e4 riippuen KARI ELP sopii monenlaiseen k\u00e4ytt\u00f6\u00f6n, ja sen toimintatasot on helppo asettaa.<\/p>\n<h3>Saostuva neste t\u00e4ysin erossa elektrodista<\/h3>\n<p>KARI ELP -j\u00e4rjestelm\u00e4 on eritt\u00e4in luotettava valinta j\u00e4tevesien ja muiden saostuvien nesteiden hallintaan. Sen nerokkaan rakenteen ja toimintaperiaatteen ansiosta j\u00e4tevesi pysyy t\u00e4ysin erossa elektrodista, jolloin saostumat eiv\u00e4t p\u00e4\u00e4se h\u00e4iritsem\u00e4\u00e4n toimintaa.<\/p>\n<h3>Saatavana pysty- ja vaakamallisena<\/h3>\n<p>KARI ELP -j\u00e4rjestelm\u00e4\u00e4n kuuluu t\u00e4ytetty apunestepussi, elektrodikytkinyksikk\u00f6 KARI EL22 sek\u00e4 siihen liittyv\u00e4 anturisarja. Lis\u00e4ksi tarvitaan tuuman paksuinen RST-putki, joka liitet\u00e4\u00e4n apunestepussiin joko pysty- tai vaakasuoraan. Pystymallia k\u00e4ytet\u00e4\u00e4n, jos pohjalla on paksu lietekerros tai asennus tehd\u00e4\u00e4n hyvin kapeaan kaivoon tai putkeen, johon vaakamalli ei mahdu.<\/p>\n<h3>Apuneste seuraa j\u00e4teveden pinnanvaihteluja<\/h3>\n<p>Pinnan korkeuden mittaus on helppoa, koska elektrodit asetetaan roikkumaan RST-putken sis\u00e4lle halutuille korkeuksille. Kun j\u00e4tevesi nousee, hydrostaattinen paine puristaa apunestepussia ja nostaa apunesteen putkeen. Putkessa apuneste seuraa j\u00e4teveden nousua, kunnes se saavuttaa elektrodin, joka antaa yl\u00e4rajah\u00e4lytyksen.<\/p>\n<h3>Useita toimintoja useille pumpuille samanaikaisesti<\/h3>\n<p>KARI ELP -j\u00e4rjestelm\u00e4\u00e4n voidaan kytke\u00e4 yhdest\u00e4 nelj\u00e4\u00e4n toimintoa, jotka voivat olla joko pumpun ohjauksia tai yl\u00e4-\/alarajah\u00e4lytyksi\u00e4. Kutakin toimintoa varten on oma elektrodinsa, ja ne asetetaan riippumaan halutuille toimintatasoille. Mik\u00e4 parasta, KARI ELP voi ohjata useampaa pumppua samanaikaisesti. Tyypillinen esimerkki on kolmen pumpun ohjaus, jossa pys\u00e4ytykset ja yl\u00e4rajah\u00e4lytykset ovat yhteisi\u00e4, mutta k\u00e4ynnistykset alkavat eri tasoilta.<\/p>\n<h3>Toimintatasot jopa alle sentin tarkkuudella<\/h3>\n<p>KARI ELP on eritt\u00e4in tarkka j\u00e4tevesien hallinta- ja valvontalaite. Sen toimintatasot voidaan m\u00e4\u00e4ritt\u00e4\u00e4 jopa alle sentin tarkkuudella. J\u00e4rjestelm\u00e4n kytkimen\u00e4 toimiva KARI EL22 on SGS Fimkon hyv\u00e4ksym\u00e4. Teemme jokaiselle kytkimelle ja KARI ELP -j\u00e4rjestelm\u00e4lle t\u00e4ydellisen toimintatestauksen ennen toimitusta.<\/p>\n<h3>Lataa esite<\/h3>\n<p><a href=\"\/wp-content\/uploads\/2020\/05\/KariFinn_ELP_print_0418.pdf\" target=\"_blank\" rel=\"noopener noreferrer\"><img decoding=\"async\" src=\"\/wp-content\/uploads\/2020\/05\/pdf.jpg\" alt=\"PDF\" \/><\/a><\/p>\n<p><img decoding=\"async\" style=\"width: 33%; float: left;\" src=\"\/wp-content\/uploads\/2020\/05\/sgs_finland_logo.png\" \/><img decoding=\"async\" style=\"width: 33%; float: left;\" src=\"\/wp-content\/uploads\/2020\/05\/ce_logo.png\" \/><img decoding=\"async\" style=\"width: 33%; float: left;\" src=\"\/wp-content\/uploads\/2020\/05\/suojausluokka_II.png\" \/><\/p>\n","protected":false},"excerpt":{"rendered":"<p>KARI ELP -j\u00e4rjestelm\u00e4 on j\u00e4tevesipumppaamoihin suunniteltu nestepintojen hallintalaite. Se on eritt\u00e4in varmatoiminen, sill\u00e4 j\u00e4teveden saostumat eiv\u00e4t p\u00e4\u00e4se kosketuksiin nestepinnan muutoksia mittaavan elektrodin kanssa. Kytkent\u00e4tavasta ja elektrodien m\u00e4\u00e4r\u00e4st\u00e4 riippuen KARI ELP sopii monenlaiseen k\u00e4ytt\u00f6\u00f6n, ja sen toimintatasot on helppo asettaa.<\/p>\n","protected":false},"featured_media":855,"comment_status":"closed","ping_status":"closed","template":"","meta":[],"product_brand":[],"product_cat":[55],"product_tag":[],"class_list":{"0":"post-1348","1":"product","2":"type-product","3":"status-publish","4":"has-post-thumbnail","6":"product_cat-pintakytkimet","8":"first","9":"instock","10":"shipping-taxable","11":"product-type-simple"},"aioseo_notices":[],"_links":{"self":[{"href":"https:\/\/kari.fi\/fi\/wp-json\/wp\/v2\/product\/1348","targetHints":{"allow":["GET"]}}],"collection":[{"href":"https:\/\/kari.fi\/fi\/wp-json\/wp\/v2\/product"}],"about":[{"href":"https:\/\/kari.fi\/fi\/wp-json\/wp\/v2\/types\/product"}],"replies":[{"embeddable":true,"href":"https:\/\/kari.fi\/fi\/wp-json\/wp\/v2\/comments?post=1348"}],"wp:featuredmedia":[{"embeddable":true,"href":"https:\/\/kari.fi\/fi\/wp-json\/wp\/v2\/media\/855"}],"wp:attachment":[{"href":"https:\/\/kari.fi\/fi\/wp-json\/wp\/v2\/media?parent=1348"}],"wp:term":[{"taxonomy":"product_brand","embeddable":true,"href":"https:\/\/kari.fi\/fi\/wp-json\/wp\/v2\/product_brand?post=1348"},{"taxonomy":"product_cat","embeddable":true,"href":"https:\/\/kari.fi\/fi\/wp-json\/wp\/v2\/product_cat?post=1348"},{"taxonomy":"product_tag","embeddable":true,"href":"https:\/\/kari.fi\/fi\/wp-json\/wp\/v2\/product_tag?post=1348"}],"curies":[{"name":"wp","href":"https:\/\/api.w.org\/{rel}","templated":true}]}}