{"id":1351,"date":"2020-05-08T16:13:27","date_gmt":"2020-05-08T13:13:27","guid":{"rendered":"http:\/\/kari.directmedia.ee\/products\/kari-el22-elektrodikytkin\/"},"modified":"2021-10-06T10:17:31","modified_gmt":"2021-10-06T07:17:31","slug":"kari-el22-elektrodikytkin","status":"publish","type":"product","link":"https:\/\/kari.fi\/fi\/tuotteet\/kari-el22-elektrodikytkin\/","title":{"rendered":"KARI EL22 -elektrodikytkin"},"content":{"rendered":"<h3>S\u00e4hk\u00f6\u00e4 johtavien nesteiden monipuoliseen hallintaan<\/h3>\n<p><strong>Tarkat KARI-anturit mittaavat alle sentin tarkkuudella<\/strong><\/p>\n<p>Kari-Finn tarjoaa eritt\u00e4in tarkasti mittaavia antureita s\u00e4hk\u00f6\u00e4 johtavien nesteiden valvontaan ja hallintaan. Antureistamme l\u00f6ytyy oikea ratkaisu niin kiinteist\u00f6n sis\u00e4tiloihin kuin kaivoihin ja s\u00e4ili\u00f6ihinkin. Kaikkien antureidemme keskusyksikk\u00f6n\u00e4 toimii KARI EL22 -elektrodikytkin, joka mahdollistaa monipuolisen k\u00e4yt\u00f6n. Yl\u00e4- ja alarajah\u00e4lytysten lis\u00e4ksi niit\u00e4 voidaan k\u00e4ytt\u00e4\u00e4 pumpun k\u00e4ynnistys- ja pys\u00e4ytystasojen m\u00e4\u00e4ritt\u00e4miseen halutuilta nestekorkeuksilta.<\/p>\n<h3>Keskusyksikk\u00f6 KARI EL22 -elektrodikytkin<\/h3>\n<p>Antureiden keskusyksikk\u00f6 KARI EL22 on SGS Fimkon hyv\u00e4ksym\u00e4 eritt\u00e4in tarkka hallinta- ja valvontalaite, jonka avulla antureiden toimintatasot voidaan m\u00e4\u00e4ritt\u00e4\u00e4 jopa alle sentin tarkkuudella.<\/p>\n<h3>S\u00e4\u00e4dett\u00e4viss\u00e4 nesteen s\u00e4hk\u00f6njohtavuuden mukaan<\/h3>\n<p>J\u00e4rjestelm\u00e4n k\u00e4ytt\u00f6alue on varsin laaja, sill\u00e4 sen herkkyys voidaan s\u00e4\u00e4t\u00e4\u00e4 nesteen s\u00e4hk\u00f6njohtavuutta vastaavaksi. Anturivalinnasta riippuen KARI EL22 soveltuu monenlaiseen k\u00e4ytt\u00f6\u00f6n, esimerkiksi:<\/p>\n<ul>\n<li>porakaivopumppujen kuivanak\u00e4ynnin estoon<\/li>\n<li>t\u00e4ytt\u00f6- ja tyhjennyspumppujen ohjaukseen<\/li>\n<li>moottori- ja magneettiventtiilien ohjaukseen<\/li>\n<li>yl\u00e4- tai alarajah\u00e4lytt\u00e4j\u00e4ksi<\/li>\n<li>annosteluun<\/li>\n<li>huonetilojen tulvavahdiksi.<\/li>\n<\/ul>\n<h3>Turvallinen ja kest\u00e4v\u00e4<\/h3>\n<p>Mittaus tapahtuu turvallisesti suojaj\u00e4nnitteell\u00e4 (SELV\/PELV). KARI EL22:n erotus sy\u00f6tt\u00f6virrasta on tehty oikosulun kest\u00e4v\u00e4ll\u00e4, suojaerotetulla muuntajalla ja varmistettu koteloratkaisulla, joka ei aiheuta vaaratilannetta, vaikka johdin irtoaisikin. Teemme jokaiselle KARI EL 22 -keskusyksik\u00f6lle t\u00e4ydellisen toimintatestauksen ennen toimitusta.<\/p>\n<h3>Elektrodit k\u00e4ytt\u00f6tarkoituksen mukaan<\/h3>\n<p>KARI EL22:n tyypillisimpi\u00e4 anturikytkent\u00f6j\u00e4 ovat liit\u00e4nt\u00e4kaapelin varassa riippuvat PEL-porakaivoelektrodit ja s\u00e4ili\u00f6l\u00e4piviennill\u00e4 varustetut HIR-tankoelektrodit.<\/p>\n","protected":false},"excerpt":{"rendered":"<p>Kari-Finn tarjoaa eritt\u00e4in tarkasti mittaavia antureita s\u00e4hk\u00f6\u00e4 johtavien nesteiden valvontaan ja hallintaan. Antureistamme l\u00f6ytyy oikea ratkaisu niin kiinteist\u00f6n sis\u00e4tiloihin kuin kaivoihin ja s\u00e4ili\u00f6ihinkin. Kaikkien antureidemme keskusyksikk\u00f6n\u00e4 toimii KARI EL22 -elektrodikytkin, joka mahdollistaa monipuolisen k\u00e4yt\u00f6n. Yl\u00e4- ja alarajah\u00e4lytysten lis\u00e4ksi niit\u00e4 voidaan k\u00e4ytt\u00e4\u00e4 pumpun k\u00e4ynnistys- ja pys\u00e4ytystasojen m\u00e4\u00e4ritt\u00e4miseen halutuilta nestekorkeuksilta.<\/p>\n","protected":false},"featured_media":845,"comment_status":"closed","ping_status":"closed","template":"","meta":[],"product_brand":[],"product_cat":[55],"product_tag":[],"class_list":{"0":"post-1351","1":"product","2":"type-product","3":"status-publish","4":"has-post-thumbnail","6":"product_cat-pintakytkimet","8":"first","9":"instock","10":"shipping-taxable","11":"product-type-simple"},"aioseo_notices":[],"_links":{"self":[{"href":"https:\/\/kari.fi\/fi\/wp-json\/wp\/v2\/product\/1351","targetHints":{"allow":["GET"]}}],"collection":[{"href":"https:\/\/kari.fi\/fi\/wp-json\/wp\/v2\/product"}],"about":[{"href":"https:\/\/kari.fi\/fi\/wp-json\/wp\/v2\/types\/product"}],"replies":[{"embeddable":true,"href":"https:\/\/kari.fi\/fi\/wp-json\/wp\/v2\/comments?post=1351"}],"wp:featuredmedia":[{"embeddable":true,"href":"https:\/\/kari.fi\/fi\/wp-json\/wp\/v2\/media\/845"}],"wp:attachment":[{"href":"https:\/\/kari.fi\/fi\/wp-json\/wp\/v2\/media?parent=1351"}],"wp:term":[{"taxonomy":"product_brand","embeddable":true,"href":"https:\/\/kari.fi\/fi\/wp-json\/wp\/v2\/product_brand?post=1351"},{"taxonomy":"product_cat","embeddable":true,"href":"https:\/\/kari.fi\/fi\/wp-json\/wp\/v2\/product_cat?post=1351"},{"taxonomy":"product_tag","embeddable":true,"href":"https:\/\/kari.fi\/fi\/wp-json\/wp\/v2\/product_tag?post=1351"}],"curies":[{"name":"wp","href":"https:\/\/api.w.org\/{rel}","templated":true}]}}