{"id":1358,"date":"2020-05-06T14:25:22","date_gmt":"2020-05-06T11:25:22","guid":{"rendered":"http:\/\/kari.directmedia.ee\/products\/kari-exi-rele-atex-tiloihin\/"},"modified":"2021-10-06T10:23:04","modified_gmt":"2021-10-06T07:23:04","slug":"kari-exi-rele-atex-tiloihin","status":"publish","type":"product","link":"https:\/\/kari.fi\/fi\/tuotteet\/kari-exi-rele-atex-tiloihin\/","title":{"rendered":"KARI EXI -rele ATEX-tiloihin"},"content":{"rendered":"<h3>Turvallinen rele r\u00e4j\u00e4hdysvaarallisen tilan pintakytkimelle<\/h3>\n<p>KARI Exi -rele on suunniteltu turvalliseksi virranohjaajaksi pintakytkimelle, joka toimii r\u00e4j\u00e4hdysvaarallisessa tilassa kuten \u00f6ljys\u00e4ili\u00f6ss\u00e4. Sen turvallisuus perustuu ns. luonnostaan vaarattomaan virtapiiriin, joka ei pysty vapauttamaan tarpeeksi s\u00e4hk\u00f6energiaa tulenaran aineen sytytt\u00e4miseksi. KARI Exi -rele on keskeisten kansainv\u00e4listen turvallisuusstandardien mukainen ja mahdollistaa pintakytkimen k\u00e4yt\u00f6n useissa ATEX-luokitelluissa tiloissa. Se on helppo asentaa DIN-kiskoon r\u00e4j\u00e4hdysvaarallisen tilan ulkopuolelle.<\/p>\n<p>KARI Exi -rele tarjoaa helpon tavan tehd\u00e4 pintakytkimest\u00e4 ATEX-turvallinen. Rele rajoittaa r\u00e4j\u00e4hdysvaaralliseen tilaan viet\u00e4v\u00e4n energian niin pieneksi, ettei r\u00e4j\u00e4hdysvaaraa ole. Tyypillisesti KARI Exi -relett\u00e4 k\u00e4ytet\u00e4\u00e4n KARI-pintakytkimen mallien C (\u00f8 99 mm) ja M (\u00f8 76 mm) kanssa \u00f6ljys\u00e4ili\u00f6ss\u00e4. Se on my\u00f6s erinomainen vaihtoehto pintakytkimille esimerkiksi kemian ja petrokemian kohteissa.<\/p>\n<h3>Rele ei-r\u00e4j\u00e4hdysvaaralliseen tilaan<\/h3>\n<p>KARI Exi -rele on helppo asentaa DIN-kiskoon r\u00e4j\u00e4hdysvaarallisen tilan ulkopuolelle. Rele on valmistettu laadukkaista komponenteista, mik\u00e4 takaa luotettavan ja pitk\u00e4aikaisen toiminnan. Sit\u00e4 on saatavana yksi- tai kaksikanavaisena k\u00e4ytt\u00f6tarpeen mukaan. Yksikanavainen KARI Exi voidaan kytke\u00e4 esimerkiksi yl\u00e4- tai alarajah\u00e4lytt\u00e4j\u00e4ksi. Kaksikanavaisella releell\u00e4 voidaan ohjata kahta erillist\u00e4 toimintoa.<\/p>\n<h3>Turvalliseen ty\u00f6skentelyyn vaarallisten aineiden kanssa<\/h3>\n<p>Exi-releen luonnostaan vaarattoman virtapiirin ansiosta KARI-pintakytkin soveltuu turvalliseen ty\u00f6skentelyyn my\u00f6s vaarallisten ja r\u00e4j\u00e4hdysherkkien aineiden kanssa.<\/p>\n<p>K\u00e4ytt\u00e4m\u00e4ll\u00e4 KARI Exi-relett\u00e4 KARI-pintakytkin soveltuu turvalliseen ty\u00f6skentelyyn my\u00f6s vaarallisten ja r\u00e4j\u00e4hdysherkkien aineiden kanssa. KARI Exi-rele muodostaa luonnostaan vaarattoman virtapiirin r\u00e4j\u00e4hdysvaaralliseen tilaan. KARI C- ja M-tyypit mahdollistavat Exi-releen k\u00e4yt\u00f6n.<\/p>\n<h3>Lataa esite<\/h3>\n<p><a href=\"\/wp-content\/uploads\/2020\/05\/KariFinn_EXI_RELE_print_0418.pdf\" target=\"_blank\" rel=\"noopener noreferrer\"><img decoding=\"async\" src=\"\/wp-content\/uploads\/2020\/05\/pdf.jpg\" alt=\"PDF\" \/><\/a><\/p>\n<p><img decoding=\"async\" style=\"width: 16%; float: left;\" src=\"\/wp-content\/uploads\/2020\/04\/ex_II_I_G_Ex_ia_Ga_IIC.jpg\" \/><img decoding=\"async\" style=\"width: 16%; float: left;\" src=\"\/wp-content\/uploads\/2020\/04\/ce_logo.jpg\" \/><img decoding=\"async\" style=\"width: 16%; float: left;\" src=\"\/wp-content\/uploads\/2020\/04\/csa.jpg\" \/><img decoding=\"async\" style=\"width: 16%; float: left;\" src=\"\/wp-content\/uploads\/2020\/04\/culus_listed.jpg\" \/><img decoding=\"async\" style=\"width: 16%; float: left;\" src=\"\/wp-content\/uploads\/2020\/04\/fm_approved.jpg\" \/><img decoding=\"async\" style=\"width: 16%; float: left;\" src=\"\/wp-content\/uploads\/2020\/04\/sil_logo.jpg\" \/><\/p>\n","protected":false},"excerpt":{"rendered":"<p>KARI Exi -rele on suunniteltu turvalliseksi virranohjaajaksi pintakytkimelle, joka toimii r\u00e4j\u00e4hdysvaarallisessa tilassa kuten \u00f6ljys\u00e4ili\u00f6ss\u00e4. Sen turvallisuus perustuu ns. luonnostaan vaarattomaan virtapiiriin, joka ei pysty vapauttamaan tarpeeksi s\u00e4hk\u00f6energiaa tulenaran aineen sytytt\u00e4miseksi. KARI Exi -rele on keskeisten kansainv\u00e4listen turvallisuusstandardien mukainen ja mahdollistaa pintakytkimen k\u00e4yt\u00f6n useissa ATEX-luokitelluissa tiloissa. Se on helppo asentaa DIN-kiskoon r\u00e4j\u00e4hdysvaarallisen tilan ulkopuolelle.<\/p>\n","protected":false},"featured_media":646,"comment_status":"closed","ping_status":"closed","template":"","meta":[],"product_brand":[],"product_cat":[56],"product_tag":[],"class_list":{"0":"post-1358","1":"product","2":"type-product","3":"status-publish","4":"has-post-thumbnail","6":"product_cat-atex-tuotteet","8":"first","9":"instock","10":"shipping-taxable","11":"product-type-simple"},"aioseo_notices":[],"_links":{"self":[{"href":"https:\/\/kari.fi\/fi\/wp-json\/wp\/v2\/product\/1358","targetHints":{"allow":["GET"]}}],"collection":[{"href":"https:\/\/kari.fi\/fi\/wp-json\/wp\/v2\/product"}],"about":[{"href":"https:\/\/kari.fi\/fi\/wp-json\/wp\/v2\/types\/product"}],"replies":[{"embeddable":true,"href":"https:\/\/kari.fi\/fi\/wp-json\/wp\/v2\/comments?post=1358"}],"wp:featuredmedia":[{"embeddable":true,"href":"https:\/\/kari.fi\/fi\/wp-json\/wp\/v2\/media\/646"}],"wp:attachment":[{"href":"https:\/\/kari.fi\/fi\/wp-json\/wp\/v2\/media?parent=1358"}],"wp:term":[{"taxonomy":"product_brand","embeddable":true,"href":"https:\/\/kari.fi\/fi\/wp-json\/wp\/v2\/product_brand?post=1358"},{"taxonomy":"product_cat","embeddable":true,"href":"https:\/\/kari.fi\/fi\/wp-json\/wp\/v2\/product_cat?post=1358"},{"taxonomy":"product_tag","embeddable":true,"href":"https:\/\/kari.fi\/fi\/wp-json\/wp\/v2\/product_tag?post=1358"}],"curies":[{"name":"wp","href":"https:\/\/api.w.org\/{rel}","templated":true}]}}