{"id":1365,"date":"2020-05-06T13:33:54","date_gmt":"2020-05-06T10:33:54","guid":{"rendered":"http:\/\/kari.directmedia.ee\/products\/kari-ls90-lamposulake\/"},"modified":"2021-10-06T10:24:46","modified_gmt":"2021-10-06T07:24:46","slug":"kari-ls90-lamposulake","status":"publish","type":"product","link":"https:\/\/kari.fi\/fi\/tuotteet\/kari-ls90-lamposulake\/","title":{"rendered":"KARI LS90 -l\u00e4mp\u00f6sulake"},"content":{"rendered":"<h3>Toimintavarma turvalaite laitteiden suojaukseen<\/h3>\n<p>KARI LS90 -l\u00e4mp\u00f6sulake on toimintavarma turva- ja suojauslaite kohteisiin, joissa l\u00e4mp\u00f6tilan nousu voi aiheuttaa vakavia laiterikkoja ja tulipalovaaran. Tyypillinen esimerkki on \u00f6ljynpoltinlaitos, jossa KARI LS90 asennetaan \u00f6ljypolttimen l\u00e4heisyyteen. Mik\u00e4li l\u00e4mp\u00f6tila nousee yli 90 celsiusasteen, sulakkeessa oleva seosmetalli sulaa ja katkaisee s\u00e4hk\u00f6virran, jolloin \u00f6ljynsy\u00f6tt\u00f6 lakkaa ja h\u00e4lytys k\u00e4ynnistyy. KARI LS90 on eritt\u00e4in luotettava turvalaite, sill\u00e4 sen toiminta perustuu sulamisl\u00e4mp\u00f6\u00f6n ilman h\u00e4iri\u00f6alttiita s\u00e4hk\u00f6antureita tai monimutkaista elektroniikkaa.<\/p>\n<p>KARI LS90:n toimintavarmuus ja ainutlaatuisuus perustuu sulamisl\u00e4mp\u00f6\u00f6n. T\u00e4ll\u00f6in l\u00e4mm\u00f6nnousun tunnistamiseen ei tarvita s\u00e4hk\u00f6antureita tai muuta elektroniikkaa, jotka ovat alttiita menem\u00e4\u00e4n ep\u00e4kuntoon esimerkiksi ukkosella tai muissa s\u00e4hk\u00f6h\u00e4iri\u00f6tilanteissa.<\/p>\n<h3>Virrankatkaisijaksi tai h\u00e4lyttimeksi<\/h3>\n<p>KARI LS90 soveltuu turva- ja suojauslaitteeksi k\u00e4yt\u00e4nn\u00f6ss\u00e4 kaikkiin kohteisiin, joissa l\u00e4mp\u00f6tila ei saa nousta yli 90 celsiusasteen. Se voidaan kytke\u00e4 ymp\u00e4rist\u00f6\u00f6n joko pelk\u00e4ll\u00e4 h\u00e4lytystoiminnolla tai virrankatkaisijaksi laitteeseen, joka vikatilanteessa ei saa ylikuumentua aiheuttaen lis\u00e4\u00e4 laitevaurioita ja mahdollisen tulipalon. T\u00e4llainen vikatilanne voi olla vaikkapa \u00f6ljypolttimen rikkoutunut termostaatti, jolloin \u00f6ljynsy\u00f6tt\u00f6\u00e4 ei kyet\u00e4 s\u00e4\u00e4t\u00e4m\u00e4\u00e4n ja poltin ylikuumenee.<\/p>\n<h3>L\u00e4mmitysj\u00e4rjestelmien turvalaitteeksi<\/h3>\n<p>KARI LS90 toimii luotettavasti niin isoissa kuin pieniss\u00e4 kohteissa. Suurien \u00f6ljypoltinlaitosten sek\u00e4 \u00f6ljyl\u00e4mmitteisten pientalojen lis\u00e4ksi se soveltuu turva- ja suojauslaitteeksi my\u00f6s muille l\u00e4mmitysj\u00e4rjestelmille, esimerkiksi maakaasu- ja pellettij\u00e4rjestelmille.<\/p>\n<h3>Helppo asennus ja sulakkeen vaihto<\/h3>\n<p>KARI LS90 on helppo asentaa ylikuumenemiselta suojattavan laitteen ohjausvirtapiiriin, jolloin se toimii laitteen virranohjaajana ilman v\u00e4limuuntajaa. L\u00e4mp\u00f6tilan noustessa ja seosmetallin sulaessa ohjausvirtapiiri katkeaa ja h\u00e4lytysvirtapiiri laukeaa. Kosketinyksik\u00f6ss\u00e4 on yksi avautuva (NC) ja yksi sulkeutuva (NO) kosketin, joten KARI LS90 voidaan aina kytke\u00e4 kunkin laitteen kosketintavan mukaisesti.<\/p>\n<p>KARI LS 90 asennetaan suojattavan laitteen kuten \u00f6ljypolttimen l\u00e4heisyyteen. Asennuksessa on huomioitava, ett\u00e4 ymp\u00e4rist\u00f6n l\u00e4mp\u00f6tila ei normaalisti nouse yli 40 celsiusasteen, jotta l\u00e4mp\u00f6sulake toimisi pitk\u00e4\u00e4n luotettavasti ja v\u00e4ltytt\u00e4isiin v\u00e4\u00e4rilt\u00e4 h\u00e4lytyksilt\u00e4. Varsinainen sulake on asennettu kytkent\u00e4rasian kanteen, jolloin se on helppo vaihtaa. Varasulakkeita on saatavana erillisin\u00e4 (tyyppi S90).<\/p>\n<h3>Lataa esite<\/h3>\n<p><a href=\"\/wp-content\/uploads\/2020\/05\/KariFinn_Lamposulake_LS90_print_0418.pdf\" target=\"_blank\" rel=\"noopener noreferrer\"><img decoding=\"async\" src=\"\/wp-content\/uploads\/2020\/05\/pdf.jpg\" alt=\"PDF\" \/><\/a><\/p>\n","protected":false},"excerpt":{"rendered":"<p>KARI LS90 -l\u00e4mp\u00f6sulake on toimintavarma turva- ja suojauslaite kohteisiin, joissa l\u00e4mp\u00f6tilan nousu voi aiheuttaa vakavia laiterikkoja ja tulipalovaaran. Tyypillinen esimerkki on \u00f6ljynpoltinlaitos, jossa KARI LS90 asennetaan \u00f6ljypolttimen l\u00e4heisyyteen. Mik\u00e4li l\u00e4mp\u00f6tila nousee yli 90 celsiusasteen, sulakkeessa oleva seosmetalli sulaa ja katkaisee s\u00e4hk\u00f6virran, jolloin \u00f6ljynsy\u00f6tt\u00f6 lakkaa ja h\u00e4lytys k\u00e4ynnistyy. KARI LS90 on eritt\u00e4in luotettava turvalaite, sill\u00e4 sen toiminta perustuu sulamisl\u00e4mp\u00f6\u00f6n ilman h\u00e4iri\u00f6alttiita s\u00e4hk\u00f6antureita tai monimutkaista elektroniikkaa.<\/p>\n","protected":false},"featured_media":603,"comment_status":"closed","ping_status":"closed","template":"","meta":[],"product_brand":[],"product_cat":[60],"product_tag":[],"class_list":{"0":"post-1365","1":"product","2":"type-product","3":"status-publish","4":"has-post-thumbnail","6":"product_cat-lamposulakkeet","8":"first","9":"instock","10":"shipping-taxable","11":"product-type-simple"},"aioseo_notices":[],"_links":{"self":[{"href":"https:\/\/kari.fi\/fi\/wp-json\/wp\/v2\/product\/1365","targetHints":{"allow":["GET"]}}],"collection":[{"href":"https:\/\/kari.fi\/fi\/wp-json\/wp\/v2\/product"}],"about":[{"href":"https:\/\/kari.fi\/fi\/wp-json\/wp\/v2\/types\/product"}],"replies":[{"embeddable":true,"href":"https:\/\/kari.fi\/fi\/wp-json\/wp\/v2\/comments?post=1365"}],"wp:featuredmedia":[{"embeddable":true,"href":"https:\/\/kari.fi\/fi\/wp-json\/wp\/v2\/media\/603"}],"wp:attachment":[{"href":"https:\/\/kari.fi\/fi\/wp-json\/wp\/v2\/media?parent=1365"}],"wp:term":[{"taxonomy":"product_brand","embeddable":true,"href":"https:\/\/kari.fi\/fi\/wp-json\/wp\/v2\/product_brand?post=1365"},{"taxonomy":"product_cat","embeddable":true,"href":"https:\/\/kari.fi\/fi\/wp-json\/wp\/v2\/product_cat?post=1365"},{"taxonomy":"product_tag","embeddable":true,"href":"https:\/\/kari.fi\/fi\/wp-json\/wp\/v2\/product_tag?post=1365"}],"curies":[{"name":"wp","href":"https:\/\/api.w.org\/{rel}","templated":true}]}}