{"id":1368,"date":"2020-05-06T13:28:13","date_gmt":"2020-05-06T10:28:13","guid":{"rendered":"http:\/\/kari.directmedia.ee\/products\/elektrodianturi-kari-pel-kari-el22\/"},"modified":"2021-10-06T10:18:38","modified_gmt":"2021-10-06T07:18:38","slug":"elektrodianturi-kari-pel-kari-el22","status":"publish","type":"product","link":"https:\/\/kari.fi\/fi\/tuotteet\/elektrodianturi-kari-pel-kari-el22\/","title":{"rendered":"Elektrodianturi KARI pel + KARI el22"},"content":{"rendered":"<h3>Erinomainen valinta porakaivoon<\/h3>\n<p>KARI PEL on ohut, liit\u00e4nt\u00e4kaapelin varassa riippuva elektrodi, joka on paras valinta kapeaan tilaan kuten porakaivoon. Se soveltuu nestepintojen monipuoliseen hallintaan esimerkiksi pumpun k\u00e4ynnistys- ja pys\u00e4ytystoiminnoilla.<\/p>\n<p>KARI PEL v\u00e4litt\u00e4\u00e4 tiedon nestetasojen vaihteluista KARI EL22 -kytkimelle, joka ohjaa toimintoja toivotulla tavalla. Esimerkiksi kun halutaan est\u00e4\u00e4 porakaivopumpun kuivanak\u00e4ynti, PEL-elektrodit asennetaan pumpun yl\u00e4puolelle. KARI EL22 pys\u00e4ytt\u00e4\u00e4 pumpun ennen kuivak\u00e4yntimahdollisuutta ja sallii k\u00e4ynnist\u00e4misen, kun pinta on j\u00e4lleen turvallisella tasolla.<\/p>\n<h3>T\u00e4ytt\u00f6- ja tyhjennyspumppujen ohjaukseen<\/h3>\n<p>KARI PEL -elektrodit soveltuvat t\u00e4ytt\u00f6- ja tyhjennyspumppujen ohjaukseen. Pumpun k\u00e4ynnistys- ja pys\u00e4ytystasot on helppo m\u00e4\u00e4ritt\u00e4\u00e4 asettamalla elektrodit niille nestepintojen korkeuksille, joiden yli ja ali nestepinta ei saa nousta ja laskea. T\u00e4ytt\u00f6- ja tyhjennyskytkent\u00f6j\u00e4 on helppo vaihtaa vaihtokoskettimella.<\/p>\n<h3>KARI HSPE \u2013 h\u00e4iri\u00f6suojattu elektrodikaapeli pitkille et\u00e4isyyksille<\/h3>\n<p>Suosittelemme h\u00e4iri\u00f6suojatun KARI HSPE -elektrodikaapelin k\u00e4ytt\u00f6\u00e4 silloin, kun vahvavirtakaapeli ja elektrodijohdin kulkevat rinnakkain syviss\u00e4 porakaivoissa tai muissa kohteissa yli 50 metri\u00e4. H\u00e4iri\u00f6suojaus varmistaa KARI PEL -elektrodin normaalin toiminnan, kun vahvavirtakaapelista ei p\u00e4\u00e4se indusoitumaan j\u00e4nnitett\u00e4 elektrodikaapeliin.<\/p>\n<p><img decoding=\"async\" style=\"float: left; width: 33%;\" src=\"\/wp-content\/uploads\/2020\/05\/sgs_finland_logo.png\" \/><img decoding=\"async\" style=\"float: left; width: 33%;\" src=\"\/wp-content\/uploads\/2020\/05\/ce_logo.png\" \/><img decoding=\"async\" style=\"float: left; width: 33%;\" src=\"\/wp-content\/uploads\/2020\/05\/suojausluokka_II.png\" \/><\/p>\n","protected":false},"excerpt":{"rendered":"<p>KARI PEL on ohut, liit\u00e4nt\u00e4kaapelin varassa riippuva elektrodi, joka on paras valinta kapeaan tilaan kuten porakaivoon. Se soveltuu nestepintojen monipuoliseen hallintaan esimerkiksi pumpun k\u00e4ynnistys- ja pys\u00e4ytystoiminnoilla. KARI PEL v\u00e4litt\u00e4\u00e4 tiedon nestetasojen vaihteluista KARI EL22 -kytkimelle, joka ohjaa toimintoja toivotulla tavalla. Esimerkiksi kun halutaan est\u00e4\u00e4 porakaivopumpun kuivanak\u00e4ynti, PEL-elektrodit asennetaan pumpun yl\u00e4puolelle. KARI EL22 pys\u00e4ytt\u00e4\u00e4 pumpun ennen kuivak\u00e4yntimahdollisuutta ja sallii k\u00e4ynnist\u00e4misen, kun pinta on j\u00e4lleen turvallisella tasolla.<\/p>\n","protected":false},"featured_media":594,"comment_status":"closed","ping_status":"closed","template":"","meta":[],"product_brand":[],"product_cat":[61],"product_tag":[],"class_list":{"0":"post-1368","1":"product","2":"type-product","3":"status-publish","4":"has-post-thumbnail","6":"product_cat-anturit","8":"first","9":"instock","10":"shipping-taxable","11":"product-type-simple"},"aioseo_notices":[],"_links":{"self":[{"href":"https:\/\/kari.fi\/fi\/wp-json\/wp\/v2\/product\/1368","targetHints":{"allow":["GET"]}}],"collection":[{"href":"https:\/\/kari.fi\/fi\/wp-json\/wp\/v2\/product"}],"about":[{"href":"https:\/\/kari.fi\/fi\/wp-json\/wp\/v2\/types\/product"}],"replies":[{"embeddable":true,"href":"https:\/\/kari.fi\/fi\/wp-json\/wp\/v2\/comments?post=1368"}],"wp:featuredmedia":[{"embeddable":true,"href":"https:\/\/kari.fi\/fi\/wp-json\/wp\/v2\/media\/594"}],"wp:attachment":[{"href":"https:\/\/kari.fi\/fi\/wp-json\/wp\/v2\/media?parent=1368"}],"wp:term":[{"taxonomy":"product_brand","embeddable":true,"href":"https:\/\/kari.fi\/fi\/wp-json\/wp\/v2\/product_brand?post=1368"},{"taxonomy":"product_cat","embeddable":true,"href":"https:\/\/kari.fi\/fi\/wp-json\/wp\/v2\/product_cat?post=1368"},{"taxonomy":"product_tag","embeddable":true,"href":"https:\/\/kari.fi\/fi\/wp-json\/wp\/v2\/product_tag?post=1368"}],"curies":[{"name":"wp","href":"https:\/\/api.w.org\/{rel}","templated":true}]}}