{"id":1371,"date":"2020-05-06T13:24:11","date_gmt":"2020-05-06T10:24:11","guid":{"rendered":"http:\/\/kari.directmedia.ee\/products\/lattia-anturi-kari-la2-kari-el22\/"},"modified":"2021-10-06T10:38:10","modified_gmt":"2021-10-06T07:38:10","slug":"lattia-anturi-kari-la2-kari-el22","status":"publish","type":"product","link":"https:\/\/kari.fi\/fi\/tuotteet\/lattia-anturi-kari-la2-kari-el22\/","title":{"rendered":"Lattia-anturi KARI LA2 + KARI EL22"},"content":{"rendered":"<h3>Luotettava kosteus- ja vuotoilmaisin<\/h3>\n<p>KARI LA2 on luotettava, EL22 -elektrodikytkimen kanssa k\u00e4ytett\u00e4v\u00e4 lattia-anturi, joka turvaa kiinteist\u00f6n tuhoisilta ja kalliilta vesivaurioilta. Se tarjoaa vaivattoman ja edullisen tavan mahdollisten nestevuotojen tarkkailuun esimerkiksi astianpesukoneen yhteydess\u00e4. KARI LA2 on eritt\u00e4in helppo asentaa ja se voidaan liitt\u00e4\u00e4 osaksi kiinteist\u00f6n laajempaa huolto- ja turvaj\u00e4rjestelm\u00e4\u00e4.<\/p>\n<h3>Kosteush\u00e4lytin LVI-kohteisiin kotona ja toimistossa<\/h3>\n<p>KARI LA2 -lattia-anturi sopii kaikkiin LVI-kohteisiin, joissa on mahdollisuus nestevuotoihin ja pahimmassa tapauksessa kalliisiin kosteusvaurioihin. Pienen koon ansiosta KARI LA2 mahtuu k\u00e4tev\u00e4sti esimerkiksi keitti\u00f6n alakaappisokkeleihin astianpesukoneen tai lavuaariputkien v\u00e4litt\u00f6m\u00e4\u00e4n l\u00e4heisyyteen. KARI LA2 on toimintavarma ja huoltovapaa laite, joka soveltuu pitk\u00e4aikaiseen kosteusseurantaan useissa eri kohteissa:<\/p>\n<ul>\n<li>pyykinpesukoneen poistoputki<\/li>\n<li>viem\u00e4rit ja lattiakaivot<\/li>\n<li>vesiputkien liitoskohdat<\/li>\n<li>vesimittarit<\/li>\n<li>l\u00e4mminvesivaraajat<\/li>\n<li>vesikiertoisen l\u00e4mmitysj\u00e4rjestelm\u00e4n keskeiset jako- ja liitoskohdat<\/li>\n<\/ul>\n<h3>Asennus lattiapintaan<\/h3>\n<p>KARI LA2 asennetaan lattiapintaan. Joutuessaan kosketuksiin nesteen kanssa anturi antaa tiedon KARI EL22 -keskusyksik\u00f6lle, josta saadaan edelleen esimerkiksi merkkivalo tai h\u00e4lytystieto (esim. KARI KSH3).<\/p>\n<p><img decoding=\"async\" style=\"float: left; width: 33%;\" src=\"\/wp-content\/uploads\/2020\/05\/sgs_finland_logo.png\" \/><img decoding=\"async\" style=\"float: left; width: 33%;\" src=\"\/wp-content\/uploads\/2020\/05\/ce_logo.png\" \/><img decoding=\"async\" style=\"float: left; width: 33%;\" src=\"\/wp-content\/uploads\/2020\/05\/suojausluokka_II.png\" \/><\/p>\n","protected":false},"excerpt":{"rendered":"<p>Luotettava kosteus- ja vuotoilmaisin. KARI LA2 on luotettava, EL22 -elektrodikytkimen kanssa k\u00e4ytett\u00e4v\u00e4 lattia-anturi, joka turvaa kiinteist\u00f6n tuhoisilta ja kalliilta vesivaurioilta. Se tarjoaa vaivattoman ja edullisen tavan mahdollisten nestevuotojen tarkkailuun esimerkiksi astianpesukoneen yhteydess\u00e4. KARI LA2 on eritt\u00e4in helppo asentaa ja se voidaan liitt\u00e4\u00e4 osaksi kiinteist\u00f6n laajempaa huolto- ja turvaj\u00e4rjestelm\u00e4\u00e4.<\/p>\n","protected":false},"featured_media":589,"comment_status":"closed","ping_status":"closed","template":"","meta":[],"product_brand":[],"product_cat":[61],"product_tag":[],"class_list":{"0":"post-1371","1":"product","2":"type-product","3":"status-publish","4":"has-post-thumbnail","6":"product_cat-anturit","8":"first","9":"instock","10":"shipping-taxable","11":"product-type-simple"},"aioseo_notices":[],"_links":{"self":[{"href":"https:\/\/kari.fi\/fi\/wp-json\/wp\/v2\/product\/1371","targetHints":{"allow":["GET"]}}],"collection":[{"href":"https:\/\/kari.fi\/fi\/wp-json\/wp\/v2\/product"}],"about":[{"href":"https:\/\/kari.fi\/fi\/wp-json\/wp\/v2\/types\/product"}],"replies":[{"embeddable":true,"href":"https:\/\/kari.fi\/fi\/wp-json\/wp\/v2\/comments?post=1371"}],"wp:featuredmedia":[{"embeddable":true,"href":"https:\/\/kari.fi\/fi\/wp-json\/wp\/v2\/media\/589"}],"wp:attachment":[{"href":"https:\/\/kari.fi\/fi\/wp-json\/wp\/v2\/media?parent=1371"}],"wp:term":[{"taxonomy":"product_brand","embeddable":true,"href":"https:\/\/kari.fi\/fi\/wp-json\/wp\/v2\/product_brand?post=1371"},{"taxonomy":"product_cat","embeddable":true,"href":"https:\/\/kari.fi\/fi\/wp-json\/wp\/v2\/product_cat?post=1371"},{"taxonomy":"product_tag","embeddable":true,"href":"https:\/\/kari.fi\/fi\/wp-json\/wp\/v2\/product_tag?post=1371"}],"curies":[{"name":"wp","href":"https:\/\/api.w.org\/{rel}","templated":true}]}}