{"id":1374,"date":"2020-05-06T13:08:41","date_gmt":"2020-05-06T10:08:41","guid":{"rendered":"http:\/\/kari.directmedia.ee\/products\/kari-hir-tankoelektrodi-kari-el22\/"},"modified":"2021-10-06T10:23:58","modified_gmt":"2021-10-06T07:23:58","slug":"kari-hir-tankoelektrodi-kari-el22","status":"publish","type":"product","link":"https:\/\/kari.fi\/fi\/tuotteet\/kari-hir-tankoelektrodi-kari-el22\/","title":{"rendered":"KARI HIR -tankoelektrodi + KARI EL22"},"content":{"rendered":"<h3>Virtausalttiiden nesteiden hallintaan<\/h3>\n<p>KARI HIR -tankoelektrodi soveltuu virtauksille alttiiden nesteiden hallintaan. Elektrodin kiinnitystapa on kiinte\u00e4, jolloin se ei p\u00e4\u00e4se lainehtimaan virtauksien mukana.<\/p>\n<p>KARI HIR on saatavissa messinkirunkoisella KARI NS15 s\u00e4ili\u00f6l\u00e4piviennill\u00e4, joka mahdollistaa elektrodin s\u00e4\u00e4dett\u00e4v\u00e4n korkeuden ja jonka avulla h\u00e4lytys- ja toimintatasot voidaan m\u00e4\u00e4ritt\u00e4\u00e4 tarkasti. Lis\u00e4ksi KARI HIR on saatavissa s\u00e4ili\u00f6n sis\u00e4sein\u00e4\u00e4n asennettavalla kiinnitystelineell\u00e4. Tankoelektrodien pituus on valittavissa asennuskohteen mukaan.<\/p>\n<h3>T\u00e4ytt\u00f6- ja tyhjennyspumppujen ohjaukseen<\/h3>\n<p>KARI HIR -tankoelektrodit soveltuvat t\u00e4ytt\u00f6- ja tyhjennyspumppujen ohjaukseen. Pumpun k\u00e4ynnistys- ja pys\u00e4ytystasot on helppo m\u00e4\u00e4ritt\u00e4\u00e4 asettamalla elektrodit niille nestepintojen korkeuksille, joiden yli ja ali nestepinta ei saa nousta ja laskea. T\u00e4ytt\u00f6- ja tyhjennyskytkent\u00f6j\u00e4 on helppo vaihtaa vaihtokoskettimella.<\/p>\n<p><img decoding=\"async\" style=\"float: left; width: 33%;\" src=\"\/wp-content\/uploads\/2020\/05\/sgs_finland_logo.png\" \/><img decoding=\"async\" style=\"float: left; width: 33%;\" src=\"\/wp-content\/uploads\/2020\/05\/ce_logo.png\" \/><img decoding=\"async\" style=\"float: left; width: 33%;\" src=\"\/wp-content\/uploads\/2020\/05\/suojausluokka_II.png\" \/><\/p>\n","protected":false},"excerpt":{"rendered":"<p>KARI HIR -tankoelektrodi soveltuu virtauksille alttiiden nesteiden hallintaan. Elektrodin kiinnitystapa on kiinte\u00e4, jolloin se ei p\u00e4\u00e4se lainehtimaan virtauksien mukana. KARI HIR on saatavissa messinkirunkoisella KARI NS15 s\u00e4ili\u00f6l\u00e4piviennill\u00e4, joka mahdollistaa elektrodin s\u00e4\u00e4dett\u00e4v\u00e4n korkeuden ja jonka avulla h\u00e4lytys- ja toimintatasot voidaan m\u00e4\u00e4ritt\u00e4\u00e4 tarkasti. Lis\u00e4ksi KARI HIR on saatavissa s\u00e4ili\u00f6n sis\u00e4sein\u00e4\u00e4n asennettavalla kiinnitystelineell\u00e4. Tankoelektrodien pituus on valittavissa asennuskohteen mukaan.<\/p>\n","protected":false},"featured_media":567,"comment_status":"closed","ping_status":"closed","template":"","meta":[],"product_brand":[],"product_cat":[61],"product_tag":[],"class_list":{"0":"post-1374","1":"product","2":"type-product","3":"status-publish","4":"has-post-thumbnail","6":"product_cat-anturit","8":"first","9":"instock","10":"shipping-taxable","11":"product-type-simple"},"aioseo_notices":[],"_links":{"self":[{"href":"https:\/\/kari.fi\/fi\/wp-json\/wp\/v2\/product\/1374","targetHints":{"allow":["GET"]}}],"collection":[{"href":"https:\/\/kari.fi\/fi\/wp-json\/wp\/v2\/product"}],"about":[{"href":"https:\/\/kari.fi\/fi\/wp-json\/wp\/v2\/types\/product"}],"replies":[{"embeddable":true,"href":"https:\/\/kari.fi\/fi\/wp-json\/wp\/v2\/comments?post=1374"}],"wp:featuredmedia":[{"embeddable":true,"href":"https:\/\/kari.fi\/fi\/wp-json\/wp\/v2\/media\/567"}],"wp:attachment":[{"href":"https:\/\/kari.fi\/fi\/wp-json\/wp\/v2\/media?parent=1374"}],"wp:term":[{"taxonomy":"product_brand","embeddable":true,"href":"https:\/\/kari.fi\/fi\/wp-json\/wp\/v2\/product_brand?post=1374"},{"taxonomy":"product_cat","embeddable":true,"href":"https:\/\/kari.fi\/fi\/wp-json\/wp\/v2\/product_cat?post=1374"},{"taxonomy":"product_tag","embeddable":true,"href":"https:\/\/kari.fi\/fi\/wp-json\/wp\/v2\/product_tag?post=1374"}],"curies":[{"name":"wp","href":"https:\/\/api.w.org\/{rel}","templated":true}]}}