{"id":1377,"date":"2020-04-24T16:12:36","date_gmt":"2020-04-24T13:12:36","guid":{"rendered":"http:\/\/kari.directmedia.ee\/products\/kari-pkl-moninapaliitin\/"},"modified":"2021-10-06T10:37:01","modified_gmt":"2021-10-06T07:37:01","slug":"kari-pkl-moninapaliitin","status":"publish","type":"product","link":"https:\/\/kari.fi\/fi\/tuotteet\/kari-pkl-moninapaliitin\/","title":{"rendered":"Kari PKL -moninapaliitin"},"content":{"rendered":"<h3>Kustannustehokas ja toimintavarma pumppukaapeliliitin<\/h3>\n<p>KARI PKL on vesitiivis ja toimintavarma uppopumpuille suunniteltu moninapaliitin, joka tuo merkitt\u00e4vi\u00e4 s\u00e4\u00e4st\u00f6j\u00e4 pumpun toistuviin huoltokustannuksiin. KARI PKL:n ansiosta pumppu voidaan irrottaa s\u00e4hk\u00f6verkosta ja kytke\u00e4 uudelleen t\u00e4ysin ilman s\u00e4hk\u00f6alan ammattilaista. KARI PKL on kertainvestointi, jonka hintataso on samaa luokkaa kuin yhden pumpun irrotus ja uudelleen kytkent\u00e4 s\u00e4hk\u00f6ammattilaisen tekem\u00e4n\u00e4.<\/p>\n<h3>Pumppaamoihin, j\u00e4te- ja puhdasvesij\u00e4rjestelmiin jne.<\/h3>\n<p>KARI PKL moninapaliitin tarjoaa suunnittelun helppoutta kaikille, jotka valmistavat tai modernisoivat pumppaamoja sek\u00e4 j\u00e4te- ja puhdasvesij\u00e4rjestelmi\u00e4. Se on my\u00f6s k\u00e4tev\u00e4 vaihtoehto asennusliikkeille ja huoltoyrityksille, joiden palveluihin kuuluvat uppopumppujen huoltosopimukset. Vesitiiviin\u00e4 se toimii moitteettomasti niin suurissa altaissa kuin pieniss\u00e4 kaivoissakin.<\/p>\n<h3>Helppo ja turvallinen asentaa my\u00f6s j\u00e4lkik\u00e4teen<\/h3>\n<p>KARI PKL moninapaliittimet asennetaan s\u00e4hk\u00f6keskuksen ja uppopumpun v\u00e4liseen kaapeliin. Asennus on helppoa ja nopeaa my\u00f6s silloin, kun halutaan korvata pumpun nykyinen s\u00e4hk\u00f6ratkaisu ilman erikoisosaamista. My\u00f6s pumpun huollon j\u00e4lkeinen takaisinkytkent\u00e4 s\u00e4hk\u00f6verkkoon onnistuu aina oikein, sill\u00e4 pumpun py\u00f6rimissuunta ei p\u00e4\u00e4se vaihtumaan.<\/p>\n<h3>Turvallinen ja k\u00e4tev\u00e4 huoltotilanteissa<\/h3>\n<p>Yksinkertaisen ja nopean asennuksen ansiosta KARI PKL moninapaliitin mahdollistaa varapumpun vaivattoman kytkenn\u00e4n p\u00e4\u00e4pumpun ollessa huollossa. N\u00e4in v\u00e4ltyt\u00e4\u00e4n turhilta k\u00e4ytt\u00f6katkoksilta ja varmistetaan pumpun jatkuva toiminta.<br \/>\nKARI PKL moninapaliittimen ansiosta s\u00e4hk\u00f6keskuksen l\u00e4piviennit s\u00e4ilyv\u00e4t avaamattomina, vaikka pumppu irrotetaankin s\u00e4hk\u00f6verkosta. N\u00e4in estet\u00e4\u00e4n kosteuden ja kaasujen p\u00e4\u00e4sy s\u00e4hk\u00f6keskukseen.<\/p>\n<h3>Voimavirtaliitin s\u00e4hk\u00f6laitteiden sadekelik\u00e4ytt\u00f6\u00f6n<\/h3>\n<p>KARI PKL moninapaliitimet soveltuvat pumppujen lis\u00e4ksi kaikille m\u00e4riss\u00e4 olosuhteissa k\u00e4ytett\u00e4ville voimavirtalaitteille sek\u00e4 jatkojohtojen liittimeksi sadekelill\u00e4. Olipa k\u00e4ytt\u00f6tarve mik\u00e4 tahansa, liitint\u00e4 tilattaessa tarvitsee tiet\u00e4\u00e4 vain napaluku (4\u201310) sek\u00e4 kaapelin ulkohalkaisija (9\u201332 mm).<\/p>\n","protected":false},"excerpt":{"rendered":"<p>KARI PKL on vesitiivis ja toimintavarma uppopumpuille suunniteltu\u00a0<strong>moninapaliitin<\/strong>, joka tuo merkitt\u00e4vi\u00e4 s\u00e4\u00e4st\u00f6j\u00e4 pumpun toistuviin huoltokustannuksiin. KARI PKL:n ansiosta pumppu voidaan irrottaa s\u00e4hk\u00f6verkosta ja kytke\u00e4 uudelleen t\u00e4ysin ilman s\u00e4hk\u00f6alan ammattilaista. KARI PKL on kertainvestointi, jonka hintataso on samaa luokkaa kuin yhden pumpun irrotus ja uudelleen kytkent\u00e4 s\u00e4hk\u00f6ammattilaisen tekem\u00e4n\u00e4.<\/p>\n","protected":false},"featured_media":623,"comment_status":"closed","ping_status":"closed","template":"","meta":[],"product_brand":[],"product_cat":[59],"product_tag":[],"class_list":{"0":"post-1377","1":"product","2":"type-product","3":"status-publish","4":"has-post-thumbnail","6":"product_cat-moninapaliittimet","8":"first","9":"instock","10":"shipping-taxable","11":"product-type-simple"},"aioseo_notices":[],"_links":{"self":[{"href":"https:\/\/kari.fi\/fi\/wp-json\/wp\/v2\/product\/1377","targetHints":{"allow":["GET"]}}],"collection":[{"href":"https:\/\/kari.fi\/fi\/wp-json\/wp\/v2\/product"}],"about":[{"href":"https:\/\/kari.fi\/fi\/wp-json\/wp\/v2\/types\/product"}],"replies":[{"embeddable":true,"href":"https:\/\/kari.fi\/fi\/wp-json\/wp\/v2\/comments?post=1377"}],"wp:featuredmedia":[{"embeddable":true,"href":"https:\/\/kari.fi\/fi\/wp-json\/wp\/v2\/media\/623"}],"wp:attachment":[{"href":"https:\/\/kari.fi\/fi\/wp-json\/wp\/v2\/media?parent=1377"}],"wp:term":[{"taxonomy":"product_brand","embeddable":true,"href":"https:\/\/kari.fi\/fi\/wp-json\/wp\/v2\/product_brand?post=1377"},{"taxonomy":"product_cat","embeddable":true,"href":"https:\/\/kari.fi\/fi\/wp-json\/wp\/v2\/product_cat?post=1377"},{"taxonomy":"product_tag","embeddable":true,"href":"https:\/\/kari.fi\/fi\/wp-json\/wp\/v2\/product_tag?post=1377"}],"curies":[{"name":"wp","href":"https:\/\/api.w.org\/{rel}","templated":true}]}}