{"id":1380,"date":"2020-04-24T15:51:44","date_gmt":"2020-04-24T12:51:44","guid":{"rendered":"http:\/\/kari.directmedia.ee\/products\/kari-pintakytkin-3h-3l-3y-3a-3he-3le-3ye-3ae\/"},"modified":"2021-10-06T10:30:08","modified_gmt":"2021-10-06T07:30:08","slug":"kari-pintakytkin-3h-3l-3y-3a-3he-3le-3ye-3ae","status":"publish","type":"product","link":"https:\/\/kari.fi\/fi\/tuotteet\/kari-pintakytkin-3h-3l-3y-3a-3he-3le-3ye-3ae\/","title":{"rendered":"KARI-pintakytkin 3H | 3L | 3Y | 3A | 3HE | 3LE | 3YE | 3AE"},"content":{"rendered":"<h3>Esimerkki 3H-mallin toiminnasta<\/h3>\n<div class=\"sw-desc\"><img decoding=\"async\" src=\"\/wp-content\/uploads\/2020\/04\/alert.png\" alt=\"Alert\" \/><b>H\u00e4lytys<\/b><br \/>\nNeste nousee tarkkailtavalle tasolle.<\/div>\n<div class=\"sw-desc\"><img decoding=\"async\" src=\"\/wp-content\/uploads\/2020\/04\/play-b.png\" alt=\"Play\" \/><b>K\u00e4ynnistys<\/b><br \/>\nNestett\u00e4 paljon. Tyhjennyspumppu k\u00e4ynnistyy.<\/div>\n<div class=\"sw-desc\"><img decoding=\"async\" src=\"\/wp-content\/uploads\/2020\/04\/stop-b.png\" alt=\"Stop\" \/><b>Pys\u00e4ytys<\/b><br \/>\nTyhjennyksen alaraja. Tyhjennyspumppu pys\u00e4htyy.<\/div>\n<h3 class=\"sec-h\">Toiminnot<\/h3>\n<p><b>Tyhjennystoiminnot<\/b><\/p>\n<table class=\"desc-table\">\n<tbody>\n<tr>\n<td>3H<\/td>\n<td>Tyhjennyspumpun ohjaus + yl\u00e4rajah\u00e4lytys. Pumpun ohjaus yhdell\u00e4 kytkinelementill\u00e4.<\/td>\n<\/tr>\n<tr>\n<td>3HE<\/td>\n<td>Tyhjennyspumpun ohjaus + erillinen yl\u00e4rajah\u00e4lytys. Pumpun ohjaus yhdell\u00e4 kytkinelementill\u00e4.<\/td>\n<\/tr>\n<tr>\n<td>3Y<\/td>\n<td>Tyhjennyspumpun ohjaus + yl\u00e4rajah\u00e4lytys. Pumpun ohjaus kahdella kytkinelementill\u00e4.<\/td>\n<\/tr>\n<tr>\n<td>3YE<\/td>\n<td>Tyhjennyspumpun ohjaus + erillinen yl\u00e4rajah\u00e4lytys. Pumpun ohjaus kahdella kytkinelementill\u00e4.<\/td>\n<\/tr>\n<\/tbody>\n<\/table>\n<p><b>T\u00e4ytt\u00f6toiminnot<\/b><\/p>\n<table class=\"desc-table\">\n<tbody>\n<tr>\n<td>3L<\/td>\n<td>T\u00e4ytt\u00f6pumpun ohjaus + alarajah\u00e4lytys. Pumpun ohjaus yhdell\u00e4 kytkinelementill\u00e4.<\/td>\n<\/tr>\n<tr>\n<td>3LE<\/td>\n<td>T\u00e4ytt\u00f6pumpun ohjaus + erillinen alarajah\u00e4lytys. Pumpun ohjaus yhdell\u00e4 kytkinelementill\u00e4.<\/td>\n<\/tr>\n<tr>\n<td>3A<\/td>\n<td>T\u00e4ytt\u00f6pumpun ohjaus + alarajah\u00e4lytys. Pumpun ohjaus kahdella kytkinelementill\u00e4.<\/td>\n<\/tr>\n<tr>\n<td>3AE<\/td>\n<td>T\u00e4ytt\u00f6pumpun ohjaus + erillinen alarajah\u00e4lytys. Pumpun ohjaus kahdella kytkinelementill\u00e4.<\/td>\n<\/tr>\n<\/tbody>\n<\/table>\n","protected":false},"excerpt":{"rendered":"<p>KARI-pintakytkin on tarkoitettu ohjauslaitteeksi tyhjennys- ja t\u00e4ytt\u00f6pumpuille, moottori- ja magneettiventtiileille sek\u00e4 h\u00e4lytyskojeeksi halutusta pinnankorkeudesta. KARI-pintakytkimell\u00e4 on ison kellukkeen (\u00f8 170 mm) ansiosta suuri noste, mik\u00e4 takaa h\u00e4iri\u00f6tt\u00f6m\u00e4n toiminnan vaikeissakin likavesitapauksissa. SGS FIMKO Oy on matalaj\u00e4nnitedirektiivin (LVD) mukaisesti hyv\u00e4ksynyt palamattomissa nesteiss\u00e4 k\u00e4ytett\u00e4v\u00e4t KARI-pintakytkimet 250V:n j\u00e4nnitteelle.<\/p>\n","protected":false},"featured_media":627,"comment_status":"closed","ping_status":"closed","template":"","meta":[],"product_brand":[],"product_cat":[55],"product_tag":[],"class_list":{"0":"post-1380","1":"product","2":"type-product","3":"status-publish","4":"has-post-thumbnail","6":"product_cat-pintakytkimet","8":"first","9":"instock","10":"shipping-taxable","11":"product-type-simple"},"aioseo_notices":[],"_links":{"self":[{"href":"https:\/\/kari.fi\/fi\/wp-json\/wp\/v2\/product\/1380","targetHints":{"allow":["GET"]}}],"collection":[{"href":"https:\/\/kari.fi\/fi\/wp-json\/wp\/v2\/product"}],"about":[{"href":"https:\/\/kari.fi\/fi\/wp-json\/wp\/v2\/types\/product"}],"replies":[{"embeddable":true,"href":"https:\/\/kari.fi\/fi\/wp-json\/wp\/v2\/comments?post=1380"}],"wp:featuredmedia":[{"embeddable":true,"href":"https:\/\/kari.fi\/fi\/wp-json\/wp\/v2\/media\/627"}],"wp:attachment":[{"href":"https:\/\/kari.fi\/fi\/wp-json\/wp\/v2\/media?parent=1380"}],"wp:term":[{"taxonomy":"product_brand","embeddable":true,"href":"https:\/\/kari.fi\/fi\/wp-json\/wp\/v2\/product_brand?post=1380"},{"taxonomy":"product_cat","embeddable":true,"href":"https:\/\/kari.fi\/fi\/wp-json\/wp\/v2\/product_cat?post=1380"},{"taxonomy":"product_tag","embeddable":true,"href":"https:\/\/kari.fi\/fi\/wp-json\/wp\/v2\/product_tag?post=1380"}],"curies":[{"name":"wp","href":"https:\/\/api.w.org\/{rel}","templated":true}]}}