{"id":1389,"date":"2020-05-07T15:46:47","date_gmt":"2020-05-07T12:46:47","guid":{"rendered":"http:\/\/kari.directmedia.ee\/products\/kari-pintakytkin-c1c-c1h-c1l\/"},"modified":"2021-10-06T10:32:00","modified_gmt":"2021-10-06T07:32:00","slug":"kari-pintakytkin-c1c-c1h-c1l","status":"publish","type":"product","link":"https:\/\/kari.fi\/fi\/tuotteet\/kari-pintakytkin-c1c-c1h-c1l\/","title":{"rendered":"KARI-pintakytkin C1C | C1H | C1L"},"content":{"rendered":"<h3>Esimerkki C1H-mallin toiminnasta<\/h3>\n<div class=\"sw-desc\"><img decoding=\"async\" src=\"\/wp-content\/uploads\/2020\/04\/alert.png\" alt=\"Alarm\" \/><b>H\u00e4lytys<\/b><br \/>\nNeste nousee tarkkailtavalle tasolle.<\/div>\n<h3 class=\"sec-h\">Toiminnot<\/h3>\n<table class=\"desc-table\">\n<tbody>\n<tr>\n<td>C1C<\/td>\n<td>Vaihtokytkin<\/td>\n<\/tr>\n<tr>\n<td>C1H<\/td>\n<td>H\u00e4lytys yl\u00e4rajasta<\/td>\n<\/tr>\n<tr>\n<td>C1L<\/td>\n<td>H\u00e4lytys alarajasta<\/td>\n<\/tr>\n<\/tbody>\n<\/table>\n","protected":false},"excerpt":{"rendered":"<p>KARI-pintakytkin on tarkoitettu ohjauslaitteeksi magneettiventtiileille tai h\u00e4lytyskojeeksi halutusta pinnankorkeudesta. SGS FIMKO Oy on matalaj\u00e4nnitedirektiivin (LVD) mukaisesti hyv\u00e4ksynyt palamattomissa nesteiss\u00e4 k\u00e4ytett\u00e4v\u00e4t KARI-pintakytkimet 250V:n j\u00e4nnitteelle.<\/p>\n","protected":false},"featured_media":787,"comment_status":"closed","ping_status":"closed","template":"","meta":[],"product_brand":[],"product_cat":[55],"product_tag":[],"class_list":{"0":"post-1389","1":"product","2":"type-product","3":"status-publish","4":"has-post-thumbnail","6":"product_cat-pintakytkimet","8":"first","9":"instock","10":"shipping-taxable","11":"product-type-simple"},"aioseo_notices":[],"_links":{"self":[{"href":"https:\/\/kari.fi\/fi\/wp-json\/wp\/v2\/product\/1389","targetHints":{"allow":["GET"]}}],"collection":[{"href":"https:\/\/kari.fi\/fi\/wp-json\/wp\/v2\/product"}],"about":[{"href":"https:\/\/kari.fi\/fi\/wp-json\/wp\/v2\/types\/product"}],"replies":[{"embeddable":true,"href":"https:\/\/kari.fi\/fi\/wp-json\/wp\/v2\/comments?post=1389"}],"wp:featuredmedia":[{"embeddable":true,"href":"https:\/\/kari.fi\/fi\/wp-json\/wp\/v2\/media\/787"}],"wp:attachment":[{"href":"https:\/\/kari.fi\/fi\/wp-json\/wp\/v2\/media?parent=1389"}],"wp:term":[{"taxonomy":"product_brand","embeddable":true,"href":"https:\/\/kari.fi\/fi\/wp-json\/wp\/v2\/product_brand?post=1389"},{"taxonomy":"product_cat","embeddable":true,"href":"https:\/\/kari.fi\/fi\/wp-json\/wp\/v2\/product_cat?post=1389"},{"taxonomy":"product_tag","embeddable":true,"href":"https:\/\/kari.fi\/fi\/wp-json\/wp\/v2\/product_tag?post=1389"}],"curies":[{"name":"wp","href":"https:\/\/api.w.org\/{rel}","templated":true}]}}