{"id":1392,"date":"2020-05-07T15:21:52","date_gmt":"2020-05-07T12:21:52","guid":{"rendered":"http:\/\/kari.directmedia.ee\/products\/kari-pintakytkin-4h-4l-4y-4a\/"},"modified":"2021-10-06T10:30:57","modified_gmt":"2021-10-06T07:30:57","slug":"kari-pintakytkin-4h-4l-4y-4a","status":"publish","type":"product","link":"https:\/\/kari.fi\/fi\/tuotteet\/kari-pintakytkin-4h-4l-4y-4a\/","title":{"rendered":"KARI-pintakytkin 4H | 4L | 4Y | 4A"},"content":{"rendered":"<h3>Esimerkki 4H-mallin toiminnasta<\/h3>\n<div class=\"sw-desc\"><img decoding=\"async\" src=\"\/wp-content\/uploads\/2020\/04\/alert.png\" alt=\"Alert\" \/><b>Yl\u00e4h\u00e4lytys<\/b><br \/>\nH\u00e4lytt\u00e4\u00e4 liian korkeasta nestetasosta tai aloittaa venttiilityhjennyksen, esimerkiksi pumpun ollessa ep\u00e4kunnossa.<\/div>\n<div class=\"sw-desc\"><img decoding=\"async\" src=\"\/wp-content\/uploads\/2020\/04\/play-b.png\" alt=\"Play\" \/><b>K\u00e4ynnistys<\/b><br \/>\nNestett\u00e4 paljon. Tyhjennyspumppu k\u00e4ynnistyy.<\/div>\n<div class=\"sw-desc\"><img decoding=\"async\" src=\"\/wp-content\/uploads\/2020\/04\/stop-b.png\" alt=\"Stop\" \/><b>Pys\u00e4ytys<\/b><br \/>\nTyhjennyksen alaraja. Tyhjennyspumppu pys\u00e4htyy.<\/div>\n<div class=\"sw-desc\"><img decoding=\"async\" src=\"\/wp-content\/uploads\/2020\/04\/alert.png\" alt=\"Alert\" \/><b>Alah\u00e4lytys<\/b><br \/>\nH\u00e4lytt\u00e4\u00e4 liian alhaisesta nestetasosta tai aloittaa venttiilit\u00e4yt\u00f6n, esimerkiksi pumpun ollessa ep\u00e4kunnossa.<\/div>\n<h3 class=\"sec-h\">Toiminnot<\/h3>\n<p><b>Tyhjennyspumpun ohjaus<\/b><\/p>\n<table class=\"desc-table\">\n<tbody>\n<tr>\n<td>4H<\/td>\n<td>Pumpun ohjaus yhdell\u00e4 kytkinelementill\u00e4. H\u00e4lytys yl\u00e4- ja alarajasta.<\/td>\n<\/tr>\n<tr>\n<td>4Y<\/td>\n<td>Pumpun ohjaus kahdella kytkinelementill\u00e4. H\u00e4lytys yl\u00e4- ja alarajasta.<\/td>\n<\/tr>\n<\/tbody>\n<\/table>\n<p><b>T\u00e4ytt\u00f6pumpun ohjaus<\/b><\/p>\n<table class=\"desc-table\">\n<tbody>\n<tr>\n<td>4L<\/td>\n<td>Pumpun ohjaus yhdell\u00e4 kytkinelementill\u00e4. H\u00e4lytys yl\u00e4- ja alarajasta.<\/td>\n<\/tr>\n<tr>\n<td>4A<\/td>\n<td>Pumpun ohjaus kahdella kytkinelementill\u00e4. H\u00e4lytys yl\u00e4- ja alarajasta.<\/td>\n<\/tr>\n<\/tbody>\n<\/table>\n","protected":false},"excerpt":{"rendered":"<p>KARI-pintakytkin on tarkoitettu ohjauslaitteeksi tyhjennys- ja t\u00e4ytt\u00f6pumpuille, moottori- ja magneettiventtiileille sek\u00e4 h\u00e4lytyskojeeksi halutusta pinnankorkeudesta. KARI-pintakytkimell\u00e4 on ison kellukkeen (\u00f8 170 mm) ansiosta suuri noste, mik\u00e4 takaa h\u00e4iri\u00f6tt\u00f6m\u00e4n toiminnan vaikeissakin likavesitapauksissa. SGS FIMKO Oy on matalaj\u00e4nnitedirektiivin (LVD) mukaisesti hyv\u00e4ksynyt palamattomissa nesteiss\u00e4 k\u00e4ytett\u00e4v\u00e4t KARI-pintakytkimet 250V:n j\u00e4nnitteelle.<\/p>\n","protected":false},"featured_media":774,"comment_status":"closed","ping_status":"closed","template":"","meta":[],"product_brand":[],"product_cat":[55],"product_tag":[],"class_list":{"0":"post-1392","1":"product","2":"type-product","3":"status-publish","4":"has-post-thumbnail","6":"product_cat-pintakytkimet","8":"first","9":"instock","10":"shipping-taxable","11":"product-type-simple"},"aioseo_notices":[],"_links":{"self":[{"href":"https:\/\/kari.fi\/fi\/wp-json\/wp\/v2\/product\/1392","targetHints":{"allow":["GET"]}}],"collection":[{"href":"https:\/\/kari.fi\/fi\/wp-json\/wp\/v2\/product"}],"about":[{"href":"https:\/\/kari.fi\/fi\/wp-json\/wp\/v2\/types\/product"}],"replies":[{"embeddable":true,"href":"https:\/\/kari.fi\/fi\/wp-json\/wp\/v2\/comments?post=1392"}],"wp:featuredmedia":[{"embeddable":true,"href":"https:\/\/kari.fi\/fi\/wp-json\/wp\/v2\/media\/774"}],"wp:attachment":[{"href":"https:\/\/kari.fi\/fi\/wp-json\/wp\/v2\/media?parent=1392"}],"wp:term":[{"taxonomy":"product_brand","embeddable":true,"href":"https:\/\/kari.fi\/fi\/wp-json\/wp\/v2\/product_brand?post=1392"},{"taxonomy":"product_cat","embeddable":true,"href":"https:\/\/kari.fi\/fi\/wp-json\/wp\/v2\/product_cat?post=1392"},{"taxonomy":"product_tag","embeddable":true,"href":"https:\/\/kari.fi\/fi\/wp-json\/wp\/v2\/product_tag?post=1392"}],"curies":[{"name":"wp","href":"https:\/\/api.w.org\/{rel}","templated":true}]}}