{"id":1395,"date":"2020-05-08T14:42:08","date_gmt":"2020-05-08T11:42:08","guid":{"rendered":"http:\/\/kari.directmedia.ee\/products\/kari-pintakytkin\/"},"modified":"2021-10-06T10:32:52","modified_gmt":"2021-10-06T07:32:52","slug":"kari-pintakytkin-c2h-c2y-c2l-c2a-c2hl","status":"publish","type":"product","link":"https:\/\/kari.fi\/fi\/tuotteet\/kari-pintakytkin-c2h-c2y-c2l-c2a-c2hl\/","title":{"rendered":"KARI-pintakytkin C2H | C2Y | C2L | C2A | C2HL"},"content":{"rendered":"<h3>Esimerkki C2H-mallin toiminnasta<\/h3>\n<div class=\"sw-desc\"><img decoding=\"async\" src=\"\/wp-content\/uploads\/2020\/04\/play-b.png\" alt=\"Play\" \/><b>K\u00e4ynnistys<\/b><br \/>\nNestett\u00e4 paljon. Tyhjennyspumppu k\u00e4ynnistyy.<\/div>\n<div class=\"sw-desc\"><img decoding=\"async\" src=\"\/wp-content\/uploads\/2020\/04\/stop-b.png\" alt=\"Stop\" \/><b>Pys\u00e4ytys<\/b><br \/>\nTyhjennyksen alaraja. Tyhjennyspumppu pys\u00e4htyy.<\/div>\n<h3 class=\"sec-h\">Toiminnot<\/h3>\n<p><b>Tyhjennyspumpun ohjaus<\/b><\/p>\n<table class=\"desc-table\">\n<tbody>\n<tr>\n<td>C2H<\/td>\n<td>Pumpun ohjaus yhdell\u00e4 kytkinelementill\u00e4.<\/td>\n<\/tr>\n<tr>\n<td>C2Y<\/td>\n<td>Pumpun ohjaus kahdella kytkinelementill\u00e4. Vaihtoehtoisesti kaksi yl\u00e4rajah\u00e4lytyst\u00e4.<\/td>\n<\/tr>\n<\/tbody>\n<\/table>\n<p><b>T\u00e4ytt\u00f6pumpun ohjaus<\/b><\/p>\n<table class=\"desc-table\">\n<tbody>\n<tr>\n<td>C2L<\/td>\n<td>Pumpun ohjaus yhdell\u00e4 kytkinelementill\u00e4.<\/td>\n<\/tr>\n<tr>\n<td>C2A<\/td>\n<td>Pumpun ohjaus kahdella kytkinelementill\u00e4. Vaihtoehtoisesti kaksi alarajah\u00e4lytyst\u00e4.<\/td>\n<\/tr>\n<\/tbody>\n<\/table>\n<p><b>H\u00e4lytys<\/b><\/p>\n<table class=\"desc-table\">\n<tbody>\n<tr>\n<td>C2HL<\/td>\n<td>Yl\u00e4- ja alarajah\u00e4lytykset.<\/td>\n<\/tr>\n<\/tbody>\n<\/table>\n","protected":false},"excerpt":{"rendered":"<p>KARI-pintakytkin on tarkoitettu ohjauslaitteeksi tyhjennys- ja t\u00e4ytt\u00f6pumpuille, moottori- ja magneettiventtiileille sek\u00e4 h\u00e4lytyskojeeksi halutusta pinnankorkeudesta. SGS FIMKO Oy on matalaj\u00e4nnitedirektiivin (LVD) mukaisesti hyv\u00e4ksynyt palamattomissa nesteiss\u00e4 k\u00e4ytett\u00e4v\u00e4t KARI-pintakytkimet 250V:n j\u00e4nnitteelle.<\/p>\n","protected":false},"featured_media":800,"comment_status":"closed","ping_status":"closed","template":"","meta":[],"product_brand":[],"product_cat":[55],"product_tag":[],"class_list":{"0":"post-1395","1":"product","2":"type-product","3":"status-publish","4":"has-post-thumbnail","6":"product_cat-pintakytkimet","8":"first","9":"instock","10":"shipping-taxable","11":"product-type-simple"},"aioseo_notices":[],"_links":{"self":[{"href":"https:\/\/kari.fi\/fi\/wp-json\/wp\/v2\/product\/1395","targetHints":{"allow":["GET"]}}],"collection":[{"href":"https:\/\/kari.fi\/fi\/wp-json\/wp\/v2\/product"}],"about":[{"href":"https:\/\/kari.fi\/fi\/wp-json\/wp\/v2\/types\/product"}],"replies":[{"embeddable":true,"href":"https:\/\/kari.fi\/fi\/wp-json\/wp\/v2\/comments?post=1395"}],"wp:featuredmedia":[{"embeddable":true,"href":"https:\/\/kari.fi\/fi\/wp-json\/wp\/v2\/media\/800"}],"wp:attachment":[{"href":"https:\/\/kari.fi\/fi\/wp-json\/wp\/v2\/media?parent=1395"}],"wp:term":[{"taxonomy":"product_brand","embeddable":true,"href":"https:\/\/kari.fi\/fi\/wp-json\/wp\/v2\/product_brand?post=1395"},{"taxonomy":"product_cat","embeddable":true,"href":"https:\/\/kari.fi\/fi\/wp-json\/wp\/v2\/product_cat?post=1395"},{"taxonomy":"product_tag","embeddable":true,"href":"https:\/\/kari.fi\/fi\/wp-json\/wp\/v2\/product_tag?post=1395"}],"curies":[{"name":"wp","href":"https:\/\/api.w.org\/{rel}","templated":true}]}}